{"id":17122,"date":"2026-03-11T14:29:23","date_gmt":"2026-03-11T13:29:23","guid":{"rendered":"https:\/\/www.bifff.net\/product\/obsession-2\/"},"modified":"2026-03-16T13:35:40","modified_gmt":"2026-03-16T12:35:40","slug":"obsession-2","status":"publish","type":"product","link":"https:\/\/www.bifff.net\/nl\/product\/obsession-2\/","title":{"rendered":"OBSESSION"},"content":{"rendered":"<p>Als onverbeterlijke romanticus kan Bear het niet langer verdragen dat hij door zijn collega en jeugdvriendin Nikki naar de \u201cfriend zone\u201d werd verdreven. Wanhopig, en met de dood van zijn kat er nog bij, is Bear tot alles bereid. Zelfs als dat betekent dat hij naar een new age-winkel moet gaan om er een zogenaamd magisch wilgentakje te kopen dat al zijn wensen kan vervullen. Hij heeft natuurlijk maar \u00e9\u00e9n wens: dat Nikki alleen maar oog heeft voor hem, dat ze helemaal gek op hem is, voor altijd&#8230; Na slechts \u00e9\u00e9n vertoning werd deze indie al voor 15 miljoen dollar opgepikt. Want OBSESSION is een absolute juweeltje. Het is een masterclass van het beste wat de genrefilm te bieden heeft, met een meesterlijk scenario, de perfecte balans tussen zwarte humor en horror die zonder waarschuwing toeslaat. Kortom, en zonder enige ironie, een wens die uitkomt voor zelfs de meest doorgewinterde genreliefhebber!<\/p>\n","protected":false},"excerpt":{"rendered":"<p>Als onverbeterlijke romanticus kan Bear het niet langer verdragen dat hij door zijn collega en jeugdvriendin Nikki naar de \u201cfriend zone\u201d werd verdreven. Wanhopig, en met de dood van zijn kat er nog bij, is Bear tot alles bereid. Zelfs als dat betekent dat hij naar een new age-winkel moet gaan om er een zogenaamd [&#8230;]\n","protected":false},"featured_media":17511,"template":"","meta":{"om_disable_all_campaigns":false,"_monsterinsights_skip_tracking":false,"_monsterinsights_sitenote_active":false,"_monsterinsights_sitenote_note":"","_monsterinsights_sitenote_category":0},"product_brand":[],"product_cat":[100],"product_tag":[],"country":[721],"competition":[514],"genre":[505,642],"section":[],"class_list":{"0":"post-17122","1":"product","2":"type-product","3":"status-publish","4":"has-post-thumbnail","6":"product_cat-langspeelfilms","7":"country-usa-nl","8":"competition-none-nl","9":"genre-black-comedy-nl","10":"genre-mystery","12":"first","13":"instock","14":"shipping-taxable","15":"purchasable","16":"product-type-simple"},"acf":[],"aioseo_notices":[],"_links":{"self":[{"href":"https:\/\/www.bifff.net\/nl\/wp-json\/wp\/v2\/product\/17122","targetHints":{"allow":["GET"]}}],"collection":[{"href":"https:\/\/www.bifff.net\/nl\/wp-json\/wp\/v2\/product"}],"about":[{"href":"https:\/\/www.bifff.net\/nl\/wp-json\/wp\/v2\/types\/product"}],"wp:featuredmedia":[{"embeddable":true,"href":"https:\/\/www.bifff.net\/nl\/wp-json\/wp\/v2\/media\/17511"}],"wp:attachment":[{"href":"https:\/\/www.bifff.net\/nl\/wp-json\/wp\/v2\/media?parent=17122"}],"wp:term":[{"taxonomy":"product_brand","embeddable":true,"href":"https:\/\/www.bifff.net\/nl\/wp-json\/wp\/v2\/product_brand?post=17122"},{"taxonomy":"product_cat","embeddable":true,"href":"https:\/\/www.bifff.net\/nl\/wp-json\/wp\/v2\/product_cat?post=17122"},{"taxonomy":"product_tag","embeddable":true,"href":"https:\/\/www.bifff.net\/nl\/wp-json\/wp\/v2\/product_tag?post=17122"},{"taxonomy":"country","embeddable":true,"href":"https:\/\/www.bifff.net\/nl\/wp-json\/wp\/v2\/country?post=17122"},{"taxonomy":"competition","embeddable":true,"href":"https:\/\/www.bifff.net\/nl\/wp-json\/wp\/v2\/competition?post=17122"},{"taxonomy":"genre","embeddable":true,"href":"https:\/\/www.bifff.net\/nl\/wp-json\/wp\/v2\/genre?post=17122"},{"taxonomy":"section","embeddable":true,"href":"https:\/\/www.bifff.net\/nl\/wp-json\/wp\/v2\/section?post=17122"}],"curies":[{"name":"wp","href":"https:\/\/api.w.org\/{rel}","templated":true}]}}