{"id":17116,"date":"2026-03-11T14:29:19","date_gmt":"2026-03-11T13:29:19","guid":{"rendered":"https:\/\/www.bifff.net\/product\/friday-the-69th-2\/"},"modified":"2026-03-16T13:35:47","modified_gmt":"2026-03-16T12:35:47","slug":"friday-the-69th-2","status":"publish","type":"product","link":"https:\/\/www.bifff.net\/nl\/product\/friday-the-69th-2\/","title":{"rendered":"FRIDAY THE 69TH"},"content":{"rendered":"<p>Begin jaren 80, de topjaren van de B tot Z-slashers die hopen poen binnenrijven. Michael, de grote baas van een pornofilmploeg, ruikt geld en stelt zijn crew voor om zich in stukken te laten hakken in een slasher die hij zelf heeft geschreven. De plot: studenten op spring break in een zomerkamp vallen ten prooi aan een bloed-\u00e9n wraakzuchtige mysterieuze imker. Het is allesbehalve Shakespeare en er valt geen penetratie te bespeuren in de eerste vijf minuten, maar er moeten dialogen worden geleerd. Met andere woorden, de acteurs zullen nieuwe functies voor hun mondspieren ontdekken. Alex Montilla, groot liefhebber van low-budget B-movies, schotelt ons een op maat gemaakt eerbetoon voor, gefilmd in hetzelfde huis waar THE TEXAS CHAIN SAW MASSACRE werd opgenomen. Gore, splatter, fun, vintage po\u00ebzie en onbeschaamde onnozelheid \u00e0 volont\u00e9!<\/p>\n","protected":false},"excerpt":{"rendered":"<p>Begin jaren 80, de topjaren van de B tot Z-slashers die hopen poen binnenrijven. Michael, de grote baas van een pornofilmploeg, ruikt geld en stelt zijn crew voor om zich in stukken te laten hakken in een slasher die hij zelf heeft geschreven. De plot: studenten op spring break in een zomerkamp vallen ten prooi [&#8230;]\n","protected":false},"featured_media":17496,"template":"","meta":{"om_disable_all_campaigns":false,"_monsterinsights_skip_tracking":false,"_monsterinsights_sitenote_active":false,"_monsterinsights_sitenote_note":"","_monsterinsights_sitenote_category":0},"product_brand":[],"product_cat":[100],"product_tag":[],"country":[721],"competition":[514],"genre":[943,1011,1407],"section":[],"class_list":{"0":"post-17116","1":"product","2":"type-product","3":"status-publish","4":"has-post-thumbnail","6":"product_cat-langspeelfilms","7":"country-usa-nl","8":"competition-none-nl","9":"genre-comedy-nl","10":"genre-parody-nl","11":"genre-slasher-nl","13":"first","14":"instock","15":"shipping-taxable","16":"purchasable","17":"product-type-simple"},"acf":[],"aioseo_notices":[],"_links":{"self":[{"href":"https:\/\/www.bifff.net\/nl\/wp-json\/wp\/v2\/product\/17116","targetHints":{"allow":["GET"]}}],"collection":[{"href":"https:\/\/www.bifff.net\/nl\/wp-json\/wp\/v2\/product"}],"about":[{"href":"https:\/\/www.bifff.net\/nl\/wp-json\/wp\/v2\/types\/product"}],"wp:featuredmedia":[{"embeddable":true,"href":"https:\/\/www.bifff.net\/nl\/wp-json\/wp\/v2\/media\/17496"}],"wp:attachment":[{"href":"https:\/\/www.bifff.net\/nl\/wp-json\/wp\/v2\/media?parent=17116"}],"wp:term":[{"taxonomy":"product_brand","embeddable":true,"href":"https:\/\/www.bifff.net\/nl\/wp-json\/wp\/v2\/product_brand?post=17116"},{"taxonomy":"product_cat","embeddable":true,"href":"https:\/\/www.bifff.net\/nl\/wp-json\/wp\/v2\/product_cat?post=17116"},{"taxonomy":"product_tag","embeddable":true,"href":"https:\/\/www.bifff.net\/nl\/wp-json\/wp\/v2\/product_tag?post=17116"},{"taxonomy":"country","embeddable":true,"href":"https:\/\/www.bifff.net\/nl\/wp-json\/wp\/v2\/country?post=17116"},{"taxonomy":"competition","embeddable":true,"href":"https:\/\/www.bifff.net\/nl\/wp-json\/wp\/v2\/competition?post=17116"},{"taxonomy":"genre","embeddable":true,"href":"https:\/\/www.bifff.net\/nl\/wp-json\/wp\/v2\/genre?post=17116"},{"taxonomy":"section","embeddable":true,"href":"https:\/\/www.bifff.net\/nl\/wp-json\/wp\/v2\/section?post=17116"}],"curies":[{"name":"wp","href":"https:\/\/api.w.org\/{rel}","templated":true}]}}