{"id":17069,"date":"2026-03-11T14:28:32","date_gmt":"2026-03-11T13:28:32","guid":{"rendered":"https:\/\/www.bifff.net\/product\/red-mask-2\/"},"modified":"2026-03-18T13:11:11","modified_gmt":"2026-03-18T12:11:11","slug":"red-mask-2","status":"publish","type":"product","link":"https:\/\/www.bifff.net\/nl\/product\/red-mask-2\/","title":{"rendered":"THE RED MASK"},"content":{"rendered":"<p>Wat gebeurt er wanneer je een beloftevolle zwarte lesbische scenariste aanneemt om de legendarische horrorfranchise THE RED MASK nieuw leven in te blazen? Juist, het internet ontploft in een zure wolk van vuige opmerkingen en nauwelijks verholen bedreigingen. Allina laadt dan ook prompt de auto in, en rijdt richting afgelegen chalet in het diepst van het woud. Daar hoopt ze, samen met haar vriendin Deetz, frisse lucht, rust \u00e9n inspiratie op te doen. Wanneer op een berekoude avond een koppel onverwacht op de stoep verschijnt, twijfelt Allina toch een beetje of ze deur wel van het slot zal doen\u2026 In THE RED MASK neemt regisseur Ritesh Gupta ons mee op een dolle rit langs alle, maar dan ook \u00e0lle klassieke ingredi\u00ebnten van het slasher genre zonder ook maar \u00e9\u00e9n open deur in te trappen. Een straffe prestatie.<\/p>\n","protected":false},"excerpt":{"rendered":"<p>Wat gebeurt er wanneer je een beloftevolle zwarte lesbische scenariste aanneemt om de legendarische horrorfranchise THE RED MASK nieuw leven in te blazen? Juist, het internet ontploft in een zure wolk van vuige opmerkingen en nauwelijks verholen bedreigingen. Allina laadt dan ook prompt de auto in, en rijdt richting afgelegen chalet in het diepst van [&#8230;]\n","protected":false},"featured_media":17346,"template":"","meta":{"om_disable_all_campaigns":false,"_monsterinsights_skip_tracking":false,"_monsterinsights_sitenote_active":false,"_monsterinsights_sitenote_note":"","_monsterinsights_sitenote_category":0},"product_brand":[],"product_cat":[100],"product_tag":[],"country":[721],"competition":[536],"genre":[505,1407,539],"section":[],"class_list":{"0":"post-17069","1":"product","2":"type-product","3":"status-publish","4":"has-post-thumbnail","6":"product_cat-langspeelfilms","7":"country-usa-nl","8":"competition-international-nl","9":"genre-black-comedy-nl","10":"genre-slasher-nl","11":"genre-thriller-nl","13":"first","14":"instock","15":"shipping-taxable","16":"purchasable","17":"product-type-simple"},"acf":[],"aioseo_notices":[],"_links":{"self":[{"href":"https:\/\/www.bifff.net\/nl\/wp-json\/wp\/v2\/product\/17069","targetHints":{"allow":["GET"]}}],"collection":[{"href":"https:\/\/www.bifff.net\/nl\/wp-json\/wp\/v2\/product"}],"about":[{"href":"https:\/\/www.bifff.net\/nl\/wp-json\/wp\/v2\/types\/product"}],"wp:featuredmedia":[{"embeddable":true,"href":"https:\/\/www.bifff.net\/nl\/wp-json\/wp\/v2\/media\/17346"}],"wp:attachment":[{"href":"https:\/\/www.bifff.net\/nl\/wp-json\/wp\/v2\/media?parent=17069"}],"wp:term":[{"taxonomy":"product_brand","embeddable":true,"href":"https:\/\/www.bifff.net\/nl\/wp-json\/wp\/v2\/product_brand?post=17069"},{"taxonomy":"product_cat","embeddable":true,"href":"https:\/\/www.bifff.net\/nl\/wp-json\/wp\/v2\/product_cat?post=17069"},{"taxonomy":"product_tag","embeddable":true,"href":"https:\/\/www.bifff.net\/nl\/wp-json\/wp\/v2\/product_tag?post=17069"},{"taxonomy":"country","embeddable":true,"href":"https:\/\/www.bifff.net\/nl\/wp-json\/wp\/v2\/country?post=17069"},{"taxonomy":"competition","embeddable":true,"href":"https:\/\/www.bifff.net\/nl\/wp-json\/wp\/v2\/competition?post=17069"},{"taxonomy":"genre","embeddable":true,"href":"https:\/\/www.bifff.net\/nl\/wp-json\/wp\/v2\/genre?post=17069"},{"taxonomy":"section","embeddable":true,"href":"https:\/\/www.bifff.net\/nl\/wp-json\/wp\/v2\/section?post=17069"}],"curies":[{"name":"wp","href":"https:\/\/api.w.org\/{rel}","templated":true}]}}