{"id":16547,"date":"2026-02-19T14:52:02","date_gmt":"2026-02-19T13:52:02","guid":{"rendered":"https:\/\/www.bifff.net\/sell-your-soul-to-the-bifff\/"},"modified":"2026-03-04T16:12:39","modified_gmt":"2026-03-04T15:12:39","slug":"sell-your-soul-to-the-bifff","status":"publish","type":"page","link":"https:\/\/www.bifff.net\/nl\/sell-your-soul-to-the-bifff\/","title":{"rendered":"Sell your soul to the BIFFF!"},"content":{"rendered":"\n<p><\/p>\n\n\n\n\n\n<form method=\"post\" action=\"https:\/\/newsletter.infomaniak.com\/external\/submit\" class=\"inf-form\"><input type=\"email\" name=\"email\" style=\"display:none\" \/><input type=\"hidden\" name=\"key\" value=\"eyJpdiI6ImJcL2NWcjlsaFMzS3lkeXVVdkhEd2E1bWEwV1NuUmlcL1NBWmlxeGFMSFwvT1k9IiwibWFjIjoiNjMyNTFlYjUxODkwMGZiZDA1MzljYmVkMDIyNDVhYTBhNzI4NThkY2U3YTM4OGQwYmFjYjNmYzgzYjRjZTMzMiIsInZhbHVlIjoiNUZkdUdPSVQ5YysrVmJYc3dxNFNIdThROEt5eVdzbFBPSDM2QU96cU16Zz0ifQ==\"><input type=\"hidden\" name=\"webform_id\" value=\"23379\"><style> .inf-main_fec9ebe81dc34da06ac1f4eff8c8f130{ background-color:#f5f5f5; padding:25px 20px; margin:25px auto; } .inf-main_fec9ebe81dc34da06ac1f4eff8c8f130 .inf-content { margin-top:13px;} .inf-main_fec9ebe81dc34da06ac1f4eff8c8f130 h4, .inf-main_fec9ebe81dc34da06ac1f4eff8c8f130 span, .inf-main_fec9ebe81dc34da06ac1f4eff8c8f130 label, .inf-main_fec9ebe81dc34da06ac1f4eff8c8f130 input, .inf-main_fec9ebe81dc34da06ac1f4eff8c8f130 .inf-submit, .inf-main_fec9ebe81dc34da06ac1f4eff8c8f130 .inf-success p a { color:#555555; font-size:14px; } .inf-main_fec9ebe81dc34da06ac1f4eff8c8f130 h4{ font-size:18px; margin:0px 0px 13px 0px; } .inf-main_fec9ebe81dc34da06ac1f4eff8c8f130 h4, .inf-main_fec9ebe81dc34da06ac1f4eff8c8f130 label{ font-weight:bold; } .inf-main_fec9ebe81dc34da06ac1f4eff8c8f130 .inf-input { margin-bottom:7px; } .inf-main_fec9ebe81dc34da06ac1f4eff8c8f130 label { display:block;} .inf-main_fec9ebe81dc34da06ac1f4eff8c8f130 input{ height:35px; color:#999999; border: 1px solid #E9E9E9; border:none; padding-left:7px; } .inf-main_fec9ebe81dc34da06ac1f4eff8c8f130 .inf-input.inf-error label, .inf-main_fec9ebe81dc34da06ac1f4eff8c8f130 .inf-input.inf-error span.inf-message{ color: #cc0033; } .inf-main_fec9ebe81dc34da06ac1f4eff8c8f130 .inf-input.inf-error input{ border: 1px solid #cc0033; } .inf-main_fec9ebe81dc34da06ac1f4eff8c8f130 .inf-input input { width:100%;} .inf-main_fec9ebe81dc34da06ac1f4eff8c8f130 .inf-input.inf-error span.inf-message { display: block; } .inf-main_fec9ebe81dc34da06ac1f4eff8c8f130 .inf-submit { text-align:right;} .inf-main_fec9ebe81dc34da06ac1f4eff8c8f130 .inf-submit input{ background-color:#777777; color:#ffffff; border:none; font-weight: normal; height:auto; padding:7px; } .inf-main_fec9ebe81dc34da06ac1f4eff8c8f130 .inf-submit input.disabled{ opacity: 0.4; } .inf-btn { color: rgb(85, 85, 85); border: medium none; font-weight: normal; height: auto; padding: 7px; display: inline-block; background-color: white; box-shadow: 0px 1px 1px rgba(0, 0, 0, 0.24); border-radius: 2px; line-height: 1em; } .inf-rgpd { margin:25px 0px 15px 0px; color:#555555; } .altcha-label span { color: #555 } <\/style><div class=\"inf-main_fec9ebe81dc34da06ac1f4eff8c8f130\"> <h4>Verkoop je ziel aan het BIFFF!<\/h4> <span>Mis geen enkel BIFFF-nieuws. Schrijf je in en blijf op de hoogte van alles wat er gebeurt!<\/span> <div class=\"inf-success\" style=\"display:none\"> <h4>Inscription valid\u00e9e. Un mail de confirmation vous a \u00e9t\u00e9 envoy\u00e9. V\u00e9rifiez votre bo\u00eete mail.<\/h4> <p> <a href=\"#\" class=\"inf-btn\">&laquo;<\/a> <\/p> <\/div> <div class=\"inf-content\"> <div class=\"inf-input inf-input-text\"> <input type=\"email\" name=\"inf[1]\" data-inf-meta=\"1\" data-inf-error=\"\" required=\"required\" placeholder=\"Email *\" > <\/div> <div class=\"inf-input inf-input-text\"> <input type=\"text\" name=\"inf[2]\" data-inf-meta=\"2\" data-inf-error=\"\" required=\"required\" placeholder=\"firstname *\" > <\/div> <div class=\"inf-input inf-input-text\"> <input type=\"text\" name=\"inf[3]\" data-inf-meta=\"3\" data-inf-error=\"\" required=\"required\" placeholder=\"lastname *\" > <\/div> <div class=\"inf-input inf-input-text\"> <input type=\"text\" name=\"inf[29770]\" data-inf-meta=\"29770\" data-inf-error=\"\" required=\"required\" placeholder=\"Country *\" > <\/div> <div class=\"inf-rgpd\">Uw e-mailadres wordt uitsluitend gebruikt om u onze nieuwsbrief en informatie over onze activiteiten te sturen. U kunt zich op elk moment uitschrijven via de link die in al onze e-mails is opgenomen.<\/div>  <div class=\"inf-submit\"> <input type=\"submit\" style=\"margin-top: 25px;\" name=\"\" value=\"Bevestigen\"> <\/div> <\/div> <\/div> <\/form>\n\n\n","protected":false},"excerpt":{"rendered":"","protected":false},"author":8,"featured_media":0,"parent":0,"menu_order":0,"comment_status":"closed","ping_status":"closed","template":"","meta":{"om_disable_all_campaigns":false,"_monsterinsights_skip_tracking":false,"_monsterinsights_sitenote_active":false,"_monsterinsights_sitenote_note":"","_monsterinsights_sitenote_category":0,"footnotes":""},"class_list":["post-16547","page","type-page","status-publish","hentry"],"acf":[],"aioseo_notices":[],"_links":{"self":[{"href":"https:\/\/www.bifff.net\/nl\/wp-json\/wp\/v2\/pages\/16547","targetHints":{"allow":["GET"]}}],"collection":[{"href":"https:\/\/www.bifff.net\/nl\/wp-json\/wp\/v2\/pages"}],"about":[{"href":"https:\/\/www.bifff.net\/nl\/wp-json\/wp\/v2\/types\/page"}],"author":[{"embeddable":true,"href":"https:\/\/www.bifff.net\/nl\/wp-json\/wp\/v2\/users\/8"}],"replies":[{"embeddable":true,"href":"https:\/\/www.bifff.net\/nl\/wp-json\/wp\/v2\/comments?post=16547"}],"version-history":[{"count":2,"href":"https:\/\/www.bifff.net\/nl\/wp-json\/wp\/v2\/pages\/16547\/revisions"}],"predecessor-version":[{"id":16667,"href":"https:\/\/www.bifff.net\/nl\/wp-json\/wp\/v2\/pages\/16547\/revisions\/16667"}],"wp:attachment":[{"href":"https:\/\/www.bifff.net\/nl\/wp-json\/wp\/v2\/media?parent=16547"}],"curies":[{"name":"wp","href":"https:\/\/api.w.org\/{rel}","templated":true}]}}