{"id":18534,"date":"2026-03-23T12:42:41","date_gmt":"2026-03-23T11:42:41","guid":{"rendered":"https:\/\/www.bifff.net\/product\/ethernel\/"},"modified":"2026-03-23T14:32:53","modified_gmt":"2026-03-23T13:32:53","slug":"ethernel","status":"publish","type":"product","link":"https:\/\/www.bifff.net\/fr\/produit\/ethernel\/","title":{"rendered":"ETHERNEL"},"content":{"rendered":"<p><span data-sheets-root=\"1\">Dans un monde boulevers\u00e9 par ETHERNAL, une borne capable de parler avec les morts gr\u00e2ce \u00e0 leurs objets les plus pr\u00e9cieux, la brigade Ethernel retrouve les objets transitionnels des victimes assassin\u00e9es et les interroge pour r\u00e9soudre les crimes.<br \/>\nDavid Novack, enqu\u00eateur hant\u00e9 par le meurtre non \u00e9lucid\u00e9 de sa femme, d\u00e9couvre lors d\u2019une enqu\u00eate que son assassin est encore en vie. Sur cette nouvelle piste, il croise\u202fLara di Angeli, myst\u00e9rieuse polici\u00e8re italienne, elle-m\u00eame \u00e0 la recherche d\u2019un objet transitionnel aux cons\u00e9quences inestimables. Commence alors une traque o\u00f9 chaque objet ouvre une m\u00e9moire, chaque mort r\u00e9v\u00e8le une v\u00e9rit\u00e9 les amenant \u00e0 revisiter leur pass\u00e9 et r\u00e9v\u00e9lant leurs plus pesants secrets. <\/span><\/p>\n","protected":false},"excerpt":{"rendered":"<p>Dans un monde boulevers\u00e9 par ETHERNAL, une borne capable de parler avec les morts gr\u00e2ce \u00e0 leurs objets les plus pr\u00e9cieux, la brigade Ethernel retrouve les objets transitionnels des victimes assassin\u00e9es et les interroge pour r\u00e9soudre les crimes. David Novack, enqu\u00eateur hant\u00e9 par le meurtre non \u00e9lucid\u00e9 de sa femme, d\u00e9couvre lors d\u2019une enqu\u00eate que [&#8230;]\n","protected":false},"featured_media":18531,"template":"","meta":{"om_disable_all_campaigns":false,"_monsterinsights_skip_tracking":false,"_monsterinsights_sitenote_active":false,"_monsterinsights_sitenote_note":"","_monsterinsights_sitenote_category":0},"product_brand":[],"product_cat":[1250],"product_tag":[],"country":[],"competition":[],"genre":[],"section":[],"class_list":{"0":"post-18534","1":"product","2":"type-product","3":"status-publish","4":"has-post-thumbnail","6":"product_cat-uncategorized-fr","8":"first","9":"instock","10":"shipping-taxable","11":"purchasable","12":"product-type-simple"},"acf":[],"aioseo_notices":[],"_links":{"self":[{"href":"https:\/\/www.bifff.net\/fr\/wp-json\/wp\/v2\/product\/18534","targetHints":{"allow":["GET"]}}],"collection":[{"href":"https:\/\/www.bifff.net\/fr\/wp-json\/wp\/v2\/product"}],"about":[{"href":"https:\/\/www.bifff.net\/fr\/wp-json\/wp\/v2\/types\/product"}],"wp:featuredmedia":[{"embeddable":true,"href":"https:\/\/www.bifff.net\/fr\/wp-json\/wp\/v2\/media\/18531"}],"wp:attachment":[{"href":"https:\/\/www.bifff.net\/fr\/wp-json\/wp\/v2\/media?parent=18534"}],"wp:term":[{"taxonomy":"product_brand","embeddable":true,"href":"https:\/\/www.bifff.net\/fr\/wp-json\/wp\/v2\/product_brand?post=18534"},{"taxonomy":"product_cat","embeddable":true,"href":"https:\/\/www.bifff.net\/fr\/wp-json\/wp\/v2\/product_cat?post=18534"},{"taxonomy":"product_tag","embeddable":true,"href":"https:\/\/www.bifff.net\/fr\/wp-json\/wp\/v2\/product_tag?post=18534"},{"taxonomy":"country","embeddable":true,"href":"https:\/\/www.bifff.net\/fr\/wp-json\/wp\/v2\/country?post=18534"},{"taxonomy":"competition","embeddable":true,"href":"https:\/\/www.bifff.net\/fr\/wp-json\/wp\/v2\/competition?post=18534"},{"taxonomy":"genre","embeddable":true,"href":"https:\/\/www.bifff.net\/fr\/wp-json\/wp\/v2\/genre?post=18534"},{"taxonomy":"section","embeddable":true,"href":"https:\/\/www.bifff.net\/fr\/wp-json\/wp\/v2\/section?post=18534"}],"curies":[{"name":"wp","href":"https:\/\/api.w.org\/{rel}","templated":true}]}}