{"id":17260,"date":"2026-03-12T12:22:20","date_gmt":"2026-03-12T11:22:20","guid":{"rendered":"https:\/\/www.bifff.net\/product\/terror-night-2\/"},"modified":"2026-03-16T12:07:51","modified_gmt":"2026-03-16T11:07:51","slug":"terror-night-2","status":"publish","type":"product","link":"https:\/\/www.bifff.net\/fr\/produit\/terror-night-2\/","title":{"rendered":"Terror Night"},"content":{"rendered":"<p>Josefine installe le caisson de basses le plus puissant du monde dans sa voiture avant son rendez\u2011vous du soir avec Billy. L\u2019amour adolescent flotte dans l\u2019air, mais la musique assourdissante ne pla\u00eet pas \u00e0 tout le monde. Tr\u00e8s vite, le rendez\u2011vous se transforme en lutte pour la survie.<\/p>\n","protected":false},"excerpt":{"rendered":"<p>Josefine installe le caisson de basses le plus puissant du monde dans sa voiture avant son rendez\u2011vous du soir avec Billy. L\u2019amour adolescent flotte dans l\u2019air, mais la musique assourdissante ne pla\u00eet pas \u00e0 tout le monde. Tr\u00e8s vite, le rendez\u2011vous se transforme en lutte pour la survie.<\/p>\n","protected":false},"featured_media":17556,"template":"","meta":{"om_disable_all_campaigns":false,"_monsterinsights_skip_tracking":false,"_monsterinsights_sitenote_active":false,"_monsterinsights_sitenote_note":"","_monsterinsights_sitenote_category":0},"product_brand":[],"product_cat":[105],"product_tag":[],"country":[878],"competition":[],"genre":[478],"section":[],"class_list":{"0":"post-17260","1":"product","2":"type-product","3":"status-publish","4":"has-post-thumbnail","6":"product_cat-court-metrage","7":"country-sweden-fr","8":"genre-horror-fr","10":"first","11":"instock","12":"shipping-taxable","13":"purchasable","14":"product-type-simple"},"acf":[],"aioseo_notices":[],"_links":{"self":[{"href":"https:\/\/www.bifff.net\/fr\/wp-json\/wp\/v2\/product\/17260","targetHints":{"allow":["GET"]}}],"collection":[{"href":"https:\/\/www.bifff.net\/fr\/wp-json\/wp\/v2\/product"}],"about":[{"href":"https:\/\/www.bifff.net\/fr\/wp-json\/wp\/v2\/types\/product"}],"wp:featuredmedia":[{"embeddable":true,"href":"https:\/\/www.bifff.net\/fr\/wp-json\/wp\/v2\/media\/17556"}],"wp:attachment":[{"href":"https:\/\/www.bifff.net\/fr\/wp-json\/wp\/v2\/media?parent=17260"}],"wp:term":[{"taxonomy":"product_brand","embeddable":true,"href":"https:\/\/www.bifff.net\/fr\/wp-json\/wp\/v2\/product_brand?post=17260"},{"taxonomy":"product_cat","embeddable":true,"href":"https:\/\/www.bifff.net\/fr\/wp-json\/wp\/v2\/product_cat?post=17260"},{"taxonomy":"product_tag","embeddable":true,"href":"https:\/\/www.bifff.net\/fr\/wp-json\/wp\/v2\/product_tag?post=17260"},{"taxonomy":"country","embeddable":true,"href":"https:\/\/www.bifff.net\/fr\/wp-json\/wp\/v2\/country?post=17260"},{"taxonomy":"competition","embeddable":true,"href":"https:\/\/www.bifff.net\/fr\/wp-json\/wp\/v2\/competition?post=17260"},{"taxonomy":"genre","embeddable":true,"href":"https:\/\/www.bifff.net\/fr\/wp-json\/wp\/v2\/genre?post=17260"},{"taxonomy":"section","embeddable":true,"href":"https:\/\/www.bifff.net\/fr\/wp-json\/wp\/v2\/section?post=17260"}],"curies":[{"name":"wp","href":"https:\/\/api.w.org\/{rel}","templated":true}]}}