{"id":17255,"date":"2026-03-12T12:22:16","date_gmt":"2026-03-12T11:22:16","guid":{"rendered":"https:\/\/www.bifff.net\/product\/louche-2\/"},"modified":"2026-03-16T12:07:59","modified_gmt":"2026-03-16T11:07:59","slug":"louche-2","status":"publish","type":"product","link":"https:\/\/www.bifff.net\/fr\/produit\/louche-2\/","title":{"rendered":"Louche"},"content":{"rendered":"<p>Tandis que son mari chante sous la douche, Axelle se r\u00e9veille en sursaut et d\u00e9couvre un homme \u00e9trange debout dans sa chambre. \u00c0 contrec\u0153ur, elle d\u00e9cide de le tuer. L\u2019intrus, lui, n\u2019est pas du m\u00eame avis.<\/p>\n","protected":false},"excerpt":{"rendered":"<p>Tandis que son mari chante sous la douche, Axelle se r\u00e9veille en sursaut et d\u00e9couvre un homme \u00e9trange debout dans sa chambre. \u00c0 contrec\u0153ur, elle d\u00e9cide de le tuer. L\u2019intrus, lui, n\u2019est pas du m\u00eame avis.<\/p>\n","protected":false},"featured_media":17574,"template":"","meta":{"om_disable_all_campaigns":false,"_monsterinsights_skip_tracking":false,"_monsterinsights_sitenote_active":false,"_monsterinsights_sitenote_note":"","_monsterinsights_sitenote_category":0},"product_brand":[],"product_cat":[105],"product_tag":[],"country":[426],"competition":[],"genre":[461,854,719],"section":[],"class_list":{"0":"post-17255","1":"product","2":"type-product","3":"status-publish","4":"has-post-thumbnail","6":"product_cat-court-metrage","7":"country-france-fr","8":"genre-action-fr","9":"genre-comedy-fr","10":"genre-fantasy-fr","12":"first","13":"instock","14":"shipping-taxable","15":"purchasable","16":"product-type-simple"},"acf":[],"aioseo_notices":[],"_links":{"self":[{"href":"https:\/\/www.bifff.net\/fr\/wp-json\/wp\/v2\/product\/17255","targetHints":{"allow":["GET"]}}],"collection":[{"href":"https:\/\/www.bifff.net\/fr\/wp-json\/wp\/v2\/product"}],"about":[{"href":"https:\/\/www.bifff.net\/fr\/wp-json\/wp\/v2\/types\/product"}],"wp:featuredmedia":[{"embeddable":true,"href":"https:\/\/www.bifff.net\/fr\/wp-json\/wp\/v2\/media\/17574"}],"wp:attachment":[{"href":"https:\/\/www.bifff.net\/fr\/wp-json\/wp\/v2\/media?parent=17255"}],"wp:term":[{"taxonomy":"product_brand","embeddable":true,"href":"https:\/\/www.bifff.net\/fr\/wp-json\/wp\/v2\/product_brand?post=17255"},{"taxonomy":"product_cat","embeddable":true,"href":"https:\/\/www.bifff.net\/fr\/wp-json\/wp\/v2\/product_cat?post=17255"},{"taxonomy":"product_tag","embeddable":true,"href":"https:\/\/www.bifff.net\/fr\/wp-json\/wp\/v2\/product_tag?post=17255"},{"taxonomy":"country","embeddable":true,"href":"https:\/\/www.bifff.net\/fr\/wp-json\/wp\/v2\/country?post=17255"},{"taxonomy":"competition","embeddable":true,"href":"https:\/\/www.bifff.net\/fr\/wp-json\/wp\/v2\/competition?post=17255"},{"taxonomy":"genre","embeddable":true,"href":"https:\/\/www.bifff.net\/fr\/wp-json\/wp\/v2\/genre?post=17255"},{"taxonomy":"section","embeddable":true,"href":"https:\/\/www.bifff.net\/fr\/wp-json\/wp\/v2\/section?post=17255"}],"curies":[{"name":"wp","href":"https:\/\/api.w.org\/{rel}","templated":true}]}}