{"id":17251,"date":"2026-03-12T12:22:10","date_gmt":"2026-03-12T11:22:10","guid":{"rendered":"https:\/\/www.bifff.net\/product\/the-dysphoria-2\/"},"modified":"2026-03-16T12:08:07","modified_gmt":"2026-03-16T11:08:07","slug":"the-dysphoria-2","status":"publish","type":"product","link":"https:\/\/www.bifff.net\/fr\/produit\/the-dysphoria-2\/","title":{"rendered":"The Dysphoria"},"content":{"rendered":"<p>Une femme trans r\u00e9alise un rituel satanique pour obtenir un vagin, mais invoque sans le vouloir une pr\u00e9sence d\u00e9moniaque dans son foyer, laquelle exige un terrible sacrifice.<\/p>\n","protected":false},"excerpt":{"rendered":"<p>Une femme trans r\u00e9alise un rituel satanique pour obtenir un vagin, mais invoque sans le vouloir une pr\u00e9sence d\u00e9moniaque dans son foyer, laquelle exige un terrible sacrifice.<\/p>\n","protected":false},"featured_media":17590,"template":"","meta":{"om_disable_all_campaigns":false,"_monsterinsights_skip_tracking":false,"_monsterinsights_sitenote_active":false,"_monsterinsights_sitenote_note":"","_monsterinsights_sitenote_category":0},"product_brand":[],"product_cat":[105],"product_tag":[],"country":[847],"competition":[],"genre":[478],"section":[],"class_list":{"0":"post-17251","1":"product","2":"type-product","3":"status-publish","4":"has-post-thumbnail","6":"product_cat-court-metrage","7":"country-australia-fr","8":"genre-horror-fr","10":"first","11":"instock","12":"shipping-taxable","13":"purchasable","14":"product-type-simple"},"acf":[],"aioseo_notices":[],"_links":{"self":[{"href":"https:\/\/www.bifff.net\/fr\/wp-json\/wp\/v2\/product\/17251","targetHints":{"allow":["GET"]}}],"collection":[{"href":"https:\/\/www.bifff.net\/fr\/wp-json\/wp\/v2\/product"}],"about":[{"href":"https:\/\/www.bifff.net\/fr\/wp-json\/wp\/v2\/types\/product"}],"wp:featuredmedia":[{"embeddable":true,"href":"https:\/\/www.bifff.net\/fr\/wp-json\/wp\/v2\/media\/17590"}],"wp:attachment":[{"href":"https:\/\/www.bifff.net\/fr\/wp-json\/wp\/v2\/media?parent=17251"}],"wp:term":[{"taxonomy":"product_brand","embeddable":true,"href":"https:\/\/www.bifff.net\/fr\/wp-json\/wp\/v2\/product_brand?post=17251"},{"taxonomy":"product_cat","embeddable":true,"href":"https:\/\/www.bifff.net\/fr\/wp-json\/wp\/v2\/product_cat?post=17251"},{"taxonomy":"product_tag","embeddable":true,"href":"https:\/\/www.bifff.net\/fr\/wp-json\/wp\/v2\/product_tag?post=17251"},{"taxonomy":"country","embeddable":true,"href":"https:\/\/www.bifff.net\/fr\/wp-json\/wp\/v2\/country?post=17251"},{"taxonomy":"competition","embeddable":true,"href":"https:\/\/www.bifff.net\/fr\/wp-json\/wp\/v2\/competition?post=17251"},{"taxonomy":"genre","embeddable":true,"href":"https:\/\/www.bifff.net\/fr\/wp-json\/wp\/v2\/genre?post=17251"},{"taxonomy":"section","embeddable":true,"href":"https:\/\/www.bifff.net\/fr\/wp-json\/wp\/v2\/section?post=17251"}],"curies":[{"name":"wp","href":"https:\/\/api.w.org\/{rel}","templated":true}]}}