{"id":17239,"date":"2026-03-12T12:22:00","date_gmt":"2026-03-12T11:22:00","guid":{"rendered":"https:\/\/www.bifff.net\/product\/headcase-2\/"},"modified":"2026-03-16T12:08:29","modified_gmt":"2026-03-16T11:08:29","slug":"headcase-2","status":"publish","type":"product","link":"https:\/\/www.bifff.net\/fr\/produit\/headcase-2\/","title":{"rendered":"Headcase"},"content":{"rendered":"<p>Dans sa qu\u00eate de c\u00e9l\u00e9brit\u00e9, Karen, influenceuse en devenir, se retrouve contrainte de rester dans l\u2019ombre apr\u00e8s un petit d\u00e9lit de fuite qui menace de faire capoter le partenariat de marque qu\u2019elle convoite tant.<\/p>\n","protected":false},"excerpt":{"rendered":"<p>Dans sa qu\u00eate de c\u00e9l\u00e9brit\u00e9, Karen, influenceuse en devenir, se retrouve contrainte de rester dans l\u2019ombre apr\u00e8s un petit d\u00e9lit de fuite qui menace de faire capoter le partenariat de marque qu\u2019elle convoite tant.<\/p>\n","protected":false},"featured_media":17626,"template":"","meta":{"om_disable_all_campaigns":false,"_monsterinsights_skip_tracking":false,"_monsterinsights_sitenote_active":false,"_monsterinsights_sitenote_note":"","_monsterinsights_sitenote_category":0},"product_brand":[],"product_cat":[105],"product_tag":[],"country":[847,874],"competition":[],"genre":[1382],"section":[],"class_list":{"0":"post-17239","1":"product","2":"type-product","3":"status-publish","4":"has-post-thumbnail","6":"product_cat-court-metrage","7":"country-australia-fr","8":"country-canada-fr","9":"genre-satire-fr","11":"first","12":"instock","13":"shipping-taxable","14":"purchasable","15":"product-type-simple"},"acf":[],"aioseo_notices":[],"_links":{"self":[{"href":"https:\/\/www.bifff.net\/fr\/wp-json\/wp\/v2\/product\/17239","targetHints":{"allow":["GET"]}}],"collection":[{"href":"https:\/\/www.bifff.net\/fr\/wp-json\/wp\/v2\/product"}],"about":[{"href":"https:\/\/www.bifff.net\/fr\/wp-json\/wp\/v2\/types\/product"}],"wp:featuredmedia":[{"embeddable":true,"href":"https:\/\/www.bifff.net\/fr\/wp-json\/wp\/v2\/media\/17626"}],"wp:attachment":[{"href":"https:\/\/www.bifff.net\/fr\/wp-json\/wp\/v2\/media?parent=17239"}],"wp:term":[{"taxonomy":"product_brand","embeddable":true,"href":"https:\/\/www.bifff.net\/fr\/wp-json\/wp\/v2\/product_brand?post=17239"},{"taxonomy":"product_cat","embeddable":true,"href":"https:\/\/www.bifff.net\/fr\/wp-json\/wp\/v2\/product_cat?post=17239"},{"taxonomy":"product_tag","embeddable":true,"href":"https:\/\/www.bifff.net\/fr\/wp-json\/wp\/v2\/product_tag?post=17239"},{"taxonomy":"country","embeddable":true,"href":"https:\/\/www.bifff.net\/fr\/wp-json\/wp\/v2\/country?post=17239"},{"taxonomy":"competition","embeddable":true,"href":"https:\/\/www.bifff.net\/fr\/wp-json\/wp\/v2\/competition?post=17239"},{"taxonomy":"genre","embeddable":true,"href":"https:\/\/www.bifff.net\/fr\/wp-json\/wp\/v2\/genre?post=17239"},{"taxonomy":"section","embeddable":true,"href":"https:\/\/www.bifff.net\/fr\/wp-json\/wp\/v2\/section?post=17239"}],"curies":[{"name":"wp","href":"https:\/\/api.w.org\/{rel}","templated":true}]}}