{"id":17238,"date":"2026-03-12T12:22:00","date_gmt":"2026-03-12T11:22:00","guid":{"rendered":"https:\/\/www.bifff.net\/product\/the-humbug-2\/"},"modified":"2026-03-16T12:08:28","modified_gmt":"2026-03-16T11:08:28","slug":"the-humbug-2","status":"publish","type":"product","link":"https:\/\/www.bifff.net\/fr\/produit\/the-humbug-2\/","title":{"rendered":"The Humbug"},"content":{"rendered":"<p>Deux femmes \u00e2g\u00e9es vivant en maison de retraite se retrouvent aux prises avec des bonbons \u00e0 la menthe aux pouvoirs magiques, d\u00e9clenchant une aventure absurde m\u00ealant plaisir et danger<\/p>\n","protected":false},"excerpt":{"rendered":"<p>Deux femmes \u00e2g\u00e9es vivant en maison de retraite se retrouvent aux prises avec des bonbons \u00e0 la menthe aux pouvoirs magiques, d\u00e9clenchant une aventure absurde m\u00ealant plaisir et danger<\/p>\n","protected":false},"featured_media":17623,"template":"","meta":{"om_disable_all_campaigns":false,"_monsterinsights_skip_tracking":false,"_monsterinsights_sitenote_active":false,"_monsterinsights_sitenote_note":"","_monsterinsights_sitenote_category":0},"product_brand":[],"product_cat":[105],"product_tag":[],"country":[1066],"competition":[],"genre":[854,478],"section":[],"class_list":{"0":"post-17238","1":"product","2":"type-product","3":"status-publish","4":"has-post-thumbnail","6":"product_cat-court-metrage","7":"country-united-kingdom-fr","8":"genre-comedy-fr","9":"genre-horror-fr","11":"first","12":"instock","13":"shipping-taxable","14":"purchasable","15":"product-type-simple"},"acf":[],"aioseo_notices":[],"_links":{"self":[{"href":"https:\/\/www.bifff.net\/fr\/wp-json\/wp\/v2\/product\/17238","targetHints":{"allow":["GET"]}}],"collection":[{"href":"https:\/\/www.bifff.net\/fr\/wp-json\/wp\/v2\/product"}],"about":[{"href":"https:\/\/www.bifff.net\/fr\/wp-json\/wp\/v2\/types\/product"}],"wp:featuredmedia":[{"embeddable":true,"href":"https:\/\/www.bifff.net\/fr\/wp-json\/wp\/v2\/media\/17623"}],"wp:attachment":[{"href":"https:\/\/www.bifff.net\/fr\/wp-json\/wp\/v2\/media?parent=17238"}],"wp:term":[{"taxonomy":"product_brand","embeddable":true,"href":"https:\/\/www.bifff.net\/fr\/wp-json\/wp\/v2\/product_brand?post=17238"},{"taxonomy":"product_cat","embeddable":true,"href":"https:\/\/www.bifff.net\/fr\/wp-json\/wp\/v2\/product_cat?post=17238"},{"taxonomy":"product_tag","embeddable":true,"href":"https:\/\/www.bifff.net\/fr\/wp-json\/wp\/v2\/product_tag?post=17238"},{"taxonomy":"country","embeddable":true,"href":"https:\/\/www.bifff.net\/fr\/wp-json\/wp\/v2\/country?post=17238"},{"taxonomy":"competition","embeddable":true,"href":"https:\/\/www.bifff.net\/fr\/wp-json\/wp\/v2\/competition?post=17238"},{"taxonomy":"genre","embeddable":true,"href":"https:\/\/www.bifff.net\/fr\/wp-json\/wp\/v2\/genre?post=17238"},{"taxonomy":"section","embeddable":true,"href":"https:\/\/www.bifff.net\/fr\/wp-json\/wp\/v2\/section?post=17238"}],"curies":[{"name":"wp","href":"https:\/\/api.w.org\/{rel}","templated":true}]}}