{"id":17236,"date":"2026-03-12T12:21:58","date_gmt":"2026-03-12T11:21:58","guid":{"rendered":"https:\/\/www.bifff.net\/product\/bennys-second-birthday-2\/"},"modified":"2026-03-16T12:08:33","modified_gmt":"2026-03-16T11:08:33","slug":"bennys-second-birthday-2","status":"publish","type":"product","link":"https:\/\/www.bifff.net\/fr\/produit\/bennys-second-birthday-2\/","title":{"rendered":"Benny&rsquo;s Second Birthday"},"content":{"rendered":"<p>Lorsque des inconnus d\u00e9barquent \u00e0 la f\u00eate d\u2019anniversaire de son tout\u2011petit, une future m\u00e8re se retrouve confront\u00e9e \u00e0 la popularit\u00e9 inattendue de son fils.<\/p>\n","protected":false},"excerpt":{"rendered":"<p>Lorsque des inconnus d\u00e9barquent \u00e0 la f\u00eate d\u2019anniversaire de son tout\u2011petit, une future m\u00e8re se retrouve confront\u00e9e \u00e0 la popularit\u00e9 inattendue de son fils.<\/p>\n","protected":false},"featured_media":17632,"template":"","meta":{"om_disable_all_campaigns":false,"_monsterinsights_skip_tracking":false,"_monsterinsights_sitenote_active":false,"_monsterinsights_sitenote_note":"","_monsterinsights_sitenote_category":0},"product_brand":[],"product_cat":[105],"product_tag":[],"country":[1071],"competition":[1073],"genre":[478,673,462],"section":[],"class_list":{"0":"post-17236","1":"product","2":"type-product","3":"status-publish","4":"has-post-thumbnail","6":"product_cat-court-metrage","7":"country-united-states-fr","8":"competition-international-short-films-competition-fr","9":"genre-horror-fr","10":"genre-psychological-fr","11":"genre-thriller-fr","13":"first","14":"instock","15":"shipping-taxable","16":"purchasable","17":"product-type-simple"},"acf":[],"aioseo_notices":[],"_links":{"self":[{"href":"https:\/\/www.bifff.net\/fr\/wp-json\/wp\/v2\/product\/17236","targetHints":{"allow":["GET"]}}],"collection":[{"href":"https:\/\/www.bifff.net\/fr\/wp-json\/wp\/v2\/product"}],"about":[{"href":"https:\/\/www.bifff.net\/fr\/wp-json\/wp\/v2\/types\/product"}],"wp:featuredmedia":[{"embeddable":true,"href":"https:\/\/www.bifff.net\/fr\/wp-json\/wp\/v2\/media\/17632"}],"wp:attachment":[{"href":"https:\/\/www.bifff.net\/fr\/wp-json\/wp\/v2\/media?parent=17236"}],"wp:term":[{"taxonomy":"product_brand","embeddable":true,"href":"https:\/\/www.bifff.net\/fr\/wp-json\/wp\/v2\/product_brand?post=17236"},{"taxonomy":"product_cat","embeddable":true,"href":"https:\/\/www.bifff.net\/fr\/wp-json\/wp\/v2\/product_cat?post=17236"},{"taxonomy":"product_tag","embeddable":true,"href":"https:\/\/www.bifff.net\/fr\/wp-json\/wp\/v2\/product_tag?post=17236"},{"taxonomy":"country","embeddable":true,"href":"https:\/\/www.bifff.net\/fr\/wp-json\/wp\/v2\/country?post=17236"},{"taxonomy":"competition","embeddable":true,"href":"https:\/\/www.bifff.net\/fr\/wp-json\/wp\/v2\/competition?post=17236"},{"taxonomy":"genre","embeddable":true,"href":"https:\/\/www.bifff.net\/fr\/wp-json\/wp\/v2\/genre?post=17236"},{"taxonomy":"section","embeddable":true,"href":"https:\/\/www.bifff.net\/fr\/wp-json\/wp\/v2\/section?post=17236"}],"curies":[{"name":"wp","href":"https:\/\/api.w.org\/{rel}","templated":true}]}}