{"id":17208,"date":"2026-03-12T12:21:33","date_gmt":"2026-03-12T11:21:33","guid":{"rendered":"https:\/\/www.bifff.net\/product\/disconnected-2\/"},"modified":"2026-03-16T12:12:45","modified_gmt":"2026-03-16T11:12:45","slug":"disconnected-2","status":"publish","type":"product","link":"https:\/\/www.bifff.net\/fr\/produit\/disconnected-2\/","title":{"rendered":"Disconnected"},"content":{"rendered":"<p>Dans un monde o\u00f9 l&rsquo;image que l&rsquo;on refl\u00e8te sur les r\u00e9seaux sociaux est la valeur la plus importante, dans une soci\u00e9t\u00e9 o\u00f9 le para\u00eetre vaut plus que l&rsquo;\u00eatre, Jimmy se retrouve prisonnier d&rsquo;une application ultra r\u00e9aliste sur laquelle il entretient, depuis des ann\u00e9es, son avatar au physique parfait. Sa cote de popularit\u00e9 ainsi que le nombre de likes que Jimmy a r\u00e9colt\u00e9s sur l&rsquo;application lui font oublier sa vraie vie, son quotidien monotone. Sur le point de passer niveau 10, Jimmy fait la rencontre d&rsquo;une nouvelle utilisatrice qui lui propose de le voir dans la vraie vie. Un choix difficile s&rsquo;impose alors : continuer de briller virtuellement ou s&rsquo;assumer tel qu&rsquo;il est ?<\/p>\n","protected":false},"excerpt":{"rendered":"<p>Dans un monde o\u00f9 l&rsquo;image que l&rsquo;on refl\u00e8te sur les r\u00e9seaux sociaux est la valeur la plus importante, dans une soci\u00e9t\u00e9 o\u00f9 le para\u00eetre vaut plus que l&rsquo;\u00eatre, Jimmy se retrouve prisonnier d&rsquo;une application ultra r\u00e9aliste sur laquelle il entretient, depuis des ann\u00e9es, son avatar au physique parfait. Sa cote de popularit\u00e9 ainsi que le [&#8230;]\n","protected":false},"featured_media":17714,"template":"","meta":{"om_disable_all_campaigns":false,"_monsterinsights_skip_tracking":false,"_monsterinsights_sitenote_active":false,"_monsterinsights_sitenote_note":"","_monsterinsights_sitenote_category":0},"product_brand":[],"product_cat":[105],"product_tag":[],"country":[1063],"competition":[1064],"genre":[860],"section":[],"class_list":{"0":"post-17208","1":"product","2":"type-product","3":"status-publish","4":"has-post-thumbnail","6":"product_cat-court-metrage","7":"country-belgium-fr","8":"competition-belgian-short-films-competition-fr","9":"genre-science-fiction-fr","11":"first","12":"instock","13":"shipping-taxable","14":"purchasable","15":"product-type-simple"},"acf":[],"aioseo_notices":[],"_links":{"self":[{"href":"https:\/\/www.bifff.net\/fr\/wp-json\/wp\/v2\/product\/17208","targetHints":{"allow":["GET"]}}],"collection":[{"href":"https:\/\/www.bifff.net\/fr\/wp-json\/wp\/v2\/product"}],"about":[{"href":"https:\/\/www.bifff.net\/fr\/wp-json\/wp\/v2\/types\/product"}],"wp:featuredmedia":[{"embeddable":true,"href":"https:\/\/www.bifff.net\/fr\/wp-json\/wp\/v2\/media\/17714"}],"wp:attachment":[{"href":"https:\/\/www.bifff.net\/fr\/wp-json\/wp\/v2\/media?parent=17208"}],"wp:term":[{"taxonomy":"product_brand","embeddable":true,"href":"https:\/\/www.bifff.net\/fr\/wp-json\/wp\/v2\/product_brand?post=17208"},{"taxonomy":"product_cat","embeddable":true,"href":"https:\/\/www.bifff.net\/fr\/wp-json\/wp\/v2\/product_cat?post=17208"},{"taxonomy":"product_tag","embeddable":true,"href":"https:\/\/www.bifff.net\/fr\/wp-json\/wp\/v2\/product_tag?post=17208"},{"taxonomy":"country","embeddable":true,"href":"https:\/\/www.bifff.net\/fr\/wp-json\/wp\/v2\/country?post=17208"},{"taxonomy":"competition","embeddable":true,"href":"https:\/\/www.bifff.net\/fr\/wp-json\/wp\/v2\/competition?post=17208"},{"taxonomy":"genre","embeddable":true,"href":"https:\/\/www.bifff.net\/fr\/wp-json\/wp\/v2\/genre?post=17208"},{"taxonomy":"section","embeddable":true,"href":"https:\/\/www.bifff.net\/fr\/wp-json\/wp\/v2\/section?post=17208"}],"curies":[{"name":"wp","href":"https:\/\/api.w.org\/{rel}","templated":true}]}}