{"id":17206,"date":"2026-03-12T12:21:31","date_gmt":"2026-03-12T11:21:31","guid":{"rendered":"https:\/\/www.bifff.net\/product\/once-in-a-full-moon-2\/"},"modified":"2026-03-16T12:12:50","modified_gmt":"2026-03-16T11:12:50","slug":"once-in-a-full-moon-2","status":"publish","type":"product","link":"https:\/\/www.bifff.net\/fr\/produit\/once-in-a-full-moon-2\/","title":{"rendered":"Once in a full moon"},"content":{"rendered":"<p>Il y a fort, fort longtemps, un petit Vampire \u00e9tait tomb\u00e9 \u00e9perdument amoureux de la Lune, et la Lune n\u2019avait de c\u0153ur que pour lui. La distance les rongeait tant que, cette nuit-l\u00e0, la tristesse figea l\u2019\u00e2me de la Lune. Pr\u00eat \u00e0 tout, le petit Vampire se lan\u00e7a dans une qu\u00eate \u00e9pineuse pour d\u00e9livrer la Lune de son sortil\u00e8ge, quitte \u00e0 sacrifier ce qu\u2019il avait de plus pr\u00e9cieux\u2026<\/p>\n","protected":false},"excerpt":{"rendered":"<p>Il y a fort, fort longtemps, un petit Vampire \u00e9tait tomb\u00e9 \u00e9perdument amoureux de la Lune, et la Lune n\u2019avait de c\u0153ur que pour lui. La distance les rongeait tant que, cette nuit-l\u00e0, la tristesse figea l\u2019\u00e2me de la Lune. Pr\u00eat \u00e0 tout, le petit Vampire se lan\u00e7a dans une qu\u00eate \u00e9pineuse pour d\u00e9livrer la [&#8230;]\n","protected":false},"featured_media":17728,"template":"","meta":{"om_disable_all_campaigns":false,"_monsterinsights_skip_tracking":false,"_monsterinsights_sitenote_active":false,"_monsterinsights_sitenote_note":"","_monsterinsights_sitenote_category":0},"product_brand":[],"product_cat":[105],"product_tag":[],"country":[1063],"competition":[1064],"genre":[854,719,1284],"section":[],"class_list":{"0":"post-17206","1":"product","2":"type-product","3":"status-publish","4":"has-post-thumbnail","6":"product_cat-court-metrage","7":"country-belgium-fr","8":"competition-belgian-short-films-competition-fr","9":"genre-comedy-fr","10":"genre-fantasy-fr","11":"genre-queer","13":"first","14":"instock","15":"shipping-taxable","16":"purchasable","17":"product-type-simple"},"acf":[],"aioseo_notices":[],"_links":{"self":[{"href":"https:\/\/www.bifff.net\/fr\/wp-json\/wp\/v2\/product\/17206","targetHints":{"allow":["GET"]}}],"collection":[{"href":"https:\/\/www.bifff.net\/fr\/wp-json\/wp\/v2\/product"}],"about":[{"href":"https:\/\/www.bifff.net\/fr\/wp-json\/wp\/v2\/types\/product"}],"wp:featuredmedia":[{"embeddable":true,"href":"https:\/\/www.bifff.net\/fr\/wp-json\/wp\/v2\/media\/17728"}],"wp:attachment":[{"href":"https:\/\/www.bifff.net\/fr\/wp-json\/wp\/v2\/media?parent=17206"}],"wp:term":[{"taxonomy":"product_brand","embeddable":true,"href":"https:\/\/www.bifff.net\/fr\/wp-json\/wp\/v2\/product_brand?post=17206"},{"taxonomy":"product_cat","embeddable":true,"href":"https:\/\/www.bifff.net\/fr\/wp-json\/wp\/v2\/product_cat?post=17206"},{"taxonomy":"product_tag","embeddable":true,"href":"https:\/\/www.bifff.net\/fr\/wp-json\/wp\/v2\/product_tag?post=17206"},{"taxonomy":"country","embeddable":true,"href":"https:\/\/www.bifff.net\/fr\/wp-json\/wp\/v2\/country?post=17206"},{"taxonomy":"competition","embeddable":true,"href":"https:\/\/www.bifff.net\/fr\/wp-json\/wp\/v2\/competition?post=17206"},{"taxonomy":"genre","embeddable":true,"href":"https:\/\/www.bifff.net\/fr\/wp-json\/wp\/v2\/genre?post=17206"},{"taxonomy":"section","embeddable":true,"href":"https:\/\/www.bifff.net\/fr\/wp-json\/wp\/v2\/section?post=17206"}],"curies":[{"name":"wp","href":"https:\/\/api.w.org\/{rel}","templated":true}]}}