{"id":17204,"date":"2026-03-12T12:21:29","date_gmt":"2026-03-12T11:21:29","guid":{"rendered":"https:\/\/www.bifff.net\/product\/prout-2\/"},"modified":"2026-03-16T12:12:54","modified_gmt":"2026-03-16T11:12:54","slug":"prout-2","status":"publish","type":"product","link":"https:\/\/www.bifff.net\/fr\/produit\/prout-2\/","title":{"rendered":"Prout"},"content":{"rendered":"<p>Des appareils \u00e9lectrom\u00e9nagers obsol\u00e8tes et des d\u00e9chets de toutes sortes sont envoy\u00e9s sur la plan\u00e8te PROUT, la d\u00e9charge de la Terre.<br \/>\nBean et Spaghet, deux petits secouristes de cette \u00e9trange plan\u00e8te, partent en mission d&rsquo;urgence pour sauver l&rsquo;un de leurs amis, \u00e9cras\u00e9 par des d\u00e9bris tomb\u00e9s du ciel.<\/p>\n","protected":false},"excerpt":{"rendered":"<p>Des appareils \u00e9lectrom\u00e9nagers obsol\u00e8tes et des d\u00e9chets de toutes sortes sont envoy\u00e9s sur la plan\u00e8te PROUT, la d\u00e9charge de la Terre. Bean et Spaghet, deux petits secouristes de cette \u00e9trange plan\u00e8te, partent en mission d&rsquo;urgence pour sauver l&rsquo;un de leurs amis, \u00e9cras\u00e9 par des d\u00e9bris tomb\u00e9s du ciel.<\/p>\n","protected":false},"featured_media":17734,"template":"","meta":{"om_disable_all_campaigns":false,"_monsterinsights_skip_tracking":false,"_monsterinsights_sitenote_active":false,"_monsterinsights_sitenote_note":"","_monsterinsights_sitenote_category":0},"product_brand":[],"product_cat":[105],"product_tag":[],"country":[1063],"competition":[1064],"genre":[854,719],"section":[],"class_list":{"0":"post-17204","1":"product","2":"type-product","3":"status-publish","4":"has-post-thumbnail","6":"product_cat-court-metrage","7":"country-belgium-fr","8":"competition-belgian-short-films-competition-fr","9":"genre-comedy-fr","10":"genre-fantasy-fr","12":"first","13":"instock","14":"shipping-taxable","15":"purchasable","16":"product-type-simple"},"acf":[],"aioseo_notices":[],"_links":{"self":[{"href":"https:\/\/www.bifff.net\/fr\/wp-json\/wp\/v2\/product\/17204","targetHints":{"allow":["GET"]}}],"collection":[{"href":"https:\/\/www.bifff.net\/fr\/wp-json\/wp\/v2\/product"}],"about":[{"href":"https:\/\/www.bifff.net\/fr\/wp-json\/wp\/v2\/types\/product"}],"wp:featuredmedia":[{"embeddable":true,"href":"https:\/\/www.bifff.net\/fr\/wp-json\/wp\/v2\/media\/17734"}],"wp:attachment":[{"href":"https:\/\/www.bifff.net\/fr\/wp-json\/wp\/v2\/media?parent=17204"}],"wp:term":[{"taxonomy":"product_brand","embeddable":true,"href":"https:\/\/www.bifff.net\/fr\/wp-json\/wp\/v2\/product_brand?post=17204"},{"taxonomy":"product_cat","embeddable":true,"href":"https:\/\/www.bifff.net\/fr\/wp-json\/wp\/v2\/product_cat?post=17204"},{"taxonomy":"product_tag","embeddable":true,"href":"https:\/\/www.bifff.net\/fr\/wp-json\/wp\/v2\/product_tag?post=17204"},{"taxonomy":"country","embeddable":true,"href":"https:\/\/www.bifff.net\/fr\/wp-json\/wp\/v2\/country?post=17204"},{"taxonomy":"competition","embeddable":true,"href":"https:\/\/www.bifff.net\/fr\/wp-json\/wp\/v2\/competition?post=17204"},{"taxonomy":"genre","embeddable":true,"href":"https:\/\/www.bifff.net\/fr\/wp-json\/wp\/v2\/genre?post=17204"},{"taxonomy":"section","embeddable":true,"href":"https:\/\/www.bifff.net\/fr\/wp-json\/wp\/v2\/section?post=17204"}],"curies":[{"name":"wp","href":"https:\/\/api.w.org\/{rel}","templated":true}]}}