{"id":17203,"date":"2026-03-12T12:21:29","date_gmt":"2026-03-12T11:21:29","guid":{"rendered":"https:\/\/www.bifff.net\/product\/missing-ticket-2\/"},"modified":"2026-03-16T12:12:55","modified_gmt":"2026-03-16T11:12:55","slug":"missing-ticket-2","status":"publish","type":"product","link":"https:\/\/www.bifff.net\/fr\/produit\/missing-ticket-2\/","title":{"rendered":"Missing Ticket"},"content":{"rendered":"<p>Sur ce train plein de cr\u00e9atures, Pino se retrouve sans ticket lors de l\u2019arriv\u00e9e du<br \/>\ncontr\u00f4leur. La fuite est alors la seule option, toutefois le contr\u00f4leur finit toujours par<br \/>\naccomplir son devoir.<\/p>\n","protected":false},"excerpt":{"rendered":"<p>Sur ce train plein de cr\u00e9atures, Pino se retrouve sans ticket lors de l\u2019arriv\u00e9e du contr\u00f4leur. La fuite est alors la seule option, toutefois le contr\u00f4leur finit toujours par accomplir son devoir.<\/p>\n","protected":false},"featured_media":17731,"template":"","meta":{"om_disable_all_campaigns":false,"_monsterinsights_skip_tracking":false,"_monsterinsights_sitenote_active":false,"_monsterinsights_sitenote_note":"","_monsterinsights_sitenote_category":0},"product_brand":[],"product_cat":[105],"product_tag":[],"country":[1063],"competition":[1064],"genre":[719],"section":[],"class_list":{"0":"post-17203","1":"product","2":"type-product","3":"status-publish","4":"has-post-thumbnail","6":"product_cat-court-metrage","7":"country-belgium-fr","8":"competition-belgian-short-films-competition-fr","9":"genre-fantasy-fr","11":"first","12":"instock","13":"shipping-taxable","14":"purchasable","15":"product-type-simple"},"acf":[],"aioseo_notices":[],"_links":{"self":[{"href":"https:\/\/www.bifff.net\/fr\/wp-json\/wp\/v2\/product\/17203","targetHints":{"allow":["GET"]}}],"collection":[{"href":"https:\/\/www.bifff.net\/fr\/wp-json\/wp\/v2\/product"}],"about":[{"href":"https:\/\/www.bifff.net\/fr\/wp-json\/wp\/v2\/types\/product"}],"wp:featuredmedia":[{"embeddable":true,"href":"https:\/\/www.bifff.net\/fr\/wp-json\/wp\/v2\/media\/17731"}],"wp:attachment":[{"href":"https:\/\/www.bifff.net\/fr\/wp-json\/wp\/v2\/media?parent=17203"}],"wp:term":[{"taxonomy":"product_brand","embeddable":true,"href":"https:\/\/www.bifff.net\/fr\/wp-json\/wp\/v2\/product_brand?post=17203"},{"taxonomy":"product_cat","embeddable":true,"href":"https:\/\/www.bifff.net\/fr\/wp-json\/wp\/v2\/product_cat?post=17203"},{"taxonomy":"product_tag","embeddable":true,"href":"https:\/\/www.bifff.net\/fr\/wp-json\/wp\/v2\/product_tag?post=17203"},{"taxonomy":"country","embeddable":true,"href":"https:\/\/www.bifff.net\/fr\/wp-json\/wp\/v2\/country?post=17203"},{"taxonomy":"competition","embeddable":true,"href":"https:\/\/www.bifff.net\/fr\/wp-json\/wp\/v2\/competition?post=17203"},{"taxonomy":"genre","embeddable":true,"href":"https:\/\/www.bifff.net\/fr\/wp-json\/wp\/v2\/genre?post=17203"},{"taxonomy":"section","embeddable":true,"href":"https:\/\/www.bifff.net\/fr\/wp-json\/wp\/v2\/section?post=17203"}],"curies":[{"name":"wp","href":"https:\/\/api.w.org\/{rel}","templated":true}]}}