{"id":17202,"date":"2026-03-12T12:21:28","date_gmt":"2026-03-12T11:21:28","guid":{"rendered":"https:\/\/www.bifff.net\/product\/drosera-2\/"},"modified":"2026-03-16T12:12:58","modified_gmt":"2026-03-16T11:12:58","slug":"drosera-2","status":"publish","type":"product","link":"https:\/\/www.bifff.net\/fr\/produit\/drosera-2\/","title":{"rendered":"Drosera"},"content":{"rendered":"<p>Alice, championne de motocross de seize ans, est ramen\u00e9e \u00e0 la vie de fa\u00e7on myst\u00e9rieuse par une plante carnivore apr\u00e8s un choc violent. Mais tandis qu\u2019elle tente de reprendre pied, elle d\u00e9couvre qu\u2019elle poss\u00e8de d\u00e9sormais des pouvoirs hors du commun.<\/p>\n","protected":false},"excerpt":{"rendered":"<p>Alice, championne de motocross de seize ans, est ramen\u00e9e \u00e0 la vie de fa\u00e7on myst\u00e9rieuse par une plante carnivore apr\u00e8s un choc violent. Mais tandis qu\u2019elle tente de reprendre pied, elle d\u00e9couvre qu\u2019elle poss\u00e8de d\u00e9sormais des pouvoirs hors du commun.<\/p>\n","protected":false},"featured_media":17737,"template":"","meta":{"om_disable_all_campaigns":false,"_monsterinsights_skip_tracking":false,"_monsterinsights_sitenote_active":false,"_monsterinsights_sitenote_note":"","_monsterinsights_sitenote_category":0},"product_brand":[],"product_cat":[105],"product_tag":[],"country":[1063],"competition":[1064],"genre":[848,719,860],"section":[],"class_list":{"0":"post-17202","1":"product","2":"type-product","3":"status-publish","4":"has-post-thumbnail","6":"product_cat-court-metrage","7":"country-belgium-fr","8":"competition-belgian-short-films-competition-fr","9":"genre-drama-fr","10":"genre-fantasy-fr","11":"genre-science-fiction-fr","13":"first","14":"instock","15":"shipping-taxable","16":"purchasable","17":"product-type-simple"},"acf":[],"aioseo_notices":[],"_links":{"self":[{"href":"https:\/\/www.bifff.net\/fr\/wp-json\/wp\/v2\/product\/17202","targetHints":{"allow":["GET"]}}],"collection":[{"href":"https:\/\/www.bifff.net\/fr\/wp-json\/wp\/v2\/product"}],"about":[{"href":"https:\/\/www.bifff.net\/fr\/wp-json\/wp\/v2\/types\/product"}],"wp:featuredmedia":[{"embeddable":true,"href":"https:\/\/www.bifff.net\/fr\/wp-json\/wp\/v2\/media\/17737"}],"wp:attachment":[{"href":"https:\/\/www.bifff.net\/fr\/wp-json\/wp\/v2\/media?parent=17202"}],"wp:term":[{"taxonomy":"product_brand","embeddable":true,"href":"https:\/\/www.bifff.net\/fr\/wp-json\/wp\/v2\/product_brand?post=17202"},{"taxonomy":"product_cat","embeddable":true,"href":"https:\/\/www.bifff.net\/fr\/wp-json\/wp\/v2\/product_cat?post=17202"},{"taxonomy":"product_tag","embeddable":true,"href":"https:\/\/www.bifff.net\/fr\/wp-json\/wp\/v2\/product_tag?post=17202"},{"taxonomy":"country","embeddable":true,"href":"https:\/\/www.bifff.net\/fr\/wp-json\/wp\/v2\/country?post=17202"},{"taxonomy":"competition","embeddable":true,"href":"https:\/\/www.bifff.net\/fr\/wp-json\/wp\/v2\/competition?post=17202"},{"taxonomy":"genre","embeddable":true,"href":"https:\/\/www.bifff.net\/fr\/wp-json\/wp\/v2\/genre?post=17202"},{"taxonomy":"section","embeddable":true,"href":"https:\/\/www.bifff.net\/fr\/wp-json\/wp\/v2\/section?post=17202"}],"curies":[{"name":"wp","href":"https:\/\/api.w.org\/{rel}","templated":true}]}}