{"id":17201,"date":"2026-03-12T12:21:27","date_gmt":"2026-03-12T11:21:27","guid":{"rendered":"https:\/\/www.bifff.net\/product\/portrait-2\/"},"modified":"2026-03-16T12:13:00","modified_gmt":"2026-03-16T11:13:00","slug":"portrait-2","status":"publish","type":"product","link":"https:\/\/www.bifff.net\/fr\/produit\/portrait-2\/","title":{"rendered":"Portrait"},"content":{"rendered":"<p>Dans un manoir d\u00e9labr\u00e9, un peintre reclus r\u00e9alise obsessionnellement des portraits de femmes tandis que sa femme silencieuse erre dans leur demeure \u00e9trange et fig\u00e9e. Leur quotidien en apparence banal dissimule une tension croissante, des regards furtifs, des repas abandonn\u00e9s et une immobilit\u00e9 inqui\u00e9tante. Lorsque le chat de la famille conduit l\u2019\u00e9pouse vers un myst\u00e9rieux garage, elle d\u00e9couvre un secret macabre : l\u2019obsession cach\u00e9e de son mari. Derri\u00e8re des rideaux \u00e9carlates se dessine une v\u00e9rit\u00e9 terrifiante. Alors qu\u2019elle tente de fuir, l\u2019\u0153uvre tordue de son mari approche de son ach\u00e8vement.<\/p>\n","protected":false},"excerpt":{"rendered":"<p>Dans un manoir d\u00e9labr\u00e9, un peintre reclus r\u00e9alise obsessionnellement des portraits de femmes tandis que sa femme silencieuse erre dans leur demeure \u00e9trange et fig\u00e9e. Leur quotidien en apparence banal dissimule une tension croissante, des regards furtifs, des repas abandonn\u00e9s et une immobilit\u00e9 inqui\u00e9tante. Lorsque le chat de la famille conduit l\u2019\u00e9pouse vers un myst\u00e9rieux [&#8230;]\n","protected":false},"featured_media":18275,"template":"","meta":{"om_disable_all_campaigns":false,"_monsterinsights_skip_tracking":false,"_monsterinsights_sitenote_active":false,"_monsterinsights_sitenote_note":"","_monsterinsights_sitenote_category":0},"product_brand":[],"product_cat":[105],"product_tag":[],"country":[1063],"competition":[1064],"genre":[478],"section":[],"class_list":{"0":"post-17201","1":"product","2":"type-product","3":"status-publish","4":"has-post-thumbnail","6":"product_cat-court-metrage","7":"country-belgium-fr","8":"competition-belgian-short-films-competition-fr","9":"genre-horror-fr","11":"first","12":"instock","13":"shipping-taxable","14":"purchasable","15":"product-type-simple"},"acf":[],"aioseo_notices":[],"_links":{"self":[{"href":"https:\/\/www.bifff.net\/fr\/wp-json\/wp\/v2\/product\/17201","targetHints":{"allow":["GET"]}}],"collection":[{"href":"https:\/\/www.bifff.net\/fr\/wp-json\/wp\/v2\/product"}],"about":[{"href":"https:\/\/www.bifff.net\/fr\/wp-json\/wp\/v2\/types\/product"}],"wp:featuredmedia":[{"embeddable":true,"href":"https:\/\/www.bifff.net\/fr\/wp-json\/wp\/v2\/media\/18275"}],"wp:attachment":[{"href":"https:\/\/www.bifff.net\/fr\/wp-json\/wp\/v2\/media?parent=17201"}],"wp:term":[{"taxonomy":"product_brand","embeddable":true,"href":"https:\/\/www.bifff.net\/fr\/wp-json\/wp\/v2\/product_brand?post=17201"},{"taxonomy":"product_cat","embeddable":true,"href":"https:\/\/www.bifff.net\/fr\/wp-json\/wp\/v2\/product_cat?post=17201"},{"taxonomy":"product_tag","embeddable":true,"href":"https:\/\/www.bifff.net\/fr\/wp-json\/wp\/v2\/product_tag?post=17201"},{"taxonomy":"country","embeddable":true,"href":"https:\/\/www.bifff.net\/fr\/wp-json\/wp\/v2\/country?post=17201"},{"taxonomy":"competition","embeddable":true,"href":"https:\/\/www.bifff.net\/fr\/wp-json\/wp\/v2\/competition?post=17201"},{"taxonomy":"genre","embeddable":true,"href":"https:\/\/www.bifff.net\/fr\/wp-json\/wp\/v2\/genre?post=17201"},{"taxonomy":"section","embeddable":true,"href":"https:\/\/www.bifff.net\/fr\/wp-json\/wp\/v2\/section?post=17201"}],"curies":[{"name":"wp","href":"https:\/\/api.w.org\/{rel}","templated":true}]}}