{"id":17200,"date":"2026-03-12T12:21:26","date_gmt":"2026-03-12T11:21:26","guid":{"rendered":"https:\/\/www.bifff.net\/product\/beyond-2\/"},"modified":"2026-03-16T12:13:03","modified_gmt":"2026-03-16T11:13:03","slug":"beyond-2","status":"publish","type":"product","link":"https:\/\/www.bifff.net\/fr\/produit\/beyond-2\/","title":{"rendered":"Pas de dialogue"},"content":{"rendered":"<p>Depuis quelque temps, J\u00e9r\u00e9my est t\u00e9moin de l\u2019\u00e9trange comportement d\u2019Anna, sa m\u00e8re. Fatigu\u00e9e, distante, en proie \u00e0 d\u2019\u00e9tranges absences, elle devient peu \u00e0 peu une \u00e9trang\u00e8re pour lui. Un soir, la fronti\u00e8re entre r\u00e9alit\u00e9 et cauchemar se brouille d\u00e9finitivement lorsqu\u2019il re\u00e7oit la visite d\u2019une apparition spectrale qui ressemble \u00e9trangement \u00e0 Anna. Entre peur et fascination, J\u00e9r\u00e9my va tenter de comprendre cette myst\u00e9rieuse apparition pour pr\u00e9server le lien profond qui l\u2019unit \u00e0 sa m\u00e8re avant qu\u2019il ne soit trop tard.<\/p>\n","protected":false},"excerpt":{"rendered":"<p>Depuis quelque temps, J\u00e9r\u00e9my est t\u00e9moin de l\u2019\u00e9trange comportement d\u2019Anna, sa m\u00e8re. Fatigu\u00e9e, distante, en proie \u00e0 d\u2019\u00e9tranges absences, elle devient peu \u00e0 peu une \u00e9trang\u00e8re pour lui. Un soir, la fronti\u00e8re entre r\u00e9alit\u00e9 et cauchemar se brouille d\u00e9finitivement lorsqu\u2019il re\u00e7oit la visite d\u2019une apparition spectrale qui ressemble \u00e9trangement \u00e0 Anna. Entre peur et fascination, [&#8230;]\n","protected":false},"featured_media":18278,"template":"","meta":{"om_disable_all_campaigns":false,"_monsterinsights_skip_tracking":false,"_monsterinsights_sitenote_active":false,"_monsterinsights_sitenote_note":"","_monsterinsights_sitenote_category":0},"product_brand":[],"product_cat":[105],"product_tag":[],"country":[426],"competition":[1064],"genre":[848,719],"section":[],"class_list":{"0":"post-17200","1":"product","2":"type-product","3":"status-publish","4":"has-post-thumbnail","6":"product_cat-court-metrage","7":"country-france-fr","8":"competition-belgian-short-films-competition-fr","9":"genre-drama-fr","10":"genre-fantasy-fr","12":"first","13":"instock","14":"shipping-taxable","15":"purchasable","16":"product-type-simple"},"acf":[],"aioseo_notices":[],"_links":{"self":[{"href":"https:\/\/www.bifff.net\/fr\/wp-json\/wp\/v2\/product\/17200","targetHints":{"allow":["GET"]}}],"collection":[{"href":"https:\/\/www.bifff.net\/fr\/wp-json\/wp\/v2\/product"}],"about":[{"href":"https:\/\/www.bifff.net\/fr\/wp-json\/wp\/v2\/types\/product"}],"wp:featuredmedia":[{"embeddable":true,"href":"https:\/\/www.bifff.net\/fr\/wp-json\/wp\/v2\/media\/18278"}],"wp:attachment":[{"href":"https:\/\/www.bifff.net\/fr\/wp-json\/wp\/v2\/media?parent=17200"}],"wp:term":[{"taxonomy":"product_brand","embeddable":true,"href":"https:\/\/www.bifff.net\/fr\/wp-json\/wp\/v2\/product_brand?post=17200"},{"taxonomy":"product_cat","embeddable":true,"href":"https:\/\/www.bifff.net\/fr\/wp-json\/wp\/v2\/product_cat?post=17200"},{"taxonomy":"product_tag","embeddable":true,"href":"https:\/\/www.bifff.net\/fr\/wp-json\/wp\/v2\/product_tag?post=17200"},{"taxonomy":"country","embeddable":true,"href":"https:\/\/www.bifff.net\/fr\/wp-json\/wp\/v2\/country?post=17200"},{"taxonomy":"competition","embeddable":true,"href":"https:\/\/www.bifff.net\/fr\/wp-json\/wp\/v2\/competition?post=17200"},{"taxonomy":"genre","embeddable":true,"href":"https:\/\/www.bifff.net\/fr\/wp-json\/wp\/v2\/genre?post=17200"},{"taxonomy":"section","embeddable":true,"href":"https:\/\/www.bifff.net\/fr\/wp-json\/wp\/v2\/section?post=17200"}],"curies":[{"name":"wp","href":"https:\/\/api.w.org\/{rel}","templated":true}]}}