{"id":17061,"date":"2026-03-11T14:29:31","date_gmt":"2026-03-11T13:29:31","guid":{"rendered":"https:\/\/www.bifff.net\/product\/evil-dress-2\/"},"modified":"2026-03-16T12:13:07","modified_gmt":"2026-03-16T11:13:07","slug":"evil-dress-2","status":"publish","type":"product","link":"https:\/\/www.bifff.net\/fr\/produit\/evil-dress-2\/","title":{"rendered":"EVIL DRESS"},"content":{"rendered":"<p>Apr\u00e8s un divorce particuli\u00e8rement houleux, Alicia d\u00e9cide de prendre un nouveau d\u00e9part avec sa fille Carla. Faute de moyens, elles doivent se rabattre sur une baraque un peu v\u00e9tuste, mais l\u2019endroit a du cachet et la voisine est charmante, m\u00eame si elle refuse de passer le pas de la porte. Elle a m\u00eame apport\u00e9 une bible en guise de cadeau en leur souhaitant bonne chance ! Sympa, non ? \u00c9videmment, la petite Carla est impatiente de d\u00e9couvrir la maison, surtout ce grenier qui craque et qui regorge de vieilles babioles. Surtout cette robe bleue l\u00e0, qui lui fait de l\u2019\u0153il&#8230; Ce deuxi\u00e8me film de Jacob Santana respire forc\u00e9ment le r\u00e9cit d\u2019horreur classique, avec son lot de myst\u00e8re, de possession et de maison hant\u00e9e avec sa petite \u201cvibe\u201d gothique. Mais ne vous y trompez pas : un film peut en cacher un autre et, \u00e0 ce jeu-l\u00e0, cette robe mal\u00e9fique est un vrai tour de force !<\/p>\n","protected":false},"excerpt":{"rendered":"<p>Apr\u00e8s un divorce particuli\u00e8rement houleux, Alicia d\u00e9cide de prendre un nouveau d\u00e9part avec sa fille Carla. Faute de moyens, elles doivent se rabattre sur une baraque un peu v\u00e9tuste, mais l\u2019endroit a du cachet et la voisine est charmante, m\u00eame si elle refuse de passer le pas de la porte. Elle a m\u00eame apport\u00e9 une [&#8230;]\n","protected":false},"featured_media":17536,"template":"","meta":{"om_disable_all_campaigns":false,"_monsterinsights_skip_tracking":false,"_monsterinsights_sitenote_active":false,"_monsterinsights_sitenote_note":"","_monsterinsights_sitenote_category":0},"product_brand":[],"product_cat":[104],"product_tag":[],"country":[476],"competition":[437],"genre":[478,710],"section":[],"class_list":{"0":"post-17061","1":"product","2":"type-product","3":"status-publish","4":"has-post-thumbnail","6":"product_cat-long-metrage","7":"country-spain-fr","8":"competition-none-fr","9":"genre-horror-fr","10":"genre-mystery-fr","12":"first","13":"instock","14":"shipping-taxable","15":"purchasable","16":"product-type-simple"},"acf":[],"aioseo_notices":[],"_links":{"self":[{"href":"https:\/\/www.bifff.net\/fr\/wp-json\/wp\/v2\/product\/17061","targetHints":{"allow":["GET"]}}],"collection":[{"href":"https:\/\/www.bifff.net\/fr\/wp-json\/wp\/v2\/product"}],"about":[{"href":"https:\/\/www.bifff.net\/fr\/wp-json\/wp\/v2\/types\/product"}],"wp:featuredmedia":[{"embeddable":true,"href":"https:\/\/www.bifff.net\/fr\/wp-json\/wp\/v2\/media\/17536"}],"wp:attachment":[{"href":"https:\/\/www.bifff.net\/fr\/wp-json\/wp\/v2\/media?parent=17061"}],"wp:term":[{"taxonomy":"product_brand","embeddable":true,"href":"https:\/\/www.bifff.net\/fr\/wp-json\/wp\/v2\/product_brand?post=17061"},{"taxonomy":"product_cat","embeddable":true,"href":"https:\/\/www.bifff.net\/fr\/wp-json\/wp\/v2\/product_cat?post=17061"},{"taxonomy":"product_tag","embeddable":true,"href":"https:\/\/www.bifff.net\/fr\/wp-json\/wp\/v2\/product_tag?post=17061"},{"taxonomy":"country","embeddable":true,"href":"https:\/\/www.bifff.net\/fr\/wp-json\/wp\/v2\/country?post=17061"},{"taxonomy":"competition","embeddable":true,"href":"https:\/\/www.bifff.net\/fr\/wp-json\/wp\/v2\/competition?post=17061"},{"taxonomy":"genre","embeddable":true,"href":"https:\/\/www.bifff.net\/fr\/wp-json\/wp\/v2\/genre?post=17061"},{"taxonomy":"section","embeddable":true,"href":"https:\/\/www.bifff.net\/fr\/wp-json\/wp\/v2\/section?post=17061"}],"curies":[{"name":"wp","href":"https:\/\/api.w.org\/{rel}","templated":true}]}}