{"id":17059,"date":"2026-03-11T14:29:29","date_gmt":"2026-03-11T13:29:29","guid":{"rendered":"https:\/\/www.bifff.net\/product\/back-to-the-past-2\/"},"modified":"2026-03-16T12:13:12","modified_gmt":"2026-03-16T11:13:12","slug":"back-to-the-past-2","status":"publish","type":"product","link":"https:\/\/www.bifff.net\/fr\/produit\/back-to-the-past-2\/","title":{"rendered":"BACK TO THE PAST"},"content":{"rendered":"<p>Hong Siu-Lung a autrefois \u00e9t\u00e9 envoy\u00e9 dans un pass\u00e9 lointain pour prendre une photo du premier empereur Qin (ne posez pas de questions&#8230;), mais il s&rsquo;est retrouv\u00e9 coinc\u00e9 l\u00e0-bas et m\u00e8ne d\u00e9sormais une vie agr\u00e9able et tranquille avec sa famille au sommet d&rsquo;une montagne isol\u00e9e. 25 ans plus tard, l&rsquo;inventeur de cette fameuse machine \u00e0 remonter le temps d\u00e9cide de faire un saut \u00e0 l\u2019\u00e9poque de Hong dans l&#8217;empire Qin, mais il ram\u00e8ne avec lui une arm\u00e9e de mercenaires. Leur plan est de tuer l&#8217;empereur et de r\u00e9\u00e9crire radicalement l&rsquo;histoire de la Chine. L&#8217;empereur fait appel \u00e0 Hong pour mettre \u00e0 profit sa connaissance des armes du futur afin de niquer ces visiteurs temporels ! Vous voulez du spectaculaire ? Des sc\u00e8nes de combat \u00e9poustouflantes entrecoup\u00e9es de quelques bisous romantiques ? Un grand huit d\u2019action \u00e9pique ? H\u00e9 bien, vous \u00eates au bon endroit&#8230;<\/p>\n","protected":false},"excerpt":{"rendered":"<p>Hong Siu-Lung a autrefois \u00e9t\u00e9 envoy\u00e9 dans un pass\u00e9 lointain pour prendre une photo du premier empereur Qin (ne posez pas de questions&#8230;), mais il s&rsquo;est retrouv\u00e9 coinc\u00e9 l\u00e0-bas et m\u00e8ne d\u00e9sormais une vie agr\u00e9able et tranquille avec sa famille au sommet d&rsquo;une montagne isol\u00e9e. 25 ans plus tard, l&rsquo;inventeur de cette fameuse machine \u00e0 [&#8230;]\n","protected":false},"featured_media":17533,"template":"","meta":{"om_disable_all_campaigns":false,"_monsterinsights_skip_tracking":false,"_monsterinsights_sitenote_active":false,"_monsterinsights_sitenote_note":"","_monsterinsights_sitenote_category":0},"product_brand":[],"product_cat":[104],"product_tag":[],"country":[904],"competition":[459],"genre":[461,860,1212],"section":[],"class_list":{"0":"post-17059","1":"product","2":"type-product","3":"status-publish","4":"has-post-thumbnail","6":"product_cat-long-metrage","7":"country-hong-kong-china-fr","8":"competition-international-fr","9":"genre-action-fr","10":"genre-science-fiction-fr","11":"genre-time-travel-fr","13":"first","14":"instock","15":"shipping-taxable","16":"purchasable","17":"product-type-simple"},"acf":[],"aioseo_notices":[],"_links":{"self":[{"href":"https:\/\/www.bifff.net\/fr\/wp-json\/wp\/v2\/product\/17059","targetHints":{"allow":["GET"]}}],"collection":[{"href":"https:\/\/www.bifff.net\/fr\/wp-json\/wp\/v2\/product"}],"about":[{"href":"https:\/\/www.bifff.net\/fr\/wp-json\/wp\/v2\/types\/product"}],"wp:featuredmedia":[{"embeddable":true,"href":"https:\/\/www.bifff.net\/fr\/wp-json\/wp\/v2\/media\/17533"}],"wp:attachment":[{"href":"https:\/\/www.bifff.net\/fr\/wp-json\/wp\/v2\/media?parent=17059"}],"wp:term":[{"taxonomy":"product_brand","embeddable":true,"href":"https:\/\/www.bifff.net\/fr\/wp-json\/wp\/v2\/product_brand?post=17059"},{"taxonomy":"product_cat","embeddable":true,"href":"https:\/\/www.bifff.net\/fr\/wp-json\/wp\/v2\/product_cat?post=17059"},{"taxonomy":"product_tag","embeddable":true,"href":"https:\/\/www.bifff.net\/fr\/wp-json\/wp\/v2\/product_tag?post=17059"},{"taxonomy":"country","embeddable":true,"href":"https:\/\/www.bifff.net\/fr\/wp-json\/wp\/v2\/country?post=17059"},{"taxonomy":"competition","embeddable":true,"href":"https:\/\/www.bifff.net\/fr\/wp-json\/wp\/v2\/competition?post=17059"},{"taxonomy":"genre","embeddable":true,"href":"https:\/\/www.bifff.net\/fr\/wp-json\/wp\/v2\/genre?post=17059"},{"taxonomy":"section","embeddable":true,"href":"https:\/\/www.bifff.net\/fr\/wp-json\/wp\/v2\/section?post=17059"}],"curies":[{"name":"wp","href":"https:\/\/api.w.org\/{rel}","templated":true}]}}