{"id":17057,"date":"2026-03-11T14:29:28","date_gmt":"2026-03-11T13:29:28","guid":{"rendered":"https:\/\/www.bifff.net\/product\/never-after-dark-2\/"},"modified":"2026-03-16T13:35:35","modified_gmt":"2026-03-16T12:35:35","slug":"never-after-dark-2","status":"publish","type":"product","link":"https:\/\/www.bifff.net\/fr\/produit\/never-after-dark-2\/","title":{"rendered":"NEVER AFTER DARK"},"content":{"rendered":"<p>Airi n&rsquo;a pas choisi une vie simple et insouciante. Son travail consiste \u00e0 aider les esprits qui ne parviennent pas \u00e0 passer sans encombre du monde des vivants \u00e0 celui des morts. Cela se produit lorsqu&rsquo;au moment de sa mort, une personne est accabl\u00e9e par trop de soucis terrestres. Bon, OK, c\u2019est une fa\u00e7on polie de dire qu\u2019elle est exorciste. Et son prochain contrat a tout ce qu\u2019il y a de plus banal : une vieille femme qui vit recluse dans une cabane, avec un esprit particuli\u00e8rement jouette et tenace. Une formalit\u00e9, quoi&#8230;. D\u00e9j\u00e0 \u00e0 la man\u0153uvre avec le carton Netflix HOUSE OF NINJAS, le duo Kento Kaku (\u00e0 la prod\u2019) et Dave Boyle (\u00e0 la r\u00e9alisation) ont \u00e0 peine eu le temps de terminer le film, que les mastodontes d\u2019XYZ se sont jet\u00e9s sur les droits internationaux. Et \u00e7a, c\u2019est un indice de qualit\u00e9 autrement plus fiable que le Dow Jones sous Trump !<\/p>\n","protected":false},"excerpt":{"rendered":"<p>Airi n&rsquo;a pas choisi une vie simple et insouciante. Son travail consiste \u00e0 aider les esprits qui ne parviennent pas \u00e0 passer sans encombre du monde des vivants \u00e0 celui des morts. Cela se produit lorsqu&rsquo;au moment de sa mort, une personne est accabl\u00e9e par trop de soucis terrestres. Bon, OK, c\u2019est une fa\u00e7on polie [&#8230;]\n","protected":false},"featured_media":17530,"template":"","meta":{"om_disable_all_campaigns":false,"_monsterinsights_skip_tracking":false,"_monsterinsights_sitenote_active":false,"_monsterinsights_sitenote_note":"","_monsterinsights_sitenote_category":0},"product_brand":[],"product_cat":[104],"product_tag":[],"country":[716],"competition":[459],"genre":[1195,710,885],"section":[],"class_list":{"0":"post-17057","1":"product","2":"type-product","3":"status-publish","4":"has-post-thumbnail","6":"product_cat-long-metrage","7":"country-japan-fr","8":"competition-international-fr","9":"genre-ghost-movie-fr","10":"genre-mystery-fr","11":"genre-serial-killer-fr","13":"first","14":"instock","15":"shipping-taxable","16":"purchasable","17":"product-type-simple"},"acf":[],"aioseo_notices":[],"_links":{"self":[{"href":"https:\/\/www.bifff.net\/fr\/wp-json\/wp\/v2\/product\/17057","targetHints":{"allow":["GET"]}}],"collection":[{"href":"https:\/\/www.bifff.net\/fr\/wp-json\/wp\/v2\/product"}],"about":[{"href":"https:\/\/www.bifff.net\/fr\/wp-json\/wp\/v2\/types\/product"}],"wp:featuredmedia":[{"embeddable":true,"href":"https:\/\/www.bifff.net\/fr\/wp-json\/wp\/v2\/media\/17530"}],"wp:attachment":[{"href":"https:\/\/www.bifff.net\/fr\/wp-json\/wp\/v2\/media?parent=17057"}],"wp:term":[{"taxonomy":"product_brand","embeddable":true,"href":"https:\/\/www.bifff.net\/fr\/wp-json\/wp\/v2\/product_brand?post=17057"},{"taxonomy":"product_cat","embeddable":true,"href":"https:\/\/www.bifff.net\/fr\/wp-json\/wp\/v2\/product_cat?post=17057"},{"taxonomy":"product_tag","embeddable":true,"href":"https:\/\/www.bifff.net\/fr\/wp-json\/wp\/v2\/product_tag?post=17057"},{"taxonomy":"country","embeddable":true,"href":"https:\/\/www.bifff.net\/fr\/wp-json\/wp\/v2\/country?post=17057"},{"taxonomy":"competition","embeddable":true,"href":"https:\/\/www.bifff.net\/fr\/wp-json\/wp\/v2\/competition?post=17057"},{"taxonomy":"genre","embeddable":true,"href":"https:\/\/www.bifff.net\/fr\/wp-json\/wp\/v2\/genre?post=17057"},{"taxonomy":"section","embeddable":true,"href":"https:\/\/www.bifff.net\/fr\/wp-json\/wp\/v2\/section?post=17057"}],"curies":[{"name":"wp","href":"https:\/\/api.w.org\/{rel}","templated":true}]}}