{"id":17055,"date":"2026-03-11T14:29:26","date_gmt":"2026-03-11T13:29:26","guid":{"rendered":"https:\/\/www.bifff.net\/product\/stronger-than-the-devil-2\/"},"modified":"2026-03-19T10:37:01","modified_gmt":"2026-03-19T09:37:01","slug":"stronger-than-the-devil-2","status":"publish","type":"product","link":"https:\/\/www.bifff.net\/fr\/produit\/stronger-than-the-devil-2\/","title":{"rendered":"STRONGER THAN THE DEVIL (PLUS FORTS QUE LE DIABLE)"},"content":{"rendered":"<p>Joseph et sa petite amie sont bien plus que monogames : ils sont monotones. Rien ne d\u00e9passe de leur quotidien p\u00e9p\u00e8re, tout est carr\u00e9, pr\u00e9vu et calcul\u00e9 au cordeau. Mais un beau jour, Joseph tombe par hasard sur Valentin, son g\u00e9niteur avant d\u2019\u00eatre son p\u00e8re, apr\u00e8s vingt ans de silence radio&#8230; Et l\u00e0 c\u2019est le choc. Car Valentin, c\u2019est l\u2019antith\u00e8se de son h\u00e9ritier : paum\u00e9, fauch\u00e9, ivrogne, impr\u00e9visible et sp\u00e9cialiste des plans foireux. \u00c9videmment, avec sa connerie contagieuse, papounet va entra\u00eener notre joli petit couple dans une v\u00e9ritable descente aux enfers qui ne laissera personne indemne&#8230; V\u00e9ritable patchwork de r\u00e9f\u00e9rences pop et d\u00e9cal\u00e9es, le nouveau film de Graham Guit a l\u2019audace d\u2019un doigt d\u2019honneur artistique au conformisme ambiant, et la gueule d\u2019un punk \u00e0 chien bourr\u00e9 sorti d\u2019une lessiveuse automatique. Noir, jouissif, irr\u00e9v\u00e9rencieux. Tout simplement redoutable !<\/p>\n","protected":false},"excerpt":{"rendered":"<p>Joseph et sa petite amie sont bien plus que monogames : ils sont monotones. Rien ne d\u00e9passe de leur quotidien p\u00e9p\u00e8re, tout est carr\u00e9, pr\u00e9vu et calcul\u00e9 au cordeau. Mais un beau jour, Joseph tombe par hasard sur Valentin, son g\u00e9niteur avant d\u2019\u00eatre son p\u00e8re, apr\u00e8s vingt ans de silence radio&#8230; Et l\u00e0 c\u2019est le [&#8230;]\n","protected":false},"featured_media":17521,"template":"","meta":{"om_disable_all_campaigns":false,"_monsterinsights_skip_tracking":false,"_monsterinsights_sitenote_active":false,"_monsterinsights_sitenote_note":"","_monsterinsights_sitenote_category":0},"product_brand":[],"product_cat":[104],"product_tag":[],"country":[1063,426],"competition":[695],"genre":[461,429,478],"section":[],"class_list":{"0":"post-17055","1":"product","2":"type-product","3":"status-publish","4":"has-post-thumbnail","6":"product_cat-long-metrage","7":"country-belgium-fr","8":"country-france-fr","9":"competition-black-raven-fr","10":"genre-action-fr","11":"genre-black-comedy-fr","12":"genre-horror-fr","14":"first","15":"instock","16":"shipping-taxable","17":"purchasable","18":"product-type-simple"},"acf":[],"aioseo_notices":[],"_links":{"self":[{"href":"https:\/\/www.bifff.net\/fr\/wp-json\/wp\/v2\/product\/17055","targetHints":{"allow":["GET"]}}],"collection":[{"href":"https:\/\/www.bifff.net\/fr\/wp-json\/wp\/v2\/product"}],"about":[{"href":"https:\/\/www.bifff.net\/fr\/wp-json\/wp\/v2\/types\/product"}],"wp:featuredmedia":[{"embeddable":true,"href":"https:\/\/www.bifff.net\/fr\/wp-json\/wp\/v2\/media\/17521"}],"wp:attachment":[{"href":"https:\/\/www.bifff.net\/fr\/wp-json\/wp\/v2\/media?parent=17055"}],"wp:term":[{"taxonomy":"product_brand","embeddable":true,"href":"https:\/\/www.bifff.net\/fr\/wp-json\/wp\/v2\/product_brand?post=17055"},{"taxonomy":"product_cat","embeddable":true,"href":"https:\/\/www.bifff.net\/fr\/wp-json\/wp\/v2\/product_cat?post=17055"},{"taxonomy":"product_tag","embeddable":true,"href":"https:\/\/www.bifff.net\/fr\/wp-json\/wp\/v2\/product_tag?post=17055"},{"taxonomy":"country","embeddable":true,"href":"https:\/\/www.bifff.net\/fr\/wp-json\/wp\/v2\/country?post=17055"},{"taxonomy":"competition","embeddable":true,"href":"https:\/\/www.bifff.net\/fr\/wp-json\/wp\/v2\/competition?post=17055"},{"taxonomy":"genre","embeddable":true,"href":"https:\/\/www.bifff.net\/fr\/wp-json\/wp\/v2\/genre?post=17055"},{"taxonomy":"section","embeddable":true,"href":"https:\/\/www.bifff.net\/fr\/wp-json\/wp\/v2\/section?post=17055"}],"curies":[{"name":"wp","href":"https:\/\/api.w.org\/{rel}","templated":true}]}}