{"id":17053,"date":"2026-03-11T14:29:24","date_gmt":"2026-03-11T13:29:24","guid":{"rendered":"https:\/\/www.bifff.net\/product\/sisu-road-to-revenge-2\/"},"modified":"2026-03-16T13:35:40","modified_gmt":"2026-03-16T12:35:40","slug":"sisu-road-to-revenge-2","status":"publish","type":"product","link":"https:\/\/www.bifff.net\/fr\/produit\/sisu-road-to-revenge-2\/","title":{"rendered":"SISU: ROAD TO REVENGE"},"content":{"rendered":"<p>1946. Apr\u00e8s avoir tu\u00e9 plus de 300 Nazis et autant de Russes, Aatami Korpi aimerait retourner chez lui sans faire trop de vagues. Mais c\u2019est compter sans le retour de Sib\u00e9rie d\u2019Igor Draganov, la brute sanguinaire qui a d\u00e9coup\u00e9 \u00e0 la pelle toute la famille d\u2019Aatami. Il a cr\u00e9\u00e9 malgr\u00e9 lui la l\u00e9gende. Il aimerait bien l\u2019enterrer, maintenant. Mauvaise pioche (sans jeu de mot)\u2026 On a projet\u00e9 RARE EXPORTS, BIG GAME et SISU de l\u2019ami Jalmari Helander au BIFFF. Deux Prix du Public sur trois films, \u00e7a fr\u00f4le le grand chelem. Mais surtout, de l\u2019aveu m\u00eame du r\u00e9alisateur, la s\u00e9ance de SISU au BIFFF \u00e9tait \u00ab la plus d\u00e9jant\u00e9e au monde \u00bb. Alors oui, cher public, on ne pouvait pas passer \u00e0 c\u00f4t\u00e9 de ce nouveau d\u00e9fi sur grand \u00e9cran ! Pr\u00e9parez vos vocalises, car cette vengeance n\u2019est autre que la version death metal hardcore du film d\u2019action !<\/p>\n","protected":false},"excerpt":{"rendered":"<p>1946. Apr\u00e8s avoir tu\u00e9 plus de 300 Nazis et autant de Russes, Aatami Korpi aimerait retourner chez lui sans faire trop de vagues. Mais c\u2019est compter sans le retour de Sib\u00e9rie d\u2019Igor Draganov, la brute sanguinaire qui a d\u00e9coup\u00e9 \u00e0 la pelle toute la famille d\u2019Aatami. Il a cr\u00e9\u00e9 malgr\u00e9 lui la l\u00e9gende. Il aimerait [&#8230;]\n","protected":false},"featured_media":18641,"template":"","meta":{"om_disable_all_campaigns":false,"_monsterinsights_skip_tracking":false,"_monsterinsights_sitenote_active":false,"_monsterinsights_sitenote_note":"","_monsterinsights_sitenote_category":0},"product_brand":[],"product_cat":[104],"product_tag":[],"country":[897,902,671],"competition":[437],"genre":[461,488,462],"section":[],"class_list":{"0":"post-17053","1":"product","2":"type-product","3":"status-publish","4":"has-post-thumbnail","6":"product_cat-long-metrage","7":"country-finland-fr","8":"country-uk-fr","9":"country-usa-fr","10":"competition-none-fr","11":"genre-action-fr","12":"genre-gore-fr","13":"genre-thriller-fr","15":"first","16":"instock","17":"shipping-taxable","18":"purchasable","19":"product-type-simple"},"acf":[],"aioseo_notices":[],"_links":{"self":[{"href":"https:\/\/www.bifff.net\/fr\/wp-json\/wp\/v2\/product\/17053","targetHints":{"allow":["GET"]}}],"collection":[{"href":"https:\/\/www.bifff.net\/fr\/wp-json\/wp\/v2\/product"}],"about":[{"href":"https:\/\/www.bifff.net\/fr\/wp-json\/wp\/v2\/types\/product"}],"wp:featuredmedia":[{"embeddable":true,"href":"https:\/\/www.bifff.net\/fr\/wp-json\/wp\/v2\/media\/18641"}],"wp:attachment":[{"href":"https:\/\/www.bifff.net\/fr\/wp-json\/wp\/v2\/media?parent=17053"}],"wp:term":[{"taxonomy":"product_brand","embeddable":true,"href":"https:\/\/www.bifff.net\/fr\/wp-json\/wp\/v2\/product_brand?post=17053"},{"taxonomy":"product_cat","embeddable":true,"href":"https:\/\/www.bifff.net\/fr\/wp-json\/wp\/v2\/product_cat?post=17053"},{"taxonomy":"product_tag","embeddable":true,"href":"https:\/\/www.bifff.net\/fr\/wp-json\/wp\/v2\/product_tag?post=17053"},{"taxonomy":"country","embeddable":true,"href":"https:\/\/www.bifff.net\/fr\/wp-json\/wp\/v2\/country?post=17053"},{"taxonomy":"competition","embeddable":true,"href":"https:\/\/www.bifff.net\/fr\/wp-json\/wp\/v2\/competition?post=17053"},{"taxonomy":"genre","embeddable":true,"href":"https:\/\/www.bifff.net\/fr\/wp-json\/wp\/v2\/genre?post=17053"},{"taxonomy":"section","embeddable":true,"href":"https:\/\/www.bifff.net\/fr\/wp-json\/wp\/v2\/section?post=17053"}],"curies":[{"name":"wp","href":"https:\/\/api.w.org\/{rel}","templated":true}]}}