{"id":17051,"date":"2026-03-11T14:29:23","date_gmt":"2026-03-11T13:29:23","guid":{"rendered":"https:\/\/www.bifff.net\/product\/kyma-2\/"},"modified":"2026-03-16T13:35:42","modified_gmt":"2026-03-16T12:35:42","slug":"kyma-2","status":"publish","type":"product","link":"https:\/\/www.bifff.net\/fr\/produit\/kyma-2\/","title":{"rendered":"KYMA"},"content":{"rendered":"<p>Tony, un adolescent passionn\u00e9 par les animaux, voit son existence boulevers\u00e9e lorsqu\u2019il rencontre dans son village une cr\u00e9ature myst\u00e9rieuse : la Kyma, onde sonore vivante capable de briser la mati\u00e8re. Avec l\u2019aide de ses deux meilleurs amis, Tony tente de l\u2019apprivoiser, sans mesurer le danger qu\u2019elle repr\u00e9sente. Tr\u00e8s vite, ils d\u00e9couvrent qu\u2019ils ne sont pas les seuls \u00e0 s\u2019y int\u00e9resser : une organisation secr\u00e8te est d\u00e9j\u00e0 sur ses traces\u2026&#8230; Avec ce premier long tr\u00e8s ambitieux, Romain Daudet-Jahan s\u2019inscrit de fa\u00e7on totalement assum\u00e9e dans la droite ligne des classiques tels qu\u2019ET., L\u2019EXTRATERRESTRE ou encore LES GOONIES, et c\u2019est exactement le genre de p\u00e9pite qu\u2019il vous faut si vous voulez initier vos enfants au monde merveilleux du fantastique !!<\/p>\n","protected":false},"excerpt":{"rendered":"<p>Tony, un adolescent passionn\u00e9 par les animaux, voit son existence boulevers\u00e9e lorsqu\u2019il rencontre dans son village une cr\u00e9ature myst\u00e9rieuse : la Kyma, onde sonore vivante capable de briser la mati\u00e8re. Avec l\u2019aide de ses deux meilleurs amis, Tony tente de l\u2019apprivoiser, sans mesurer le danger qu\u2019elle repr\u00e9sente. Tr\u00e8s vite, ils d\u00e9couvrent qu\u2019ils ne sont pas [&#8230;]\n","protected":false},"featured_media":18188,"template":"","meta":{"om_disable_all_campaigns":false,"_monsterinsights_skip_tracking":false,"_monsterinsights_sitenote_active":false,"_monsterinsights_sitenote_note":"","_monsterinsights_sitenote_category":0},"product_brand":[],"product_cat":[104],"product_tag":[],"country":[426],"competition":[1361],"genre":[861,1362,719],"section":[],"class_list":{"0":"post-17051","1":"product","2":"type-product","3":"status-publish","4":"has-post-thumbnail","6":"product_cat-long-metrage","7":"country-france-fr","8":"competition-melies-fr","9":"genre-adventure-fr","10":"genre-family-fr","11":"genre-fantasy-fr","13":"first","14":"instock","15":"shipping-taxable","16":"purchasable","17":"product-type-simple"},"acf":[],"aioseo_notices":[],"_links":{"self":[{"href":"https:\/\/www.bifff.net\/fr\/wp-json\/wp\/v2\/product\/17051","targetHints":{"allow":["GET"]}}],"collection":[{"href":"https:\/\/www.bifff.net\/fr\/wp-json\/wp\/v2\/product"}],"about":[{"href":"https:\/\/www.bifff.net\/fr\/wp-json\/wp\/v2\/types\/product"}],"wp:featuredmedia":[{"embeddable":true,"href":"https:\/\/www.bifff.net\/fr\/wp-json\/wp\/v2\/media\/18188"}],"wp:attachment":[{"href":"https:\/\/www.bifff.net\/fr\/wp-json\/wp\/v2\/media?parent=17051"}],"wp:term":[{"taxonomy":"product_brand","embeddable":true,"href":"https:\/\/www.bifff.net\/fr\/wp-json\/wp\/v2\/product_brand?post=17051"},{"taxonomy":"product_cat","embeddable":true,"href":"https:\/\/www.bifff.net\/fr\/wp-json\/wp\/v2\/product_cat?post=17051"},{"taxonomy":"product_tag","embeddable":true,"href":"https:\/\/www.bifff.net\/fr\/wp-json\/wp\/v2\/product_tag?post=17051"},{"taxonomy":"country","embeddable":true,"href":"https:\/\/www.bifff.net\/fr\/wp-json\/wp\/v2\/country?post=17051"},{"taxonomy":"competition","embeddable":true,"href":"https:\/\/www.bifff.net\/fr\/wp-json\/wp\/v2\/competition?post=17051"},{"taxonomy":"genre","embeddable":true,"href":"https:\/\/www.bifff.net\/fr\/wp-json\/wp\/v2\/genre?post=17051"},{"taxonomy":"section","embeddable":true,"href":"https:\/\/www.bifff.net\/fr\/wp-json\/wp\/v2\/section?post=17051"}],"curies":[{"name":"wp","href":"https:\/\/api.w.org\/{rel}","templated":true}]}}