{"id":17049,"date":"2026-03-11T14:29:21","date_gmt":"2026-03-11T13:29:21","guid":{"rendered":"https:\/\/www.bifff.net\/product\/whistle-2\/"},"modified":"2026-03-16T13:35:45","modified_gmt":"2026-03-16T12:35:45","slug":"whistle-2","status":"publish","type":"product","link":"https:\/\/www.bifff.net\/fr\/produit\/whistle-2\/","title":{"rendered":"WHISTLE"},"content":{"rendered":"<p>Oui, nous nous retrouvons une fois de plus dans l&rsquo;un des environnements les plus dangereux cr\u00e9\u00e9s par le monde moderne : un lyc\u00e9e, quelque part aux \u00c9tats-Unis. Alors, pas de fusillade de masse, mais un ancien sifflet azt\u00e8que qui a la mauvaise id\u00e9e de tomber entre les mains d\u2019une bande de lyc\u00e9ens marginaux. Serait-ce le Saint-Graal pour faire grimper leur cote de popularit\u00e9 ? Est-ce que quelqu\u2019un a v\u00e9rifi\u00e9 si ce sifflet avait une page Wikip\u00e9dia ? D\u2019\u00e9ventuels effets secondaires ? Bien s\u00fbr que naaaan !!! On va tous siffler dedans et mettre \u00e7a sur Tik Tok, comme d\u2019hab\u2019, quitte \u00e0 comprendre \u2013 un peu tard, certes &#8211; que l\u2019esp\u00e9rance de vie moyenne chez les jeunes reste somme toute tr\u00e8s al\u00e9atoire&#8230;. Quand le r\u00e9alisateur de THE NUN s\u2019associe au sc\u00e9nariste de BLOOD FEST pour traumatiser des ados avec Nick Frost en prof, qui sommes-nous pour refuser un tel cadeau ?<\/p>\n","protected":false},"excerpt":{"rendered":"<p>Oui, nous nous retrouvons une fois de plus dans l&rsquo;un des environnements les plus dangereux cr\u00e9\u00e9s par le monde moderne : un lyc\u00e9e, quelque part aux \u00c9tats-Unis. Alors, pas de fusillade de masse, mais un ancien sifflet azt\u00e8que qui a la mauvaise id\u00e9e de tomber entre les mains d\u2019une bande de lyc\u00e9ens marginaux. Serait-ce le [&#8230;]\n","protected":false},"featured_media":17506,"template":"","meta":{"om_disable_all_campaigns":false,"_monsterinsights_skip_tracking":false,"_monsterinsights_sitenote_active":false,"_monsterinsights_sitenote_note":"","_monsterinsights_sitenote_category":0},"product_brand":[],"product_cat":[104],"product_tag":[],"country":[1068,671],"competition":[459],"genre":[478,710,868],"section":[],"class_list":{"0":"post-17049","1":"product","2":"type-product","3":"status-publish","4":"has-post-thumbnail","6":"product_cat-long-metrage","7":"country-ireland-fr","8":"country-usa-fr","9":"competition-international-fr","10":"genre-horror-fr","11":"genre-mystery-fr","12":"genre-supernatural-fr","14":"first","15":"instock","16":"shipping-taxable","17":"purchasable","18":"product-type-simple"},"acf":[],"aioseo_notices":[],"_links":{"self":[{"href":"https:\/\/www.bifff.net\/fr\/wp-json\/wp\/v2\/product\/17049","targetHints":{"allow":["GET"]}}],"collection":[{"href":"https:\/\/www.bifff.net\/fr\/wp-json\/wp\/v2\/product"}],"about":[{"href":"https:\/\/www.bifff.net\/fr\/wp-json\/wp\/v2\/types\/product"}],"wp:featuredmedia":[{"embeddable":true,"href":"https:\/\/www.bifff.net\/fr\/wp-json\/wp\/v2\/media\/17506"}],"wp:attachment":[{"href":"https:\/\/www.bifff.net\/fr\/wp-json\/wp\/v2\/media?parent=17049"}],"wp:term":[{"taxonomy":"product_brand","embeddable":true,"href":"https:\/\/www.bifff.net\/fr\/wp-json\/wp\/v2\/product_brand?post=17049"},{"taxonomy":"product_cat","embeddable":true,"href":"https:\/\/www.bifff.net\/fr\/wp-json\/wp\/v2\/product_cat?post=17049"},{"taxonomy":"product_tag","embeddable":true,"href":"https:\/\/www.bifff.net\/fr\/wp-json\/wp\/v2\/product_tag?post=17049"},{"taxonomy":"country","embeddable":true,"href":"https:\/\/www.bifff.net\/fr\/wp-json\/wp\/v2\/country?post=17049"},{"taxonomy":"competition","embeddable":true,"href":"https:\/\/www.bifff.net\/fr\/wp-json\/wp\/v2\/competition?post=17049"},{"taxonomy":"genre","embeddable":true,"href":"https:\/\/www.bifff.net\/fr\/wp-json\/wp\/v2\/genre?post=17049"},{"taxonomy":"section","embeddable":true,"href":"https:\/\/www.bifff.net\/fr\/wp-json\/wp\/v2\/section?post=17049"}],"curies":[{"name":"wp","href":"https:\/\/api.w.org\/{rel}","templated":true}]}}