{"id":17048,"date":"2026-03-11T14:29:20","date_gmt":"2026-03-11T13:29:20","guid":{"rendered":"https:\/\/www.bifff.net\/product\/kraken-2\/"},"modified":"2026-03-16T13:35:46","modified_gmt":"2026-03-16T12:35:46","slug":"kraken-2","status":"publish","type":"product","link":"https:\/\/www.bifff.net\/fr\/produit\/kraken-2\/","title":{"rendered":"KRAKEN"},"content":{"rendered":"<p>Johanne est une biologiste marine bas\u00e9e \u00e0 Vangsnes, sympathique village pos\u00e9 sur les rives du Sognefjord. Un cadre idyllique avec des falaises qui culminent \u00e0 1000 m\u00e8tres et un fjord \u00e9norme \u2013 le plus grand d\u2019Europe, para\u00eet-il \u2013 qui est tout aussi profond. Bref, y a de quoi fouiller pour Johanne. La seule ombre au tableau, c\u2019est ce promoteur avide qui r\u00eave de transformer ce sanctuaire en mare \u00e0 sushis vivants pour ses clients japonais. Puis, l\u2019ombre va grossir avec la mort brutale et soudaine de deux ados de la r\u00e9gion. Et cette ombre va alors s\u2019\u00e9taler dans les profondeurs du fjord, comme si toute cette agitation avait d\u00e9rang\u00e9 le paisible sommeil d\u2019une bestiole mythique. Du genre immense. F\u00e9roce. Tentaculaire. Vorace. Et furieuse de ce tapage incessant ! \u00e7a sent le petit casse-dalle du si\u00e8cle pour se calmer, on vous le dit\u2026<\/p>\n","protected":false},"excerpt":{"rendered":"<p>Johanne est une biologiste marine bas\u00e9e \u00e0 Vangsnes, sympathique village pos\u00e9 sur les rives du Sognefjord. Un cadre idyllique avec des falaises qui culminent \u00e0 1000 m\u00e8tres et un fjord \u00e9norme \u2013 le plus grand d\u2019Europe, para\u00eet-il \u2013 qui est tout aussi profond. Bref, y a de quoi fouiller pour Johanne. La seule ombre au [&#8230;]\n","protected":false},"featured_media":17500,"template":"","meta":{"om_disable_all_campaigns":false,"_monsterinsights_skip_tracking":false,"_monsterinsights_sitenote_active":false,"_monsterinsights_sitenote_note":"","_monsterinsights_sitenote_category":0},"product_brand":[],"product_cat":[104],"product_tag":[],"country":[929],"competition":[1361],"genre":[903],"section":[],"class_list":{"0":"post-17048","1":"product","2":"type-product","3":"status-publish","4":"has-post-thumbnail","6":"product_cat-long-metrage","7":"country-norway-fr","8":"competition-melies-fr","9":"genre-monster-movie-fr","11":"first","12":"instock","13":"shipping-taxable","14":"purchasable","15":"product-type-simple"},"acf":[],"aioseo_notices":[],"_links":{"self":[{"href":"https:\/\/www.bifff.net\/fr\/wp-json\/wp\/v2\/product\/17048","targetHints":{"allow":["GET"]}}],"collection":[{"href":"https:\/\/www.bifff.net\/fr\/wp-json\/wp\/v2\/product"}],"about":[{"href":"https:\/\/www.bifff.net\/fr\/wp-json\/wp\/v2\/types\/product"}],"wp:featuredmedia":[{"embeddable":true,"href":"https:\/\/www.bifff.net\/fr\/wp-json\/wp\/v2\/media\/17500"}],"wp:attachment":[{"href":"https:\/\/www.bifff.net\/fr\/wp-json\/wp\/v2\/media?parent=17048"}],"wp:term":[{"taxonomy":"product_brand","embeddable":true,"href":"https:\/\/www.bifff.net\/fr\/wp-json\/wp\/v2\/product_brand?post=17048"},{"taxonomy":"product_cat","embeddable":true,"href":"https:\/\/www.bifff.net\/fr\/wp-json\/wp\/v2\/product_cat?post=17048"},{"taxonomy":"product_tag","embeddable":true,"href":"https:\/\/www.bifff.net\/fr\/wp-json\/wp\/v2\/product_tag?post=17048"},{"taxonomy":"country","embeddable":true,"href":"https:\/\/www.bifff.net\/fr\/wp-json\/wp\/v2\/country?post=17048"},{"taxonomy":"competition","embeddable":true,"href":"https:\/\/www.bifff.net\/fr\/wp-json\/wp\/v2\/competition?post=17048"},{"taxonomy":"genre","embeddable":true,"href":"https:\/\/www.bifff.net\/fr\/wp-json\/wp\/v2\/genre?post=17048"},{"taxonomy":"section","embeddable":true,"href":"https:\/\/www.bifff.net\/fr\/wp-json\/wp\/v2\/section?post=17048"}],"curies":[{"name":"wp","href":"https:\/\/api.w.org\/{rel}","templated":true}]}}