{"id":17047,"date":"2026-03-11T14:29:19","date_gmt":"2026-03-11T13:29:19","guid":{"rendered":"https:\/\/www.bifff.net\/product\/african-kung-fu-nazis-ii-bum-bum-2\/"},"modified":"2026-03-16T13:35:48","modified_gmt":"2026-03-16T12:35:48","slug":"african-kung-fu-nazis-ii-bum-bum-2","status":"publish","type":"product","link":"https:\/\/www.bifff.net\/fr\/produit\/african-kung-fu-nazis-ii-bum-bum-2\/","title":{"rendered":"AFRICAN KUNG FU NAZIS II &#8211; BUM BUM!"},"content":{"rendered":"<p>L\u2019heure est grave au Ghana&#8230; Non seulement, Hitler n\u2019est pas mort, mais il va carr\u00e9ment tenter de s\u2019emparer de la pr\u00e9sidence du pays avec sa milice militaire du Kumawood Reichsparteitag ! Un h\u00e9ros se dressera-t-il pour affronter son style mortel de kung fu guillotine ? Oh oui, et cet homme n\u2019est autre qu\u2019Addo, un expert manchot en kung fu qui cherche \u00e0 venger la mort de son fr\u00e8re, Addae (d\u00e9capit\u00e9, nat\u00fcrlich, par le kung fu guillotine de Hitler). \u00c7a va jusque l\u00e0 ? Vous suivez ? Bon, parce qu\u2019on peut encore pousser le vice, et imaginer que derri\u00e8re le moustachu le plus ha\u00ef de l\u2019histoire se cache en fait un cyborg qui r\u00e9pond au doux nom d\u2019Adolf Robotler&#8230; Vous l\u2019aurez compris, voici le film qui mettra d\u2019accord Les Cahiers du Cin\u00e9ma, Le Monde, Les Inrockuptibles, Empire Magazine et m\u00eame Hugues Dayez. Une telle unanimit\u00e9, c\u2019est \u00e0 coup s\u00fbr la promesse d\u2019une s\u00e9ance d\u2019anthologie au BIFFF, nein ?<\/p>\n","protected":false},"excerpt":{"rendered":"<p>L\u2019heure est grave au Ghana&#8230; Non seulement, Hitler n\u2019est pas mort, mais il va carr\u00e9ment tenter de s\u2019emparer de la pr\u00e9sidence du pays avec sa milice militaire du Kumawood Reichsparteitag ! Un h\u00e9ros se dressera-t-il pour affronter son style mortel de kung fu guillotine ? Oh oui, et cet homme n\u2019est autre qu\u2019Addo, un expert [&#8230;]\n","protected":false},"featured_media":17493,"template":"","meta":{"om_disable_all_campaigns":false,"_monsterinsights_skip_tracking":false,"_monsterinsights_sitenote_active":false,"_monsterinsights_sitenote_note":"","_monsterinsights_sitenote_category":0},"product_brand":[],"product_cat":[104],"product_tag":[],"country":[1072,716],"competition":[437],"genre":[854,717,922],"section":[],"class_list":{"0":"post-17047","1":"product","2":"type-product","3":"status-publish","4":"has-post-thumbnail","6":"product_cat-long-metrage","7":"country-germany-fr","8":"country-japan-fr","9":"competition-none-fr","10":"genre-comedy-fr","11":"genre-martial-arts-fr","12":"genre-parody-fr","14":"first","15":"instock","16":"shipping-taxable","17":"purchasable","18":"product-type-simple"},"acf":[],"aioseo_notices":[],"_links":{"self":[{"href":"https:\/\/www.bifff.net\/fr\/wp-json\/wp\/v2\/product\/17047","targetHints":{"allow":["GET"]}}],"collection":[{"href":"https:\/\/www.bifff.net\/fr\/wp-json\/wp\/v2\/product"}],"about":[{"href":"https:\/\/www.bifff.net\/fr\/wp-json\/wp\/v2\/types\/product"}],"wp:featuredmedia":[{"embeddable":true,"href":"https:\/\/www.bifff.net\/fr\/wp-json\/wp\/v2\/media\/17493"}],"wp:attachment":[{"href":"https:\/\/www.bifff.net\/fr\/wp-json\/wp\/v2\/media?parent=17047"}],"wp:term":[{"taxonomy":"product_brand","embeddable":true,"href":"https:\/\/www.bifff.net\/fr\/wp-json\/wp\/v2\/product_brand?post=17047"},{"taxonomy":"product_cat","embeddable":true,"href":"https:\/\/www.bifff.net\/fr\/wp-json\/wp\/v2\/product_cat?post=17047"},{"taxonomy":"product_tag","embeddable":true,"href":"https:\/\/www.bifff.net\/fr\/wp-json\/wp\/v2\/product_tag?post=17047"},{"taxonomy":"country","embeddable":true,"href":"https:\/\/www.bifff.net\/fr\/wp-json\/wp\/v2\/country?post=17047"},{"taxonomy":"competition","embeddable":true,"href":"https:\/\/www.bifff.net\/fr\/wp-json\/wp\/v2\/competition?post=17047"},{"taxonomy":"genre","embeddable":true,"href":"https:\/\/www.bifff.net\/fr\/wp-json\/wp\/v2\/genre?post=17047"},{"taxonomy":"section","embeddable":true,"href":"https:\/\/www.bifff.net\/fr\/wp-json\/wp\/v2\/section?post=17047"}],"curies":[{"name":"wp","href":"https:\/\/api.w.org\/{rel}","templated":true}]}}