{"id":17046,"date":"2026-03-11T14:29:19","date_gmt":"2026-03-11T13:29:19","guid":{"rendered":"https:\/\/www.bifff.net\/product\/friday-the-69th-2\/"},"modified":"2026-03-16T13:35:48","modified_gmt":"2026-03-16T12:35:48","slug":"friday-the-69th-2","status":"publish","type":"product","link":"https:\/\/www.bifff.net\/fr\/produit\/friday-the-69th-2\/","title":{"rendered":"FRIDAY THE 69TH"},"content":{"rendered":"<p>Nous sommes au d\u00e9but des ann\u00e9es 80, \u00e2ge d\u2019or des slashers qui tracent du B au Z et qui rapportent un paquet de pognon. Michael, big boss d\u2019une \u00e9quipe sp\u00e9cialis\u00e9e dans le porno, flaire le filon et propose \u00e0 son \u00e9curie bien membr\u00e9e de se faire d\u00e9membrer dans un slasher \u00e9crit par ses soins: des \u00e9tudiants en spring break qui vont dans un camp de vacances o\u00f9 r\u00f4de un myst\u00e9rieux apiculteur assoif\u00e9 de sang et de vengeance. Alors, c\u2019est pas du Shakespeare, il n\u2019y aura pas de double p\u00e9n\u00e9tration d\u00e8s les cinq premi\u00e8res minutes, et il y aura du texte \u00e0 apprendre. Autrement dit, d\u00e9couvrir une fonction in\u00e9dite de son appendice buccal&#8230; En fin connaisseur des s\u00e9ries B fauch\u00e9es, Alex Montilla nous offre un hommage taill\u00e9 sur mesure tourn\u00e9 dans la maison m\u00eame de MASSACRE A LA TRONCONNEUSE: du gore, du gras, du fun et une po\u00e9sie vintage qui rappelle le charme discret de la connerie assum\u00e9e !<\/p>\n","protected":false},"excerpt":{"rendered":"<p>Nous sommes au d\u00e9but des ann\u00e9es 80, \u00e2ge d\u2019or des slashers qui tracent du B au Z et qui rapportent un paquet de pognon. Michael, big boss d\u2019une \u00e9quipe sp\u00e9cialis\u00e9e dans le porno, flaire le filon et propose \u00e0 son \u00e9curie bien membr\u00e9e de se faire d\u00e9membrer dans un slasher \u00e9crit par ses soins: des [&#8230;]\n","protected":false},"featured_media":17497,"template":"","meta":{"om_disable_all_campaigns":false,"_monsterinsights_skip_tracking":false,"_monsterinsights_sitenote_active":false,"_monsterinsights_sitenote_note":"","_monsterinsights_sitenote_category":0},"product_brand":[],"product_cat":[104],"product_tag":[],"country":[671],"competition":[437],"genre":[854,922,1375],"section":[],"class_list":{"0":"post-17046","1":"product","2":"type-product","3":"status-publish","4":"has-post-thumbnail","6":"product_cat-long-metrage","7":"country-usa-fr","8":"competition-none-fr","9":"genre-comedy-fr","10":"genre-parody-fr","11":"genre-slasher-fr","13":"first","14":"instock","15":"shipping-taxable","16":"purchasable","17":"product-type-simple"},"acf":[],"aioseo_notices":[],"_links":{"self":[{"href":"https:\/\/www.bifff.net\/fr\/wp-json\/wp\/v2\/product\/17046","targetHints":{"allow":["GET"]}}],"collection":[{"href":"https:\/\/www.bifff.net\/fr\/wp-json\/wp\/v2\/product"}],"about":[{"href":"https:\/\/www.bifff.net\/fr\/wp-json\/wp\/v2\/types\/product"}],"wp:featuredmedia":[{"embeddable":true,"href":"https:\/\/www.bifff.net\/fr\/wp-json\/wp\/v2\/media\/17497"}],"wp:attachment":[{"href":"https:\/\/www.bifff.net\/fr\/wp-json\/wp\/v2\/media?parent=17046"}],"wp:term":[{"taxonomy":"product_brand","embeddable":true,"href":"https:\/\/www.bifff.net\/fr\/wp-json\/wp\/v2\/product_brand?post=17046"},{"taxonomy":"product_cat","embeddable":true,"href":"https:\/\/www.bifff.net\/fr\/wp-json\/wp\/v2\/product_cat?post=17046"},{"taxonomy":"product_tag","embeddable":true,"href":"https:\/\/www.bifff.net\/fr\/wp-json\/wp\/v2\/product_tag?post=17046"},{"taxonomy":"country","embeddable":true,"href":"https:\/\/www.bifff.net\/fr\/wp-json\/wp\/v2\/country?post=17046"},{"taxonomy":"competition","embeddable":true,"href":"https:\/\/www.bifff.net\/fr\/wp-json\/wp\/v2\/competition?post=17046"},{"taxonomy":"genre","embeddable":true,"href":"https:\/\/www.bifff.net\/fr\/wp-json\/wp\/v2\/genre?post=17046"},{"taxonomy":"section","embeddable":true,"href":"https:\/\/www.bifff.net\/fr\/wp-json\/wp\/v2\/section?post=17046"}],"curies":[{"name":"wp","href":"https:\/\/api.w.org\/{rel}","templated":true}]}}