{"id":17045,"date":"2026-03-11T14:29:18","date_gmt":"2026-03-11T13:29:18","guid":{"rendered":"https:\/\/www.bifff.net\/product\/tristes-tropiques-2\/"},"modified":"2026-03-16T13:35:50","modified_gmt":"2026-03-16T12:35:50","slug":"tristes-tropiques-2","status":"publish","type":"product","link":"https:\/\/www.bifff.net\/fr\/produit\/tristes-tropiques-2\/","title":{"rendered":"TRISTES TROPIQUES"},"content":{"rendered":"<p>\u00c0 un \u00e2ge o\u00f9 l\u2019on est suppos\u00e9 jouer aux Lego et baver devant des Kinder surprise, une bande de gamins s\u2019entra\u00eene sept jours sur sept dans la jungle tropicale pour devenir les assassins les plus dangereux au monde, connus sous le nom de \u201cTristes Tropiques\u201d. Des ann\u00e9es plus tard, alors qu\u2019ils sont diss\u00e9min\u00e9s aux quatre coins de l\u2019Asie, un \u00e9v\u00e9nement d\u2019une brutalit\u00e9 inou\u00efe va mettre \u00e0 mal leur clan secret : m\u00e9fiance r\u00e9ciproque, trahisons existentielles, vengeance sanglante, les Tristes Tropiques ne s\u2019\u00e9pargneront rien. C\u2019est plus fort qu\u2019eux: ils sont n\u00e9s pour tuer&#8230; Imaginez un instant LES FEUX DE L\u2019AMOUR dop\u00e9 aux headshots et film\u00e9 comme THE RAID, ou m\u00eame JOHN WICK film\u00e9 par Wong Kar-wai, et vous aurez une id\u00e9e de l\u2019incroyable proposition cin\u00e9matographique offerte par Park Hoon-jung, sc\u00e9nariste \u2013 excusez du peu \u2013 de I SAW THE DEVIL et NEW WORLD.<\/p>\n","protected":false},"excerpt":{"rendered":"<p>\u00c0 un \u00e2ge o\u00f9 l\u2019on est suppos\u00e9 jouer aux Lego et baver devant des Kinder surprise, une bande de gamins s\u2019entra\u00eene sept jours sur sept dans la jungle tropicale pour devenir les assassins les plus dangereux au monde, connus sous le nom de \u201cTristes Tropiques\u201d. Des ann\u00e9es plus tard, alors qu\u2019ils sont diss\u00e9min\u00e9s aux quatre [&#8230;]\n","protected":false},"featured_media":17503,"template":"","meta":{"om_disable_all_campaigns":false,"_monsterinsights_skip_tracking":false,"_monsterinsights_sitenote_active":false,"_monsterinsights_sitenote_note":"","_monsterinsights_sitenote_category":0},"product_brand":[],"product_cat":[104],"product_tag":[],"country":[458],"competition":[459],"genre":[461,488,462],"section":[],"class_list":{"0":"post-17045","1":"product","2":"type-product","3":"status-publish","4":"has-post-thumbnail","6":"product_cat-long-metrage","7":"country-south-korea-fr","8":"competition-international-fr","9":"genre-action-fr","10":"genre-gore-fr","11":"genre-thriller-fr","13":"first","14":"instock","15":"shipping-taxable","16":"purchasable","17":"product-type-simple"},"acf":[],"aioseo_notices":[],"_links":{"self":[{"href":"https:\/\/www.bifff.net\/fr\/wp-json\/wp\/v2\/product\/17045","targetHints":{"allow":["GET"]}}],"collection":[{"href":"https:\/\/www.bifff.net\/fr\/wp-json\/wp\/v2\/product"}],"about":[{"href":"https:\/\/www.bifff.net\/fr\/wp-json\/wp\/v2\/types\/product"}],"wp:featuredmedia":[{"embeddable":true,"href":"https:\/\/www.bifff.net\/fr\/wp-json\/wp\/v2\/media\/17503"}],"wp:attachment":[{"href":"https:\/\/www.bifff.net\/fr\/wp-json\/wp\/v2\/media?parent=17045"}],"wp:term":[{"taxonomy":"product_brand","embeddable":true,"href":"https:\/\/www.bifff.net\/fr\/wp-json\/wp\/v2\/product_brand?post=17045"},{"taxonomy":"product_cat","embeddable":true,"href":"https:\/\/www.bifff.net\/fr\/wp-json\/wp\/v2\/product_cat?post=17045"},{"taxonomy":"product_tag","embeddable":true,"href":"https:\/\/www.bifff.net\/fr\/wp-json\/wp\/v2\/product_tag?post=17045"},{"taxonomy":"country","embeddable":true,"href":"https:\/\/www.bifff.net\/fr\/wp-json\/wp\/v2\/country?post=17045"},{"taxonomy":"competition","embeddable":true,"href":"https:\/\/www.bifff.net\/fr\/wp-json\/wp\/v2\/competition?post=17045"},{"taxonomy":"genre","embeddable":true,"href":"https:\/\/www.bifff.net\/fr\/wp-json\/wp\/v2\/genre?post=17045"},{"taxonomy":"section","embeddable":true,"href":"https:\/\/www.bifff.net\/fr\/wp-json\/wp\/v2\/section?post=17045"}],"curies":[{"name":"wp","href":"https:\/\/api.w.org\/{rel}","templated":true}]}}