{"id":17042,"date":"2026-03-11T14:29:15","date_gmt":"2026-03-11T13:29:15","guid":{"rendered":"https:\/\/www.bifff.net\/product\/100-nights-of-hero-2\/"},"modified":"2026-03-16T13:35:53","modified_gmt":"2026-03-16T12:35:53","slug":"100-nights-of-hero-2","status":"publish","type":"product","link":"https:\/\/www.bifff.net\/fr\/produit\/100-nights-of-hero-2\/","title":{"rendered":"100 NIGHTS OF HERO"},"content":{"rendered":"<p>Dans un univers parall\u00e8le qui ressemble beaucoup \u00e0 l&rsquo;Angleterre du XVIIe si\u00e8cle, les gens v\u00e9n\u00e8rent le Dieu Oiseau, les femmes n&rsquo;ont pas le droit de lire et leur devoir est de donner naissance \u00e0 des h\u00e9ritiers. Mais la douce Cherry a le malheur d&rsquo;avoir un mari qui est plus port\u00e9 sur le saucisson que l\u2019abricot, et la responsabilit\u00e9 de ne pas avoir d&rsquo;enfant sera pour la seule pomme de Cherry. Cela dit, son mari a une solution \u00e0 ce probl\u00e8me. Alors qu\u2019il s\u2019appr\u00eate \u00e0 partir pour un un long voyage, il met au d\u00e9fi son meilleur ami, Manfred, de le cocufier. Cherry \u00e9labore alors un plan avec sa meilleure amie et servante Hero pour raconter une histoire \u00e0 chaque tentative de drague foireuse de Manfred&#8230; Voici l\u2019adaptation du roman graphique d\u2019Isabel Greenberg, qui revisite les Mille et Une Nuits, avec un casting impressionnant, men\u00e9 par Emma Corrin, Maika Monroe et Charli XCX.<\/p>\n","protected":false},"excerpt":{"rendered":"<p>Dans un univers parall\u00e8le qui ressemble beaucoup \u00e0 l&rsquo;Angleterre du XVIIe si\u00e8cle, les gens v\u00e9n\u00e8rent le Dieu Oiseau, les femmes n&rsquo;ont pas le droit de lire et leur devoir est de donner naissance \u00e0 des h\u00e9ritiers. Mais la douce Cherry a le malheur d&rsquo;avoir un mari qui est plus port\u00e9 sur le saucisson que l\u2019abricot, [&#8230;]\n","protected":false},"featured_media":17486,"template":"","meta":{"om_disable_all_campaigns":false,"_monsterinsights_skip_tracking":false,"_monsterinsights_sitenote_active":false,"_monsterinsights_sitenote_note":"","_monsterinsights_sitenote_category":0},"product_brand":[],"product_cat":[104],"product_tag":[],"country":[902],"competition":[1361],"genre":[1198,719,1284],"section":[],"class_list":{"0":"post-17042","1":"product","2":"type-product","3":"status-publish","4":"has-post-thumbnail","6":"product_cat-long-metrage","7":"country-uk-fr","8":"competition-melies-fr","9":"genre-fairytale-fr","10":"genre-fantasy-fr","11":"genre-queer","13":"first","14":"instock","15":"shipping-taxable","16":"purchasable","17":"product-type-simple"},"acf":[],"aioseo_notices":[],"_links":{"self":[{"href":"https:\/\/www.bifff.net\/fr\/wp-json\/wp\/v2\/product\/17042","targetHints":{"allow":["GET"]}}],"collection":[{"href":"https:\/\/www.bifff.net\/fr\/wp-json\/wp\/v2\/product"}],"about":[{"href":"https:\/\/www.bifff.net\/fr\/wp-json\/wp\/v2\/types\/product"}],"wp:featuredmedia":[{"embeddable":true,"href":"https:\/\/www.bifff.net\/fr\/wp-json\/wp\/v2\/media\/17486"}],"wp:attachment":[{"href":"https:\/\/www.bifff.net\/fr\/wp-json\/wp\/v2\/media?parent=17042"}],"wp:term":[{"taxonomy":"product_brand","embeddable":true,"href":"https:\/\/www.bifff.net\/fr\/wp-json\/wp\/v2\/product_brand?post=17042"},{"taxonomy":"product_cat","embeddable":true,"href":"https:\/\/www.bifff.net\/fr\/wp-json\/wp\/v2\/product_cat?post=17042"},{"taxonomy":"product_tag","embeddable":true,"href":"https:\/\/www.bifff.net\/fr\/wp-json\/wp\/v2\/product_tag?post=17042"},{"taxonomy":"country","embeddable":true,"href":"https:\/\/www.bifff.net\/fr\/wp-json\/wp\/v2\/country?post=17042"},{"taxonomy":"competition","embeddable":true,"href":"https:\/\/www.bifff.net\/fr\/wp-json\/wp\/v2\/competition?post=17042"},{"taxonomy":"genre","embeddable":true,"href":"https:\/\/www.bifff.net\/fr\/wp-json\/wp\/v2\/genre?post=17042"},{"taxonomy":"section","embeddable":true,"href":"https:\/\/www.bifff.net\/fr\/wp-json\/wp\/v2\/section?post=17042"}],"curies":[{"name":"wp","href":"https:\/\/api.w.org\/{rel}","templated":true}]}}