{"id":17041,"date":"2026-03-11T14:29:11","date_gmt":"2026-03-11T13:29:11","guid":{"rendered":"https:\/\/www.bifff.net\/product\/pinocchio-unstrung-2\/"},"modified":"2026-03-16T13:35:55","modified_gmt":"2026-03-16T12:35:55","slug":"pinocchio-unstrung-2","status":"publish","type":"product","link":"https:\/\/www.bifff.net\/fr\/produit\/pinocchio-unstrung-2\/","title":{"rendered":"PINOCCHIO UNSTRUNG"},"content":{"rendered":"<p>Las de voir son petit-fils James malheureux comme les pierres, Gepetto d\u00e9cide de lui offrir l\u2019une de ses derni\u00e8res cr\u00e9ations, une marionnette en bois d\u00e9nomm\u00e9e Pinocchio. Non seulement, elle marche sans piles mais elle est litt\u00e9ralement vivante ! Mieux qu\u2019un chiot, Pinocchio devient le meilleur ami de James, mais il se rend compte qu\u2019avec sa gueule de bois, il manque cruellement de chair pour \u00eatre tout \u00e0 fait comme le petit James. Evidemment, les alternatives socialement accept\u00e9es comme une bonne rhinoplastie ou de la chirurgie esth\u00e9tique, il ne conna\u00eet pas. Alors Pinocchio va se servir tout seul, \u00e0 l\u2019ancienne. Et sans anesth\u00e9sie&#8230; Apr\u00e8s la franchise WINNIE THE POOH: BLOOD AND HONEY, Rhys Frake-Wakefield continue de nourrir le TCU (Twisted Childhood Universe) avec sa relecture aussi gore qu\u2019inventive du conte de Carlo Collodi. Et c\u2019est carr\u00e9ment offert en avant-premi\u00e8re mondiale au BIFFF !!<\/p>\n","protected":false},"excerpt":{"rendered":"<p>Las de voir son petit-fils James malheureux comme les pierres, Gepetto d\u00e9cide de lui offrir l\u2019une de ses derni\u00e8res cr\u00e9ations, une marionnette en bois d\u00e9nomm\u00e9e Pinocchio. Non seulement, elle marche sans piles mais elle est litt\u00e9ralement vivante ! Mieux qu\u2019un chiot, Pinocchio devient le meilleur ami de James, mais il se rend compte qu\u2019avec sa [&#8230;]\n","protected":false},"featured_media":17483,"template":"","meta":{"om_disable_all_campaigns":false,"_monsterinsights_skip_tracking":false,"_monsterinsights_sitenote_active":false,"_monsterinsights_sitenote_note":"","_monsterinsights_sitenote_category":0},"product_brand":[],"product_cat":[104],"product_tag":[],"country":[902],"competition":[1361],"genre":[854,478,710],"section":[],"class_list":{"0":"post-17041","1":"product","2":"type-product","3":"status-publish","4":"has-post-thumbnail","6":"product_cat-long-metrage","7":"country-uk-fr","8":"competition-melies-fr","9":"genre-comedy-fr","10":"genre-horror-fr","11":"genre-mystery-fr","13":"first","14":"instock","15":"shipping-taxable","16":"purchasable","17":"product-type-simple"},"acf":[],"aioseo_notices":[],"_links":{"self":[{"href":"https:\/\/www.bifff.net\/fr\/wp-json\/wp\/v2\/product\/17041","targetHints":{"allow":["GET"]}}],"collection":[{"href":"https:\/\/www.bifff.net\/fr\/wp-json\/wp\/v2\/product"}],"about":[{"href":"https:\/\/www.bifff.net\/fr\/wp-json\/wp\/v2\/types\/product"}],"wp:featuredmedia":[{"embeddable":true,"href":"https:\/\/www.bifff.net\/fr\/wp-json\/wp\/v2\/media\/17483"}],"wp:attachment":[{"href":"https:\/\/www.bifff.net\/fr\/wp-json\/wp\/v2\/media?parent=17041"}],"wp:term":[{"taxonomy":"product_brand","embeddable":true,"href":"https:\/\/www.bifff.net\/fr\/wp-json\/wp\/v2\/product_brand?post=17041"},{"taxonomy":"product_cat","embeddable":true,"href":"https:\/\/www.bifff.net\/fr\/wp-json\/wp\/v2\/product_cat?post=17041"},{"taxonomy":"product_tag","embeddable":true,"href":"https:\/\/www.bifff.net\/fr\/wp-json\/wp\/v2\/product_tag?post=17041"},{"taxonomy":"country","embeddable":true,"href":"https:\/\/www.bifff.net\/fr\/wp-json\/wp\/v2\/country?post=17041"},{"taxonomy":"competition","embeddable":true,"href":"https:\/\/www.bifff.net\/fr\/wp-json\/wp\/v2\/competition?post=17041"},{"taxonomy":"genre","embeddable":true,"href":"https:\/\/www.bifff.net\/fr\/wp-json\/wp\/v2\/genre?post=17041"},{"taxonomy":"section","embeddable":true,"href":"https:\/\/www.bifff.net\/fr\/wp-json\/wp\/v2\/section?post=17041"}],"curies":[{"name":"wp","href":"https:\/\/api.w.org\/{rel}","templated":true}]}}