{"id":17037,"date":"2026-03-11T14:29:07","date_gmt":"2026-03-11T13:29:07","guid":{"rendered":"https:\/\/www.bifff.net\/product\/you-are-the-film-2\/"},"modified":"2026-03-19T11:31:58","modified_gmt":"2026-03-19T10:31:58","slug":"you-are-the-film-2","status":"publish","type":"product","link":"https:\/\/www.bifff.net\/fr\/produit\/you-are-the-film-2\/","title":{"rendered":"YOU ARE THE FILM"},"content":{"rendered":"<p>Madoka \u00e9crit des pi\u00e8ces de th\u00e9\u00e2tre, mais aujourd\u2019hui, elle va voir un film. Un film \u00e0 propos d\u2019un certain Kazuma, qui joue dans un groupe de musique, mais qui d\u00e9cide d\u2019aller voir un film \u00e0 propos d\u2019une certaine Madoka, qui \u00e9crit des pi\u00e8ces de th\u00e9\u00e2tre, mais qui d\u00e9cide d\u2019aller voir un film. Les deux cin\u00e9philes finissent par se faire face par \u00e9cran interpos\u00e9, en se demandant qui joue dans le film de l\u2019autre. Et, surtout, comment est-ce possible ???? Car, deux films qui fusionnent, c\u2019est le bordel assur\u00e9 dans le multivers cin\u00e9matographique, surtout si les deux protagonistes s\u2019entraident pour d\u00e9vier du sc\u00e9nario original de chacun, afin de ne pas mourir\u2026 Rajoutez-y, pour faire bonne mesure dans ce foutoir surr\u00e9aliste, des extra-terrestres et des yakuzas latinos, et vous obtenez le nouveau d\u00e9lire de Makoto Ueda, sc\u00e9nariste de RIVER et de BEYOND THE INFINITE TWO MINUTES !<\/p>\n","protected":false},"excerpt":{"rendered":"<p>Madoka \u00e9crit des pi\u00e8ces de th\u00e9\u00e2tre, mais aujourd\u2019hui, elle va voir un film. Un film \u00e0 propos d\u2019un certain Kazuma, qui joue dans un groupe de musique, mais qui d\u00e9cide d\u2019aller voir un film \u00e0 propos d\u2019une certaine Madoka, qui \u00e9crit des pi\u00e8ces de th\u00e9\u00e2tre, mais qui d\u00e9cide d\u2019aller voir un film. Les deux cin\u00e9philes [&#8230;]\n","protected":false},"featured_media":17469,"template":"","meta":{"om_disable_all_campaigns":false,"_monsterinsights_skip_tracking":false,"_monsterinsights_sitenote_active":false,"_monsterinsights_sitenote_note":"","_monsterinsights_sitenote_category":0},"product_brand":[],"product_cat":[104],"product_tag":[],"country":[716],"competition":[428,427],"genre":[854,1357,704],"section":[],"class_list":{"0":"post-17037","1":"product","2":"type-product","3":"status-publish","4":"has-post-thumbnail","6":"product_cat-long-metrage","7":"country-japan-fr","8":"competition-critics-fr","9":"competition-white-raven-fr","10":"genre-comedy-fr","11":"genre-end-of-the-world-fr","12":"genre-surreal-fr","14":"first","15":"instock","16":"shipping-taxable","17":"purchasable","18":"product-type-simple"},"acf":[],"aioseo_notices":[],"_links":{"self":[{"href":"https:\/\/www.bifff.net\/fr\/wp-json\/wp\/v2\/product\/17037","targetHints":{"allow":["GET"]}}],"collection":[{"href":"https:\/\/www.bifff.net\/fr\/wp-json\/wp\/v2\/product"}],"about":[{"href":"https:\/\/www.bifff.net\/fr\/wp-json\/wp\/v2\/types\/product"}],"wp:featuredmedia":[{"embeddable":true,"href":"https:\/\/www.bifff.net\/fr\/wp-json\/wp\/v2\/media\/17469"}],"wp:attachment":[{"href":"https:\/\/www.bifff.net\/fr\/wp-json\/wp\/v2\/media?parent=17037"}],"wp:term":[{"taxonomy":"product_brand","embeddable":true,"href":"https:\/\/www.bifff.net\/fr\/wp-json\/wp\/v2\/product_brand?post=17037"},{"taxonomy":"product_cat","embeddable":true,"href":"https:\/\/www.bifff.net\/fr\/wp-json\/wp\/v2\/product_cat?post=17037"},{"taxonomy":"product_tag","embeddable":true,"href":"https:\/\/www.bifff.net\/fr\/wp-json\/wp\/v2\/product_tag?post=17037"},{"taxonomy":"country","embeddable":true,"href":"https:\/\/www.bifff.net\/fr\/wp-json\/wp\/v2\/country?post=17037"},{"taxonomy":"competition","embeddable":true,"href":"https:\/\/www.bifff.net\/fr\/wp-json\/wp\/v2\/competition?post=17037"},{"taxonomy":"genre","embeddable":true,"href":"https:\/\/www.bifff.net\/fr\/wp-json\/wp\/v2\/genre?post=17037"},{"taxonomy":"section","embeddable":true,"href":"https:\/\/www.bifff.net\/fr\/wp-json\/wp\/v2\/section?post=17037"}],"curies":[{"name":"wp","href":"https:\/\/api.w.org\/{rel}","templated":true}]}}