{"id":17036,"date":"2026-03-11T14:29:06","date_gmt":"2026-03-11T13:29:06","guid":{"rendered":"https:\/\/www.bifff.net\/product\/toxic-avenger-unrated-2\/"},"modified":"2026-03-16T13:36:03","modified_gmt":"2026-03-16T12:36:03","slug":"toxic-avenger-unrated-2","status":"publish","type":"product","link":"https:\/\/www.bifff.net\/fr\/produit\/toxic-avenger-unrated-2\/","title":{"rendered":"THE TOXIC AVENGER UNRATED"},"content":{"rendered":"<p>Il y a un moment dans la vie o\u00f9 il faut choisir ses combats. Par principe. O\u00f9 il ne faut pas flancher, ne rien l\u00e2cher, tout donner. Le remake de TOXIC AVENGER est, pour nous, un graal, un symbole, le Pr\u00e9cieux qu\u2019il nous fallait absolument avoir. L\u2019\u0153uf de Faberg\u00e9 du genre tremp\u00e9 dans l\u2019esprit contestataire et politiquement incorrect de l\u2019\u00e9curie Troma. Alors, oui, \u00e7a a pris du temps, mais nous y sommes arriv\u00e9s et, tels les gladiateurs du bis, nous pouvons enfin rendre hommage \u00e0 Lloyd Kaufman, chevalier, parrain et ami du BIFFF. Alors, joignez-nous par centaines, par milliers (soyons fous !) pour honorer \u00ab Toxie \u00bb et sa mopette assassine. Br\u00fblez une larme, versez un cierge (ou le contraire), car c\u2019est peut-\u00eatre l\u2019une des derni\u00e8res fois qu\u2019il vous sera donn\u00e9 de voir pareil monument bisseux et gore sur \u00e9cran g\u00e9ant\u2026<\/p>\n","protected":false},"excerpt":{"rendered":"<p>Il y a un moment dans la vie o\u00f9 il faut choisir ses combats. Par principe. O\u00f9 il ne faut pas flancher, ne rien l\u00e2cher, tout donner. Le remake de TOXIC AVENGER est, pour nous, un graal, un symbole, le Pr\u00e9cieux qu\u2019il nous fallait absolument avoir. L\u2019\u0153uf de Faberg\u00e9 du genre tremp\u00e9 dans l\u2019esprit contestataire [&#8230;]\n","protected":false},"featured_media":17548,"template":"","meta":{"om_disable_all_campaigns":false,"_monsterinsights_skip_tracking":false,"_monsterinsights_sitenote_active":false,"_monsterinsights_sitenote_note":"","_monsterinsights_sitenote_category":0},"product_brand":[],"product_cat":[104],"product_tag":[],"country":[671],"competition":[437],"genre":[429,488,899],"section":[],"class_list":{"0":"post-17036","1":"product","2":"type-product","3":"status-publish","4":"has-post-thumbnail","6":"product_cat-long-metrage","7":"country-usa-fr","8":"competition-none-fr","9":"genre-black-comedy-fr","10":"genre-gore-fr","11":"genre-superhero-fr","13":"first","14":"instock","15":"shipping-taxable","16":"purchasable","17":"product-type-simple"},"acf":[],"aioseo_notices":[],"_links":{"self":[{"href":"https:\/\/www.bifff.net\/fr\/wp-json\/wp\/v2\/product\/17036","targetHints":{"allow":["GET"]}}],"collection":[{"href":"https:\/\/www.bifff.net\/fr\/wp-json\/wp\/v2\/product"}],"about":[{"href":"https:\/\/www.bifff.net\/fr\/wp-json\/wp\/v2\/types\/product"}],"wp:featuredmedia":[{"embeddable":true,"href":"https:\/\/www.bifff.net\/fr\/wp-json\/wp\/v2\/media\/17548"}],"wp:attachment":[{"href":"https:\/\/www.bifff.net\/fr\/wp-json\/wp\/v2\/media?parent=17036"}],"wp:term":[{"taxonomy":"product_brand","embeddable":true,"href":"https:\/\/www.bifff.net\/fr\/wp-json\/wp\/v2\/product_brand?post=17036"},{"taxonomy":"product_cat","embeddable":true,"href":"https:\/\/www.bifff.net\/fr\/wp-json\/wp\/v2\/product_cat?post=17036"},{"taxonomy":"product_tag","embeddable":true,"href":"https:\/\/www.bifff.net\/fr\/wp-json\/wp\/v2\/product_tag?post=17036"},{"taxonomy":"country","embeddable":true,"href":"https:\/\/www.bifff.net\/fr\/wp-json\/wp\/v2\/country?post=17036"},{"taxonomy":"competition","embeddable":true,"href":"https:\/\/www.bifff.net\/fr\/wp-json\/wp\/v2\/competition?post=17036"},{"taxonomy":"genre","embeddable":true,"href":"https:\/\/www.bifff.net\/fr\/wp-json\/wp\/v2\/genre?post=17036"},{"taxonomy":"section","embeddable":true,"href":"https:\/\/www.bifff.net\/fr\/wp-json\/wp\/v2\/section?post=17036"}],"curies":[{"name":"wp","href":"https:\/\/api.w.org\/{rel}","templated":true}]}}