{"id":17033,"date":"2026-03-11T14:29:04","date_gmt":"2026-03-11T13:29:04","guid":{"rendered":"https:\/\/www.bifff.net\/product\/biscuit-le-chien-fantastique-2\/"},"modified":"2026-03-16T13:36:08","modified_gmt":"2026-03-16T12:36:08","slug":"biscuit-le-chien-fantastique-2","status":"publish","type":"product","link":"https:\/\/www.bifff.net\/fr\/produit\/biscuit-le-chien-fantastique-2\/","title":{"rendered":"BISCUIT, LE CHIEN FANTASTIQUE"},"content":{"rendered":"<p>Le jeune Danny a toujours v\u00e9cu avec son chien Biscuit. C\u2019est son meilleur ami. Mais Biscuit commence \u00e0 se faire vieux, \u00e0 partir en miettes et le spectre de la piq\u00fbre fatale se dessine inexorablement&#8230; Inexorablement ? Pas si s\u00fbr: un soir, Biscuit se fait kidnapper par des extra-terrestres et revient \u00e0 la niche, dot\u00e9 d\u2019un costume \u00e0 faire rougir Superman et de pouvoirs extraordinaires. Non seulement, il n\u2019a plus d\u2019arthrite, il sait parler mais il peut aussi voler dans les airs. Une nouvelle destin\u00e9e se profile d\u00e9sormais devant lui: sauver le monde&#8230; et manger des tacos. Malheureusement, Biscuit n\u2019est pas le seul \u00e0 avoir \u00e9t\u00e9 aspir\u00e9 par les extra-terrestres: Pudding, le chat des voisins, a subi le m\u00eame sort. Et son but \u00e0 lui est bien plus machiav\u00e9lique: conqu\u00e9rir le moooonde !!!!<\/p>\n","protected":false},"excerpt":{"rendered":"<p>Le jeune Danny a toujours v\u00e9cu avec son chien Biscuit. C\u2019est son meilleur ami. Mais Biscuit commence \u00e0 se faire vieux, \u00e0 partir en miettes et le spectre de la piq\u00fbre fatale se dessine inexorablement&#8230; Inexorablement ? Pas si s\u00fbr: un soir, Biscuit se fait kidnapper par des extra-terrestres et revient \u00e0 la niche, dot\u00e9 [&#8230;]\n","protected":false},"featured_media":17458,"template":"","meta":{"om_disable_all_campaigns":false,"_monsterinsights_skip_tracking":false,"_monsterinsights_sitenote_active":false,"_monsterinsights_sitenote_note":"","_monsterinsights_sitenote_category":0},"product_brand":[],"product_cat":[104],"product_tag":[],"country":[874],"competition":[437],"genre":[890,1362,899],"section":[],"class_list":{"0":"post-17033","1":"product","2":"type-product","3":"status-publish","4":"has-post-thumbnail","6":"product_cat-long-metrage","7":"country-canada-fr","8":"competition-none-fr","9":"genre-animation-fr","10":"genre-family-fr","11":"genre-superhero-fr","13":"first","14":"instock","15":"shipping-taxable","16":"purchasable","17":"product-type-simple"},"acf":[],"aioseo_notices":[],"_links":{"self":[{"href":"https:\/\/www.bifff.net\/fr\/wp-json\/wp\/v2\/product\/17033","targetHints":{"allow":["GET"]}}],"collection":[{"href":"https:\/\/www.bifff.net\/fr\/wp-json\/wp\/v2\/product"}],"about":[{"href":"https:\/\/www.bifff.net\/fr\/wp-json\/wp\/v2\/types\/product"}],"wp:featuredmedia":[{"embeddable":true,"href":"https:\/\/www.bifff.net\/fr\/wp-json\/wp\/v2\/media\/17458"}],"wp:attachment":[{"href":"https:\/\/www.bifff.net\/fr\/wp-json\/wp\/v2\/media?parent=17033"}],"wp:term":[{"taxonomy":"product_brand","embeddable":true,"href":"https:\/\/www.bifff.net\/fr\/wp-json\/wp\/v2\/product_brand?post=17033"},{"taxonomy":"product_cat","embeddable":true,"href":"https:\/\/www.bifff.net\/fr\/wp-json\/wp\/v2\/product_cat?post=17033"},{"taxonomy":"product_tag","embeddable":true,"href":"https:\/\/www.bifff.net\/fr\/wp-json\/wp\/v2\/product_tag?post=17033"},{"taxonomy":"country","embeddable":true,"href":"https:\/\/www.bifff.net\/fr\/wp-json\/wp\/v2\/country?post=17033"},{"taxonomy":"competition","embeddable":true,"href":"https:\/\/www.bifff.net\/fr\/wp-json\/wp\/v2\/competition?post=17033"},{"taxonomy":"genre","embeddable":true,"href":"https:\/\/www.bifff.net\/fr\/wp-json\/wp\/v2\/genre?post=17033"},{"taxonomy":"section","embeddable":true,"href":"https:\/\/www.bifff.net\/fr\/wp-json\/wp\/v2\/section?post=17033"}],"curies":[{"name":"wp","href":"https:\/\/api.w.org\/{rel}","templated":true}]}}