{"id":17032,"date":"2026-03-11T14:29:03","date_gmt":"2026-03-11T13:29:03","guid":{"rendered":"https:\/\/www.bifff.net\/product\/deathstalker-2\/"},"modified":"2026-03-16T13:36:10","modified_gmt":"2026-03-16T12:36:10","slug":"deathstalker-2","status":"publish","type":"product","link":"https:\/\/www.bifff.net\/fr\/produit\/deathstalker-2\/","title":{"rendered":"DEATHSTALKER"},"content":{"rendered":"<p>Minneapolis est sous assaut: les agents de l\u2019ICE&#8230; Ah merde, pardon, Mauvais texte. On recommence. Le Royaume d\u2019Abraxeon est en petite forme: les affreux Dreadites s\u00e8ment la terreur dans toutes les chaumi\u00e8res, \u00e9tripant sans vergogne la gueusaille innocente, pendant que le Deathstalker \u2013 mercenaire sans foi ni loi, mais vachement bien huil\u00e9 \u2013 \u00e9cume les champs de bataille pour faire la poche aux macchab\u00e9es. Mais quand il r\u00e9cup\u00e8re un talisman maudit qui pourrait ressusciter le diabolique sorcier Nekromemnon, sa cote de popularit\u00e9 va monter en fl\u00e8che chez les Dreadites&#8230; Tous les nanardocurieux le savent: il s\u2019agit du remake du film \u00e9ponyme de 1983, un hommage incroyablement g\u00e9n\u00e9reux aux \u201csword and sorcery\u201d fauch\u00e9s des ann\u00e9es 80, avec des effets sp\u00e9ciaux \u00e0 l\u2019ancienne qui convoquent les d\u00e9buts de Sam Raimi et de Peter Jackson sur les riffs de Slash ! Bref, on fr\u00f4le l\u2019orgasme cin\u00e9phile, l\u00e0&#8230;<\/p>\n","protected":false},"excerpt":{"rendered":"<p>Minneapolis est sous assaut: les agents de l\u2019ICE&#8230; Ah merde, pardon, Mauvais texte. On recommence. Le Royaume d\u2019Abraxeon est en petite forme: les affreux Dreadites s\u00e8ment la terreur dans toutes les chaumi\u00e8res, \u00e9tripant sans vergogne la gueusaille innocente, pendant que le Deathstalker \u2013 mercenaire sans foi ni loi, mais vachement bien huil\u00e9 \u2013 \u00e9cume les [&#8230;]\n","protected":false},"featured_media":17455,"template":"","meta":{"om_disable_all_campaigns":false,"_monsterinsights_skip_tracking":false,"_monsterinsights_sitenote_active":false,"_monsterinsights_sitenote_note":"","_monsterinsights_sitenote_category":0},"product_brand":[],"product_cat":[104],"product_tag":[],"country":[874],"competition":[437],"genre":[861,881,710],"section":[],"class_list":{"0":"post-17032","1":"product","2":"type-product","3":"status-publish","4":"has-post-thumbnail","6":"product_cat-long-metrage","7":"country-canada-fr","8":"competition-none-fr","9":"genre-adventure-fr","10":"genre-heroic-fantasy-fr","11":"genre-mystery-fr","13":"first","14":"instock","15":"shipping-taxable","16":"purchasable","17":"product-type-simple"},"acf":[],"aioseo_notices":[],"_links":{"self":[{"href":"https:\/\/www.bifff.net\/fr\/wp-json\/wp\/v2\/product\/17032","targetHints":{"allow":["GET"]}}],"collection":[{"href":"https:\/\/www.bifff.net\/fr\/wp-json\/wp\/v2\/product"}],"about":[{"href":"https:\/\/www.bifff.net\/fr\/wp-json\/wp\/v2\/types\/product"}],"wp:featuredmedia":[{"embeddable":true,"href":"https:\/\/www.bifff.net\/fr\/wp-json\/wp\/v2\/media\/17455"}],"wp:attachment":[{"href":"https:\/\/www.bifff.net\/fr\/wp-json\/wp\/v2\/media?parent=17032"}],"wp:term":[{"taxonomy":"product_brand","embeddable":true,"href":"https:\/\/www.bifff.net\/fr\/wp-json\/wp\/v2\/product_brand?post=17032"},{"taxonomy":"product_cat","embeddable":true,"href":"https:\/\/www.bifff.net\/fr\/wp-json\/wp\/v2\/product_cat?post=17032"},{"taxonomy":"product_tag","embeddable":true,"href":"https:\/\/www.bifff.net\/fr\/wp-json\/wp\/v2\/product_tag?post=17032"},{"taxonomy":"country","embeddable":true,"href":"https:\/\/www.bifff.net\/fr\/wp-json\/wp\/v2\/country?post=17032"},{"taxonomy":"competition","embeddable":true,"href":"https:\/\/www.bifff.net\/fr\/wp-json\/wp\/v2\/competition?post=17032"},{"taxonomy":"genre","embeddable":true,"href":"https:\/\/www.bifff.net\/fr\/wp-json\/wp\/v2\/genre?post=17032"},{"taxonomy":"section","embeddable":true,"href":"https:\/\/www.bifff.net\/fr\/wp-json\/wp\/v2\/section?post=17032"}],"curies":[{"name":"wp","href":"https:\/\/api.w.org\/{rel}","templated":true}]}}