{"id":17030,"date":"2026-03-11T14:29:01","date_gmt":"2026-03-11T13:29:01","guid":{"rendered":"https:\/\/www.bifff.net\/product\/we-bury-the-dead-2\/"},"modified":"2026-03-16T13:36:13","modified_gmt":"2026-03-16T12:36:13","slug":"we-bury-the-dead-2","status":"publish","type":"product","link":"https:\/\/www.bifff.net\/fr\/produit\/we-bury-the-dead-2\/","title":{"rendered":"WE BURY THE DEAD"},"content":{"rendered":"<p>Apr\u00e8s avoir touch\u00e9 le mauvais bouton, l\u2019arm\u00e9e am\u00e9ricaine d\u00e9clenche par erreur une arme \u00e9lectro-magn\u00e9tique maousse au large de la Tasmanie. R\u00e9sultat de la bourde ? Un demi-million de morts en l\u2019espace d\u2019\u00e0 peine une seconde. Toute la population est \u00e9radiqu\u00e9e d\u2019un claquement de doigts. L\u2019Australie cherche alors des volontaires pour nettoyer ce charnier immense et Ava, dont le mari se trouvait sur place pour le boulot, signe tout de suite. On ne sait jamais, se dit-elle. Mais, une fois sur le terrain, elle va d\u00e9couvrir que certains macchab\u00e9es ont encore la bougeotte\u2026 Plus de dix ans apr\u00e8s THESE FINAL HOURS, Zack Hilditch revient au BIFFF avec des morts, des vivants, des morts-vivants, des vivants bient\u00f4t morts, et une Daisy Ridley (STAR WARS) jusqu\u2019au-boutiste du concept \u00ab jusqu\u2019\u00e0 ce que la mort vous s\u00e9pare \u00bb.<\/p>\n","protected":false},"excerpt":{"rendered":"<p>Apr\u00e8s avoir touch\u00e9 le mauvais bouton, l\u2019arm\u00e9e am\u00e9ricaine d\u00e9clenche par erreur une arme \u00e9lectro-magn\u00e9tique maousse au large de la Tasmanie. R\u00e9sultat de la bourde ? Un demi-million de morts en l\u2019espace d\u2019\u00e0 peine une seconde. Toute la population est \u00e9radiqu\u00e9e d\u2019un claquement de doigts. L\u2019Australie cherche alors des volontaires pour nettoyer ce charnier immense et [&#8230;]\n","protected":false},"featured_media":17449,"template":"","meta":{"om_disable_all_campaigns":false,"_monsterinsights_skip_tracking":false,"_monsterinsights_sitenote_active":false,"_monsterinsights_sitenote_note":"","_monsterinsights_sitenote_category":0},"product_brand":[],"product_cat":[104],"product_tag":[],"country":[847,671],"competition":[437],"genre":[710,1200,894],"section":[],"class_list":{"0":"post-17030","1":"product","2":"type-product","3":"status-publish","4":"has-post-thumbnail","6":"product_cat-long-metrage","7":"country-australia-fr","8":"country-usa-fr","9":"competition-none-fr","10":"genre-mystery-fr","11":"genre-post-apocalyptic-fr","12":"genre-zombie-fr","14":"first","15":"instock","16":"shipping-taxable","17":"purchasable","18":"product-type-simple"},"acf":[],"aioseo_notices":[],"_links":{"self":[{"href":"https:\/\/www.bifff.net\/fr\/wp-json\/wp\/v2\/product\/17030","targetHints":{"allow":["GET"]}}],"collection":[{"href":"https:\/\/www.bifff.net\/fr\/wp-json\/wp\/v2\/product"}],"about":[{"href":"https:\/\/www.bifff.net\/fr\/wp-json\/wp\/v2\/types\/product"}],"wp:featuredmedia":[{"embeddable":true,"href":"https:\/\/www.bifff.net\/fr\/wp-json\/wp\/v2\/media\/17449"}],"wp:attachment":[{"href":"https:\/\/www.bifff.net\/fr\/wp-json\/wp\/v2\/media?parent=17030"}],"wp:term":[{"taxonomy":"product_brand","embeddable":true,"href":"https:\/\/www.bifff.net\/fr\/wp-json\/wp\/v2\/product_brand?post=17030"},{"taxonomy":"product_cat","embeddable":true,"href":"https:\/\/www.bifff.net\/fr\/wp-json\/wp\/v2\/product_cat?post=17030"},{"taxonomy":"product_tag","embeddable":true,"href":"https:\/\/www.bifff.net\/fr\/wp-json\/wp\/v2\/product_tag?post=17030"},{"taxonomy":"country","embeddable":true,"href":"https:\/\/www.bifff.net\/fr\/wp-json\/wp\/v2\/country?post=17030"},{"taxonomy":"competition","embeddable":true,"href":"https:\/\/www.bifff.net\/fr\/wp-json\/wp\/v2\/competition?post=17030"},{"taxonomy":"genre","embeddable":true,"href":"https:\/\/www.bifff.net\/fr\/wp-json\/wp\/v2\/genre?post=17030"},{"taxonomy":"section","embeddable":true,"href":"https:\/\/www.bifff.net\/fr\/wp-json\/wp\/v2\/section?post=17030"}],"curies":[{"name":"wp","href":"https:\/\/api.w.org\/{rel}","templated":true}]}}