{"id":17029,"date":"2026-03-11T14:29:00","date_gmt":"2026-03-11T13:29:00","guid":{"rendered":"https:\/\/www.bifff.net\/product\/sleep-no-more-2\/"},"modified":"2026-03-16T13:36:16","modified_gmt":"2026-03-16T12:36:16","slug":"sleep-no-more-2","status":"publish","type":"product","link":"https:\/\/www.bifff.net\/fr\/produit\/sleep-no-more-2\/","title":{"rendered":"SLEEP NO MORE"},"content":{"rendered":"<p>C\u2019est le r\u00eave mouill\u00e9 de tout bon patron: des employ\u00e9s fid\u00e8les qui triment au lance-pierre, toujours pr\u00eats \u00e0 enquiller les heures supp\u2019, voire les trois huits pour le simple plaisir de se payer de nouvelles chaussures, et toujours souriants en \u00e9coutant les mantras bien-\u00eatre du patron. Bienvenue chez Evergreen, leader en mati\u00e8re de perruques et de proth\u00e8ses ! Tout, bien s\u00fbr, n\u2019est pas rose dans le monde impitoyable de l\u2019exploitation: la privation de sommeil chez certains ouvriers trop z\u00e9l\u00e9s cause parfois des petits bobos. Un visage qui s\u2019empale sur une planche \u00e0 clous, un coll\u00e8gue qui se cure l\u2019orbite et perd un oeil, une m\u00e8re qui s\u2019endort dans une cuve d\u2019eau bouillante&#8230; Alors bon, oui, il y en a toujours qui exag\u00e8rent et qui parlent de d\u00e9mons dans l\u2019usine. Des drama-queens, quoi. \u00c7a bosse dans les perruques, et \u00e7a trouve rien de mieux \u00e0 faire que d\u2019inventer des histoires tir\u00e9es par les cheveux. Franchement&#8230;<\/p>\n","protected":false},"excerpt":{"rendered":"<p>C\u2019est le r\u00eave mouill\u00e9 de tout bon patron: des employ\u00e9s fid\u00e8les qui triment au lance-pierre, toujours pr\u00eats \u00e0 enquiller les heures supp\u2019, voire les trois huits pour le simple plaisir de se payer de nouvelles chaussures, et toujours souriants en \u00e9coutant les mantras bien-\u00eatre du patron. Bienvenue chez Evergreen, leader en mati\u00e8re de perruques et [&#8230;]\n","protected":false},"featured_media":17446,"template":"","meta":{"om_disable_all_campaigns":false,"_monsterinsights_skip_tracking":false,"_monsterinsights_sitenote_active":false,"_monsterinsights_sitenote_note":"","_monsterinsights_sitenote_category":0},"product_brand":[],"product_cat":[104],"product_tag":[],"country":[426,1072,916,716,1216],"competition":[437],"genre":[854,478,883],"section":[],"class_list":{"0":"post-17029","1":"product","2":"type-product","3":"status-publish","4":"has-post-thumbnail","6":"product_cat-long-metrage","7":"country-france-fr","8":"country-germany-fr","9":"country-indonesia-fr","10":"country-japan-fr","11":"country-singapore-fr","12":"competition-none-fr","13":"genre-comedy-fr","14":"genre-horror-fr","15":"genre-trash-fr","17":"first","18":"instock","19":"shipping-taxable","20":"purchasable","21":"product-type-simple"},"acf":[],"aioseo_notices":[],"_links":{"self":[{"href":"https:\/\/www.bifff.net\/fr\/wp-json\/wp\/v2\/product\/17029","targetHints":{"allow":["GET"]}}],"collection":[{"href":"https:\/\/www.bifff.net\/fr\/wp-json\/wp\/v2\/product"}],"about":[{"href":"https:\/\/www.bifff.net\/fr\/wp-json\/wp\/v2\/types\/product"}],"wp:featuredmedia":[{"embeddable":true,"href":"https:\/\/www.bifff.net\/fr\/wp-json\/wp\/v2\/media\/17446"}],"wp:attachment":[{"href":"https:\/\/www.bifff.net\/fr\/wp-json\/wp\/v2\/media?parent=17029"}],"wp:term":[{"taxonomy":"product_brand","embeddable":true,"href":"https:\/\/www.bifff.net\/fr\/wp-json\/wp\/v2\/product_brand?post=17029"},{"taxonomy":"product_cat","embeddable":true,"href":"https:\/\/www.bifff.net\/fr\/wp-json\/wp\/v2\/product_cat?post=17029"},{"taxonomy":"product_tag","embeddable":true,"href":"https:\/\/www.bifff.net\/fr\/wp-json\/wp\/v2\/product_tag?post=17029"},{"taxonomy":"country","embeddable":true,"href":"https:\/\/www.bifff.net\/fr\/wp-json\/wp\/v2\/country?post=17029"},{"taxonomy":"competition","embeddable":true,"href":"https:\/\/www.bifff.net\/fr\/wp-json\/wp\/v2\/competition?post=17029"},{"taxonomy":"genre","embeddable":true,"href":"https:\/\/www.bifff.net\/fr\/wp-json\/wp\/v2\/genre?post=17029"},{"taxonomy":"section","embeddable":true,"href":"https:\/\/www.bifff.net\/fr\/wp-json\/wp\/v2\/section?post=17029"}],"curies":[{"name":"wp","href":"https:\/\/api.w.org\/{rel}","templated":true}]}}