{"id":17026,"date":"2026-03-11T14:28:58","date_gmt":"2026-03-11T13:28:58","guid":{"rendered":"https:\/\/www.bifff.net\/product\/sicko-2\/"},"modified":"2026-03-19T11:16:14","modified_gmt":"2026-03-19T10:16:14","slug":"sicko-2","status":"publish","type":"product","link":"https:\/\/www.bifff.net\/fr\/produit\/sicko-2\/","title":{"rendered":"SICKO"},"content":{"rendered":"<p>Avec un taux de ch\u00f4mage en dessous de 5%, on peut se dire qu\u2019Almaty est l\u2019eldorado des jeunes en qu\u00eate de boulot stable. \u00c0 moins d\u2019\u00eatre un branleur opportuniste tel que Tansholpan, qui collectionne les dettes comme des cartes Pok\u00e9mon. Mais, plut\u00f4t que de penser \u00e0 un plan d\u2019apurement avec sa banque, il d\u00e9cide d\u2019embarquer Azamat, sa femme enceinte, dans une arnaque morbide: faire croire qu\u2019elle est atteinte d\u2019un cancer en phase terminale, lancer un crowd-funding sur les r\u00e9seaux sociaux et ramasser les p\u00e9p\u00e8tes. Avait-il imagin\u00e9 qu\u2019ils allaient devenir le symbole d\u2019une nation, tout en engrossant un pactole hallucinant ? Bien s\u00fbr que non. Tansholpan est incapable d\u2019anticiper quoi que ce soit, encore moins l\u2019int\u00e9r\u00eat soudain que la p\u00e8gre locale va avoir pour son couple&#8230; Un condens\u00e9 de violence, d\u2019humour noir et de cynisme qui confirme la mont\u00e9e en puissance du Kazakhstan dans le cin\u00e9ma de genre !<\/p>\n","protected":false},"excerpt":{"rendered":"<p>Avec un taux de ch\u00f4mage en dessous de 5%, on peut se dire qu\u2019Almaty est l\u2019eldorado des jeunes en qu\u00eate de boulot stable. \u00c0 moins d\u2019\u00eatre un branleur opportuniste tel que Tansholpan, qui collectionne les dettes comme des cartes Pok\u00e9mon. Mais, plut\u00f4t que de penser \u00e0 un plan d\u2019apurement avec sa banque, il d\u00e9cide d\u2019embarquer [&#8230;]\n","protected":false},"featured_media":17437,"template":"","meta":{"om_disable_all_campaigns":false,"_monsterinsights_skip_tracking":false,"_monsterinsights_sitenote_active":false,"_monsterinsights_sitenote_note":"","_monsterinsights_sitenote_category":0},"product_brand":[],"product_cat":[104],"product_tag":[],"country":[1205],"competition":[695,428],"genre":[429],"section":[],"class_list":{"0":"post-17026","1":"product","2":"type-product","3":"status-publish","4":"has-post-thumbnail","6":"product_cat-long-metrage","7":"country-kazakhstan-fr","8":"competition-black-raven-fr","9":"competition-critics-fr","10":"genre-black-comedy-fr","12":"first","13":"instock","14":"shipping-taxable","15":"purchasable","16":"product-type-simple"},"acf":[],"aioseo_notices":[],"_links":{"self":[{"href":"https:\/\/www.bifff.net\/fr\/wp-json\/wp\/v2\/product\/17026","targetHints":{"allow":["GET"]}}],"collection":[{"href":"https:\/\/www.bifff.net\/fr\/wp-json\/wp\/v2\/product"}],"about":[{"href":"https:\/\/www.bifff.net\/fr\/wp-json\/wp\/v2\/types\/product"}],"wp:featuredmedia":[{"embeddable":true,"href":"https:\/\/www.bifff.net\/fr\/wp-json\/wp\/v2\/media\/17437"}],"wp:attachment":[{"href":"https:\/\/www.bifff.net\/fr\/wp-json\/wp\/v2\/media?parent=17026"}],"wp:term":[{"taxonomy":"product_brand","embeddable":true,"href":"https:\/\/www.bifff.net\/fr\/wp-json\/wp\/v2\/product_brand?post=17026"},{"taxonomy":"product_cat","embeddable":true,"href":"https:\/\/www.bifff.net\/fr\/wp-json\/wp\/v2\/product_cat?post=17026"},{"taxonomy":"product_tag","embeddable":true,"href":"https:\/\/www.bifff.net\/fr\/wp-json\/wp\/v2\/product_tag?post=17026"},{"taxonomy":"country","embeddable":true,"href":"https:\/\/www.bifff.net\/fr\/wp-json\/wp\/v2\/country?post=17026"},{"taxonomy":"competition","embeddable":true,"href":"https:\/\/www.bifff.net\/fr\/wp-json\/wp\/v2\/competition?post=17026"},{"taxonomy":"genre","embeddable":true,"href":"https:\/\/www.bifff.net\/fr\/wp-json\/wp\/v2\/genre?post=17026"},{"taxonomy":"section","embeddable":true,"href":"https:\/\/www.bifff.net\/fr\/wp-json\/wp\/v2\/section?post=17026"}],"curies":[{"name":"wp","href":"https:\/\/api.w.org\/{rel}","templated":true}]}}