{"id":17021,"date":"2026-03-11T14:28:53","date_gmt":"2026-03-11T13:28:53","guid":{"rendered":"https:\/\/www.bifff.net\/product\/vieja-loca-2\/"},"modified":"2026-03-16T12:17:40","modified_gmt":"2026-03-16T11:17:40","slug":"vieja-loca-2","status":"publish","type":"product","link":"https:\/\/www.bifff.net\/fr\/produit\/vieja-loca-2\/","title":{"rendered":"VIEJA LOCA"},"content":{"rendered":"<p>Laura est en train de p\u00e9ter un c\u00e2ble. Coinc\u00e9e sur l\u2019autoroute par un soir d\u2019orage, elle vient d\u2019avoir une conversation inqui\u00e9tante avec Alicia, sa ch\u00e8re maman qui n\u2019a plus toutes les frites dans le m\u00eame paquet. Incapable de joindre l\u2019aide-soignante ou m\u00eame d\u2019arriver \u00e0 temps \u00e0 la casa familiale, Laura n\u2019a pas d\u2019autre choix que de supplier son ex-petit copain Pedro d\u2019aller claquer la bise \u00e0 son ancienne belle-doche. Juste v\u00e9rifier qu\u2019elle a bien pris ses m\u00e9dicaments. Une formalit\u00e9, quoi. Mais la d\u00e9mence galopante d\u2019Alicia l\u2019a rendue tr\u00e8s jouette avec ses semblables, et Pedro va tr\u00e8s vite se sentir aussi \u00e0 l\u2019aise qu\u2019un hamster h\u00e9mipl\u00e9gique face \u00e0 un gorille qui veut un nouveau doudou\u2026 Alors l\u00e0, pr\u00e9parez-vous \u00e0 un voyage d\u00e9mentiel (dans tous les sens du terme) avec un jeu sadique qui lorgne du c\u00f4t\u00e9 de MISERY, et servi par la mythique Carmen Maura ! Invitez votre belle-m\u00e8re, \u00e7a va mettre l\u2019ambiance !<\/p>\n","protected":false},"excerpt":{"rendered":"<p>Laura est en train de p\u00e9ter un c\u00e2ble. Coinc\u00e9e sur l\u2019autoroute par un soir d\u2019orage, elle vient d\u2019avoir une conversation inqui\u00e9tante avec Alicia, sa ch\u00e8re maman qui n\u2019a plus toutes les frites dans le m\u00eame paquet. Incapable de joindre l\u2019aide-soignante ou m\u00eame d\u2019arriver \u00e0 temps \u00e0 la casa familiale, Laura n\u2019a pas d\u2019autre choix que [&#8230;]\n","protected":false},"featured_media":17422,"template":"","meta":{"om_disable_all_campaigns":false,"_monsterinsights_skip_tracking":false,"_monsterinsights_sitenote_active":false,"_monsterinsights_sitenote_note":"","_monsterinsights_sitenote_category":0},"product_brand":[],"product_cat":[104],"product_tag":[],"country":[1109,476,671],"competition":[437],"genre":[478,462],"section":[],"class_list":{"0":"post-17021","1":"product","2":"type-product","3":"status-publish","4":"has-post-thumbnail","6":"product_cat-long-metrage","7":"country-argentina-fr","8":"country-spain-fr","9":"country-usa-fr","10":"competition-none-fr","11":"genre-horror-fr","12":"genre-thriller-fr","14":"first","15":"instock","16":"shipping-taxable","17":"purchasable","18":"product-type-simple"},"acf":[],"aioseo_notices":[],"_links":{"self":[{"href":"https:\/\/www.bifff.net\/fr\/wp-json\/wp\/v2\/product\/17021","targetHints":{"allow":["GET"]}}],"collection":[{"href":"https:\/\/www.bifff.net\/fr\/wp-json\/wp\/v2\/product"}],"about":[{"href":"https:\/\/www.bifff.net\/fr\/wp-json\/wp\/v2\/types\/product"}],"wp:featuredmedia":[{"embeddable":true,"href":"https:\/\/www.bifff.net\/fr\/wp-json\/wp\/v2\/media\/17422"}],"wp:attachment":[{"href":"https:\/\/www.bifff.net\/fr\/wp-json\/wp\/v2\/media?parent=17021"}],"wp:term":[{"taxonomy":"product_brand","embeddable":true,"href":"https:\/\/www.bifff.net\/fr\/wp-json\/wp\/v2\/product_brand?post=17021"},{"taxonomy":"product_cat","embeddable":true,"href":"https:\/\/www.bifff.net\/fr\/wp-json\/wp\/v2\/product_cat?post=17021"},{"taxonomy":"product_tag","embeddable":true,"href":"https:\/\/www.bifff.net\/fr\/wp-json\/wp\/v2\/product_tag?post=17021"},{"taxonomy":"country","embeddable":true,"href":"https:\/\/www.bifff.net\/fr\/wp-json\/wp\/v2\/country?post=17021"},{"taxonomy":"competition","embeddable":true,"href":"https:\/\/www.bifff.net\/fr\/wp-json\/wp\/v2\/competition?post=17021"},{"taxonomy":"genre","embeddable":true,"href":"https:\/\/www.bifff.net\/fr\/wp-json\/wp\/v2\/genre?post=17021"},{"taxonomy":"section","embeddable":true,"href":"https:\/\/www.bifff.net\/fr\/wp-json\/wp\/v2\/section?post=17021"}],"curies":[{"name":"wp","href":"https:\/\/api.w.org\/{rel}","templated":true}]}}