{"id":17019,"date":"2026-03-11T14:28:51","date_gmt":"2026-03-11T13:28:51","guid":{"rendered":"https:\/\/www.bifff.net\/product\/imposters-2\/"},"modified":"2026-03-16T12:17:43","modified_gmt":"2026-03-16T11:17:43","slug":"imposters-2","status":"publish","type":"product","link":"https:\/\/www.bifff.net\/fr\/produit\/imposters-2\/","title":{"rendered":"IMPOSTERS"},"content":{"rendered":"<p>Paul et Marie forment le couple id\u00e9al : une bonne situation professionnelle, une nouvelle maison dans un quartier r\u00e9sidentiel, et un p\u2019tit bout de quelques mois trop chou. Mais, lors de leur pendaison de cr\u00e9maill\u00e8re, leur p\u2019tit bout trop chou dispara\u00eet myst\u00e9rieusement\u2026 Alors que la police suit m\u00e9ticuleusement toutes les pistes, un inconnu qui n\u2019est clairement pas le couteau le plus aiguis\u00e9 du tiroir vient leur causer d\u2019une myst\u00e9rieuse grotte au fond de leur terrain. Il est pr\u00eat \u00e0 leur indiquer l\u2019endroit exact de ce trou \u00e0 la seule condition que Marie lui d\u00e9taille ce qu\u2019elle aura vu \u00e0 l\u2019int\u00e9rieur. Effray\u00e9e, dubitative, mais m\u00e8re avant tout, Marie mord \u00e0 l\u2019app\u00e2t et revient non seulement avec son fils sain et sauf, mais aussi avec un \u00e9norme trou de m\u00e9moire. Mais s\u2019agit-il r\u00e9ellement de leur p\u2019tit bout trop chou ? Si vous voulez trouver l\u2019\u00e9quivalent cinoche de l\u2019expression \u00ab drop the mic \u00bb, ne cherchez plus : c\u2019est IMPOSTERS\u2026<\/p>\n","protected":false},"excerpt":{"rendered":"<p>Paul et Marie forment le couple id\u00e9al : une bonne situation professionnelle, une nouvelle maison dans un quartier r\u00e9sidentiel, et un p\u2019tit bout de quelques mois trop chou. Mais, lors de leur pendaison de cr\u00e9maill\u00e8re, leur p\u2019tit bout trop chou dispara\u00eet myst\u00e9rieusement\u2026 Alors que la police suit m\u00e9ticuleusement toutes les pistes, un inconnu qui n\u2019est [&#8230;]\n","protected":false},"featured_media":17416,"template":"","meta":{"om_disable_all_campaigns":false,"_monsterinsights_skip_tracking":false,"_monsterinsights_sitenote_active":false,"_monsterinsights_sitenote_note":"","_monsterinsights_sitenote_category":0},"product_brand":[],"product_cat":[104],"product_tag":[],"country":[671],"competition":[428,459],"genre":[478,860],"section":[],"class_list":{"0":"post-17019","1":"product","2":"type-product","3":"status-publish","4":"has-post-thumbnail","6":"product_cat-long-metrage","7":"country-usa-fr","8":"competition-critics-fr","9":"competition-international-fr","10":"genre-horror-fr","11":"genre-science-fiction-fr","13":"first","14":"instock","15":"shipping-taxable","16":"purchasable","17":"product-type-simple"},"acf":[],"aioseo_notices":[],"_links":{"self":[{"href":"https:\/\/www.bifff.net\/fr\/wp-json\/wp\/v2\/product\/17019","targetHints":{"allow":["GET"]}}],"collection":[{"href":"https:\/\/www.bifff.net\/fr\/wp-json\/wp\/v2\/product"}],"about":[{"href":"https:\/\/www.bifff.net\/fr\/wp-json\/wp\/v2\/types\/product"}],"wp:featuredmedia":[{"embeddable":true,"href":"https:\/\/www.bifff.net\/fr\/wp-json\/wp\/v2\/media\/17416"}],"wp:attachment":[{"href":"https:\/\/www.bifff.net\/fr\/wp-json\/wp\/v2\/media?parent=17019"}],"wp:term":[{"taxonomy":"product_brand","embeddable":true,"href":"https:\/\/www.bifff.net\/fr\/wp-json\/wp\/v2\/product_brand?post=17019"},{"taxonomy":"product_cat","embeddable":true,"href":"https:\/\/www.bifff.net\/fr\/wp-json\/wp\/v2\/product_cat?post=17019"},{"taxonomy":"product_tag","embeddable":true,"href":"https:\/\/www.bifff.net\/fr\/wp-json\/wp\/v2\/product_tag?post=17019"},{"taxonomy":"country","embeddable":true,"href":"https:\/\/www.bifff.net\/fr\/wp-json\/wp\/v2\/country?post=17019"},{"taxonomy":"competition","embeddable":true,"href":"https:\/\/www.bifff.net\/fr\/wp-json\/wp\/v2\/competition?post=17019"},{"taxonomy":"genre","embeddable":true,"href":"https:\/\/www.bifff.net\/fr\/wp-json\/wp\/v2\/genre?post=17019"},{"taxonomy":"section","embeddable":true,"href":"https:\/\/www.bifff.net\/fr\/wp-json\/wp\/v2\/section?post=17019"}],"curies":[{"name":"wp","href":"https:\/\/api.w.org\/{rel}","templated":true}]}}