{"id":17017,"date":"2026-03-11T14:28:47","date_gmt":"2026-03-11T13:28:47","guid":{"rendered":"https:\/\/www.bifff.net\/product\/luger-2\/"},"modified":"2026-03-19T11:12:39","modified_gmt":"2026-03-19T10:12:39","slug":"luger-2","status":"publish","type":"product","link":"https:\/\/www.bifff.net\/fr\/produit\/luger-2\/","title":{"rendered":"LUGER"},"content":{"rendered":"<p>Vous avez des clients qui rechignent \u00e0 payer ? Un sale boulot qui risque de faire craquer des articulations \u00e0 sec ? Pas de souci : Rafa et Toni sont l\u00e0 pour vous. Ce matin, nos deux malabars ont une mission de routine commandit\u00e9e par Angela, une avocate pour cols blancs. R\u00e9cup\u00e9rer la Mustang vol\u00e9e d\u2019un certain Juan, distribuer quelques baffes au passage et se poser pour un petit cafecito bien serr\u00e9. Sauf que rien, mais absolument rien, ne va se passer comme pr\u00e9vu, et la d\u00e9couverte d\u2019un Luger planqu\u00e9 dans un coffre-fort, lui-m\u00eame pos\u00e9 dans le coffre de la fameuse bagnole va d\u00e9cha\u00eener l\u2019enfer dans le zoning\u2026 Avec sa galerie de gueules patibulaires et sadiques, son approche \u00ab coucou Guy Ritchie, hey bisous Tarantino ! \u00bb totalement assum\u00e9e, et son sc\u00e9nario \u2013 bien plus impr\u00e9visible que pr\u00e9vu \u2013 emball\u00e9 dans un montage hyper nerveux, Bruno Martin se pose comme une nouvelle entr\u00e9e au mot \u00ab cool \u00bb dans le dictionnaire !<\/p>\n","protected":false},"excerpt":{"rendered":"<p>Vous avez des clients qui rechignent \u00e0 payer ? Un sale boulot qui risque de faire craquer des articulations \u00e0 sec ? Pas de souci : Rafa et Toni sont l\u00e0 pour vous. Ce matin, nos deux malabars ont une mission de routine commandit\u00e9e par Angela, une avocate pour cols blancs. R\u00e9cup\u00e9rer la Mustang vol\u00e9e [&#8230;]\n","protected":false},"featured_media":17410,"template":"","meta":{"om_disable_all_campaigns":false,"_monsterinsights_skip_tracking":false,"_monsterinsights_sitenote_active":false,"_monsterinsights_sitenote_note":"","_monsterinsights_sitenote_category":0},"product_brand":[],"product_cat":[104],"product_tag":[],"country":[476],"competition":[695,428],"genre":[461,682,462],"section":[],"class_list":{"0":"post-17017","1":"product","2":"type-product","3":"status-publish","4":"has-post-thumbnail","6":"product_cat-long-metrage","7":"country-spain-fr","8":"competition-black-raven-fr","9":"competition-critics-fr","10":"genre-action-fr","11":"genre-road-movie-fr","12":"genre-thriller-fr","14":"first","15":"instock","16":"shipping-taxable","17":"purchasable","18":"product-type-simple"},"acf":[],"aioseo_notices":[],"_links":{"self":[{"href":"https:\/\/www.bifff.net\/fr\/wp-json\/wp\/v2\/product\/17017","targetHints":{"allow":["GET"]}}],"collection":[{"href":"https:\/\/www.bifff.net\/fr\/wp-json\/wp\/v2\/product"}],"about":[{"href":"https:\/\/www.bifff.net\/fr\/wp-json\/wp\/v2\/types\/product"}],"wp:featuredmedia":[{"embeddable":true,"href":"https:\/\/www.bifff.net\/fr\/wp-json\/wp\/v2\/media\/17410"}],"wp:attachment":[{"href":"https:\/\/www.bifff.net\/fr\/wp-json\/wp\/v2\/media?parent=17017"}],"wp:term":[{"taxonomy":"product_brand","embeddable":true,"href":"https:\/\/www.bifff.net\/fr\/wp-json\/wp\/v2\/product_brand?post=17017"},{"taxonomy":"product_cat","embeddable":true,"href":"https:\/\/www.bifff.net\/fr\/wp-json\/wp\/v2\/product_cat?post=17017"},{"taxonomy":"product_tag","embeddable":true,"href":"https:\/\/www.bifff.net\/fr\/wp-json\/wp\/v2\/product_tag?post=17017"},{"taxonomy":"country","embeddable":true,"href":"https:\/\/www.bifff.net\/fr\/wp-json\/wp\/v2\/country?post=17017"},{"taxonomy":"competition","embeddable":true,"href":"https:\/\/www.bifff.net\/fr\/wp-json\/wp\/v2\/competition?post=17017"},{"taxonomy":"genre","embeddable":true,"href":"https:\/\/www.bifff.net\/fr\/wp-json\/wp\/v2\/genre?post=17017"},{"taxonomy":"section","embeddable":true,"href":"https:\/\/www.bifff.net\/fr\/wp-json\/wp\/v2\/section?post=17017"}],"curies":[{"name":"wp","href":"https:\/\/api.w.org\/{rel}","templated":true}]}}