{"id":17014,"date":"2026-03-11T14:28:45","date_gmt":"2026-03-11T13:28:45","guid":{"rendered":"https:\/\/www.bifff.net\/product\/orfeo-2\/"},"modified":"2026-03-19T10:43:58","modified_gmt":"2026-03-19T09:43:58","slug":"orfeo-2","status":"publish","type":"product","link":"https:\/\/www.bifff.net\/fr\/produit\/orfeo-2\/","title":{"rendered":"ORFEO"},"content":{"rendered":"<p>Pianiste solitaire et m\u00e9lancolique, Orph\u00e9e tra\u00eene ses r\u00eaves dans un Milan interlope, imaginant des histoires d\u2019ailleurs pour fuir son spleen d\u2019ici. Mais un soir, alors qu\u2019il joue dans son bar f\u00e9tiche, il croise le regard d\u2019Eura. Sentiment \u00e9lectrique, visc\u00e9ral, absolu&#8230; Elle devient son obsession. Quelques jours plus tard, il l\u2019aper\u00e7oit \u00e0 nouveau, tandis qu\u2019elle franchit une petite porte sur la Via Saterna. Orph\u00e9e d\u00e9cide de la suivre. De franchir le pas. De passer de l\u2019autre c\u00f4t\u00e9, vers un monde aussi \u00e9trange que dangereux&#8230; Pr\u00e9sent\u00e9 \u00e0 la derni\u00e8re Mostra de Venise, ce cri d\u2019amour baroque et onirique au 7e art est une po\u00e9sie fi\u00e9vreuse et hallucin\u00e9e, qui convoque \u00e0 la fois Argento, Fellini, Marker ou encore \u2013 plus proche de nous \u2013 Cattet et Forzani. Bref, pr\u00e9parez-vous \u00e0 un voyage sensoriel tourn\u00e9 en 16mm, o\u00f9 la raison est tout simplement oblit\u00e9r\u00e9e par un tourbillon d\u2019\u00e9motions v\u00e9n\u00e9neuses.<\/p>\n","protected":false},"excerpt":{"rendered":"<p>Pianiste solitaire et m\u00e9lancolique, Orph\u00e9e tra\u00eene ses r\u00eaves dans un Milan interlope, imaginant des histoires d\u2019ailleurs pour fuir son spleen d\u2019ici. Mais un soir, alors qu\u2019il joue dans son bar f\u00e9tiche, il croise le regard d\u2019Eura. Sentiment \u00e9lectrique, visc\u00e9ral, absolu&#8230; Elle devient son obsession. Quelques jours plus tard, il l\u2019aper\u00e7oit \u00e0 nouveau, tandis qu\u2019elle franchit [&#8230;]\n","protected":false},"featured_media":17400,"template":"","meta":{"om_disable_all_campaigns":false,"_monsterinsights_skip_tracking":false,"_monsterinsights_sitenote_active":false,"_monsterinsights_sitenote_note":"","_monsterinsights_sitenote_category":0},"product_brand":[],"product_cat":[104],"product_tag":[],"country":[487],"competition":[427],"genre":[719],"section":[],"class_list":{"0":"post-17014","1":"product","2":"type-product","3":"status-publish","4":"has-post-thumbnail","6":"product_cat-long-metrage","7":"country-italy-fr","8":"competition-white-raven-fr","9":"genre-fantasy-fr","11":"first","12":"instock","13":"shipping-taxable","14":"purchasable","15":"product-type-simple"},"acf":[],"aioseo_notices":[],"_links":{"self":[{"href":"https:\/\/www.bifff.net\/fr\/wp-json\/wp\/v2\/product\/17014","targetHints":{"allow":["GET"]}}],"collection":[{"href":"https:\/\/www.bifff.net\/fr\/wp-json\/wp\/v2\/product"}],"about":[{"href":"https:\/\/www.bifff.net\/fr\/wp-json\/wp\/v2\/types\/product"}],"wp:featuredmedia":[{"embeddable":true,"href":"https:\/\/www.bifff.net\/fr\/wp-json\/wp\/v2\/media\/17400"}],"wp:attachment":[{"href":"https:\/\/www.bifff.net\/fr\/wp-json\/wp\/v2\/media?parent=17014"}],"wp:term":[{"taxonomy":"product_brand","embeddable":true,"href":"https:\/\/www.bifff.net\/fr\/wp-json\/wp\/v2\/product_brand?post=17014"},{"taxonomy":"product_cat","embeddable":true,"href":"https:\/\/www.bifff.net\/fr\/wp-json\/wp\/v2\/product_cat?post=17014"},{"taxonomy":"product_tag","embeddable":true,"href":"https:\/\/www.bifff.net\/fr\/wp-json\/wp\/v2\/product_tag?post=17014"},{"taxonomy":"country","embeddable":true,"href":"https:\/\/www.bifff.net\/fr\/wp-json\/wp\/v2\/country?post=17014"},{"taxonomy":"competition","embeddable":true,"href":"https:\/\/www.bifff.net\/fr\/wp-json\/wp\/v2\/competition?post=17014"},{"taxonomy":"genre","embeddable":true,"href":"https:\/\/www.bifff.net\/fr\/wp-json\/wp\/v2\/genre?post=17014"},{"taxonomy":"section","embeddable":true,"href":"https:\/\/www.bifff.net\/fr\/wp-json\/wp\/v2\/section?post=17014"}],"curies":[{"name":"wp","href":"https:\/\/api.w.org\/{rel}","templated":true}]}}