{"id":17012,"date":"2026-03-11T14:28:43","date_gmt":"2026-03-11T13:28:43","guid":{"rendered":"https:\/\/www.bifff.net\/product\/past-life-2\/"},"modified":"2026-03-19T10:30:11","modified_gmt":"2026-03-19T09:30:11","slug":"past-life-2","status":"publish","type":"product","link":"https:\/\/www.bifff.net\/fr\/produit\/past-life-2\/","title":{"rendered":"PAST LIFE"},"content":{"rendered":"<p>Apr\u00e8s un s\u00e9jour costaud dans les ge\u00f4les syriennes, Jason jongle entre son stress post-traumatique, son boulot de journaliste et Claira, sa femme et future m\u00e8re de son fils. Bien d\u00e9cid\u00e9 \u00e0 ne plus hurler en pleine nuit tout en perdant deux litres d\u2019eau \u00e0 chaque cauchemar, Jason \u2013 bien que sceptique sur ces m\u00e9thodes de rebouteux \u2013 d\u00e9cide de s\u2019essayer \u00e0 l\u2019hypnotisme pour \u00e9vacuer son foutu trauma, et devenir un p\u00e8re \u00e9quilibr\u00e9 qui arr\u00eate de voir des Talibans partout. De ce point de vue l\u00e0, la s\u00e9ance fonctionne parfaitement. Seul b\u00e9mol, il vient de d\u00e9couvrir qu\u2019il \u00e9tait un tueur en s\u00e9rie sadique dans l\u2019une de ses vies ant\u00e9rieures&#8230; Vous \u00eates friands de whodunnits sanglants ? De puzzle mentaux qui vous font sentir aussi efficaces qu\u2019un doigt d\u2019honneur dans une moufle ? H\u00e9 bien, ce nouveau thriller de Simeon Halligan est tout simplement l\u2019\u00e9quivalent cin\u00e9matographique d\u2019un redoutable page turner&#8230;<\/p>\n","protected":false},"excerpt":{"rendered":"<p>Apr\u00e8s un s\u00e9jour costaud dans les ge\u00f4les syriennes, Jason jongle entre son stress post-traumatique, son boulot de journaliste et Claira, sa femme et future m\u00e8re de son fils. Bien d\u00e9cid\u00e9 \u00e0 ne plus hurler en pleine nuit tout en perdant deux litres d\u2019eau \u00e0 chaque cauchemar, Jason \u2013 bien que sceptique sur ces m\u00e9thodes de [&#8230;]\n","protected":false},"featured_media":17394,"template":"","meta":{"om_disable_all_campaigns":false,"_monsterinsights_skip_tracking":false,"_monsterinsights_sitenote_active":false,"_monsterinsights_sitenote_note":"","_monsterinsights_sitenote_category":0},"product_brand":[],"product_cat":[104],"product_tag":[],"country":[902],"competition":[695],"genre":[719,710],"section":[],"class_list":{"0":"post-17012","1":"product","2":"type-product","3":"status-publish","4":"has-post-thumbnail","6":"product_cat-long-metrage","7":"country-uk-fr","8":"competition-black-raven-fr","9":"genre-fantasy-fr","10":"genre-mystery-fr","12":"first","13":"instock","14":"shipping-taxable","15":"purchasable","16":"product-type-simple"},"acf":[],"aioseo_notices":[],"_links":{"self":[{"href":"https:\/\/www.bifff.net\/fr\/wp-json\/wp\/v2\/product\/17012","targetHints":{"allow":["GET"]}}],"collection":[{"href":"https:\/\/www.bifff.net\/fr\/wp-json\/wp\/v2\/product"}],"about":[{"href":"https:\/\/www.bifff.net\/fr\/wp-json\/wp\/v2\/types\/product"}],"wp:featuredmedia":[{"embeddable":true,"href":"https:\/\/www.bifff.net\/fr\/wp-json\/wp\/v2\/media\/17394"}],"wp:attachment":[{"href":"https:\/\/www.bifff.net\/fr\/wp-json\/wp\/v2\/media?parent=17012"}],"wp:term":[{"taxonomy":"product_brand","embeddable":true,"href":"https:\/\/www.bifff.net\/fr\/wp-json\/wp\/v2\/product_brand?post=17012"},{"taxonomy":"product_cat","embeddable":true,"href":"https:\/\/www.bifff.net\/fr\/wp-json\/wp\/v2\/product_cat?post=17012"},{"taxonomy":"product_tag","embeddable":true,"href":"https:\/\/www.bifff.net\/fr\/wp-json\/wp\/v2\/product_tag?post=17012"},{"taxonomy":"country","embeddable":true,"href":"https:\/\/www.bifff.net\/fr\/wp-json\/wp\/v2\/country?post=17012"},{"taxonomy":"competition","embeddable":true,"href":"https:\/\/www.bifff.net\/fr\/wp-json\/wp\/v2\/competition?post=17012"},{"taxonomy":"genre","embeddable":true,"href":"https:\/\/www.bifff.net\/fr\/wp-json\/wp\/v2\/genre?post=17012"},{"taxonomy":"section","embeddable":true,"href":"https:\/\/www.bifff.net\/fr\/wp-json\/wp\/v2\/section?post=17012"}],"curies":[{"name":"wp","href":"https:\/\/api.w.org\/{rel}","templated":true}]}}