{"id":17011,"date":"2026-03-11T14:28:42","date_gmt":"2026-03-11T13:28:42","guid":{"rendered":"https:\/\/www.bifff.net\/product\/squealers-2\/"},"modified":"2026-03-18T17:48:20","modified_gmt":"2026-03-18T16:48:20","slug":"squealers-2","status":"publish","type":"product","link":"https:\/\/www.bifff.net\/fr\/produit\/squealers-2\/","title":{"rendered":"SQUEALERS (GIBIER)"},"content":{"rendered":"<p>Belin est dans la merde. Candidat \u00e0 la mairie et patron d\u2019un abattoir qui occuperait l\u2019AFSCA pendant un an, il vient d\u2019apprendre qu\u2019une bande d\u2019activistes est rentr\u00e9e par effraction dans son usine, cam\u00e9ras \u00e0 la main. Pas chaud \u00e0 l\u2019id\u00e9e de partager son secret pour transformer ses Porcinets en puzzle, il monte en urgence une escouade de bras cass\u00e9s pour retrouver les Greta vegans et les Thunberg flexitariens qui gambadent encore dans la for\u00eat. En bon politicard, il sait qu\u2019on peut toujours discuter entre gens civilis\u00e9s. Et puis, on peut difficilement confondre un jeune militant avec un chevreuil, hein ? Non ? Si ? Ah, quand m\u00eame\u2026 Apr\u00e8s VERTIGES, Abel Ferry retourne en pleine nature (toujours aussi hostile) pour un survival sanglant, o\u00f9 s\u2019affrontent l\u2019id\u00e9al utopique et la raison \u00e9conomique, avec une ambigu\u00eft\u00e9 retorse qui brouille toutes les cartes militantes. Bref un d\u00e9fouloir inclusif pour c\u00f4telettes et brocolis !<\/p>\n","protected":false},"excerpt":{"rendered":"<p>Belin est dans la merde. Candidat \u00e0 la mairie et patron d\u2019un abattoir qui occuperait l\u2019AFSCA pendant un an, il vient d\u2019apprendre qu\u2019une bande d\u2019activistes est rentr\u00e9e par effraction dans son usine, cam\u00e9ras \u00e0 la main. Pas chaud \u00e0 l\u2019id\u00e9e de partager son secret pour transformer ses Porcinets en puzzle, il monte en urgence une [&#8230;]\n","protected":false},"featured_media":17391,"template":"","meta":{"om_disable_all_campaigns":false,"_monsterinsights_skip_tracking":false,"_monsterinsights_sitenote_active":false,"_monsterinsights_sitenote_note":"","_monsterinsights_sitenote_category":0},"product_brand":[],"product_cat":[104],"product_tag":[],"country":[1063,426],"competition":[695],"genre":[461,488,462],"section":[],"class_list":{"0":"post-17011","1":"product","2":"type-product","3":"status-publish","4":"has-post-thumbnail","6":"product_cat-long-metrage","7":"country-belgium-fr","8":"country-france-fr","9":"competition-black-raven-fr","10":"genre-action-fr","11":"genre-gore-fr","12":"genre-thriller-fr","14":"first","15":"instock","16":"shipping-taxable","17":"purchasable","18":"product-type-simple"},"acf":[],"aioseo_notices":[],"_links":{"self":[{"href":"https:\/\/www.bifff.net\/fr\/wp-json\/wp\/v2\/product\/17011","targetHints":{"allow":["GET"]}}],"collection":[{"href":"https:\/\/www.bifff.net\/fr\/wp-json\/wp\/v2\/product"}],"about":[{"href":"https:\/\/www.bifff.net\/fr\/wp-json\/wp\/v2\/types\/product"}],"wp:featuredmedia":[{"embeddable":true,"href":"https:\/\/www.bifff.net\/fr\/wp-json\/wp\/v2\/media\/17391"}],"wp:attachment":[{"href":"https:\/\/www.bifff.net\/fr\/wp-json\/wp\/v2\/media?parent=17011"}],"wp:term":[{"taxonomy":"product_brand","embeddable":true,"href":"https:\/\/www.bifff.net\/fr\/wp-json\/wp\/v2\/product_brand?post=17011"},{"taxonomy":"product_cat","embeddable":true,"href":"https:\/\/www.bifff.net\/fr\/wp-json\/wp\/v2\/product_cat?post=17011"},{"taxonomy":"product_tag","embeddable":true,"href":"https:\/\/www.bifff.net\/fr\/wp-json\/wp\/v2\/product_tag?post=17011"},{"taxonomy":"country","embeddable":true,"href":"https:\/\/www.bifff.net\/fr\/wp-json\/wp\/v2\/country?post=17011"},{"taxonomy":"competition","embeddable":true,"href":"https:\/\/www.bifff.net\/fr\/wp-json\/wp\/v2\/competition?post=17011"},{"taxonomy":"genre","embeddable":true,"href":"https:\/\/www.bifff.net\/fr\/wp-json\/wp\/v2\/genre?post=17011"},{"taxonomy":"section","embeddable":true,"href":"https:\/\/www.bifff.net\/fr\/wp-json\/wp\/v2\/section?post=17011"}],"curies":[{"name":"wp","href":"https:\/\/api.w.org\/{rel}","templated":true}]}}