{"id":17009,"date":"2026-03-11T14:28:40","date_gmt":"2026-03-11T13:28:40","guid":{"rendered":"https:\/\/www.bifff.net\/product\/zhaza-2\/"},"modified":"2026-03-19T10:38:28","modified_gmt":"2026-03-19T09:38:28","slug":"zhaza-2","status":"publish","type":"product","link":"https:\/\/www.bifff.net\/fr\/produit\/zhaza-2\/","title":{"rendered":"ZHAZA"},"content":{"rendered":"<p>V\u00e9t\u00e9ran de la guerre sovi\u00e9to-afghane, Aslan est d\u00e9sormais un haut-grad\u00e9 corrompu de la police dans un bled paum\u00e9. Son sup\u00e9rieur est une enflure encore plus corrompue, et les politiciens du coin ne sont pas en reste non plus. Quand ces derniers ne violent pas les lois au quotidien, ils aiment faire des rafles parmi les jeunes nubiles du coin et se payer du bon temps en les traumatisant \u00e0 vie. Jusqu\u2019au soir o\u00f9 l\u2019une de leurs proies s\u2019av\u00e8re \u00eatre Assel, la fille unique d\u2019Aslan, venue claquer la bise \u00e0 son papounet, le temps d\u2019un weekend. Et l\u00e0, le ventru qui se faisait chier va devenir le mec qu\u2019il ne fallait pas emmerder\u2026 Recette d\u2019une claque inattendue : vous prenez LEON, THE RAID, ASSAUT, PIEGE DE CRISTAL, vous secouez tr\u00e8s fort, et vous obtenez un huis-clos survolt\u00e9 et sanglant qui va tout simplement vous d\u00e9crocher la m\u00e2choire. Pensez donc \u00e0 garder votre haleine fra\u00eeche (conseil d&rsquo;ami)&#8230;<\/p>\n","protected":false},"excerpt":{"rendered":"<p>V\u00e9t\u00e9ran de la guerre sovi\u00e9to-afghane, Aslan est d\u00e9sormais un haut-grad\u00e9 corrompu de la police dans un bled paum\u00e9. Son sup\u00e9rieur est une enflure encore plus corrompue, et les politiciens du coin ne sont pas en reste non plus. Quand ces derniers ne violent pas les lois au quotidien, ils aiment faire des rafles parmi les [&#8230;]\n","protected":false},"featured_media":17384,"template":"","meta":{"om_disable_all_campaigns":false,"_monsterinsights_skip_tracking":false,"_monsterinsights_sitenote_active":false,"_monsterinsights_sitenote_note":"","_monsterinsights_sitenote_category":0},"product_brand":[],"product_cat":[104],"product_tag":[],"country":[1205],"competition":[695],"genre":[461,488,462],"section":[],"class_list":{"0":"post-17009","1":"product","2":"type-product","3":"status-publish","4":"has-post-thumbnail","6":"product_cat-long-metrage","7":"country-kazakhstan-fr","8":"competition-black-raven-fr","9":"genre-action-fr","10":"genre-gore-fr","11":"genre-thriller-fr","13":"first","14":"instock","15":"shipping-taxable","16":"purchasable","17":"product-type-simple"},"acf":[],"aioseo_notices":[],"_links":{"self":[{"href":"https:\/\/www.bifff.net\/fr\/wp-json\/wp\/v2\/product\/17009","targetHints":{"allow":["GET"]}}],"collection":[{"href":"https:\/\/www.bifff.net\/fr\/wp-json\/wp\/v2\/product"}],"about":[{"href":"https:\/\/www.bifff.net\/fr\/wp-json\/wp\/v2\/types\/product"}],"wp:featuredmedia":[{"embeddable":true,"href":"https:\/\/www.bifff.net\/fr\/wp-json\/wp\/v2\/media\/17384"}],"wp:attachment":[{"href":"https:\/\/www.bifff.net\/fr\/wp-json\/wp\/v2\/media?parent=17009"}],"wp:term":[{"taxonomy":"product_brand","embeddable":true,"href":"https:\/\/www.bifff.net\/fr\/wp-json\/wp\/v2\/product_brand?post=17009"},{"taxonomy":"product_cat","embeddable":true,"href":"https:\/\/www.bifff.net\/fr\/wp-json\/wp\/v2\/product_cat?post=17009"},{"taxonomy":"product_tag","embeddable":true,"href":"https:\/\/www.bifff.net\/fr\/wp-json\/wp\/v2\/product_tag?post=17009"},{"taxonomy":"country","embeddable":true,"href":"https:\/\/www.bifff.net\/fr\/wp-json\/wp\/v2\/country?post=17009"},{"taxonomy":"competition","embeddable":true,"href":"https:\/\/www.bifff.net\/fr\/wp-json\/wp\/v2\/competition?post=17009"},{"taxonomy":"genre","embeddable":true,"href":"https:\/\/www.bifff.net\/fr\/wp-json\/wp\/v2\/genre?post=17009"},{"taxonomy":"section","embeddable":true,"href":"https:\/\/www.bifff.net\/fr\/wp-json\/wp\/v2\/section?post=17009"}],"curies":[{"name":"wp","href":"https:\/\/api.w.org\/{rel}","templated":true}]}}