{"id":17003,"date":"2026-03-11T14:28:35","date_gmt":"2026-03-11T13:28:35","guid":{"rendered":"https:\/\/www.bifff.net\/product\/silver-screamers-2\/"},"modified":"2026-03-16T12:18:07","modified_gmt":"2026-03-16T11:18:07","slug":"silver-screamers-2","status":"publish","type":"product","link":"https:\/\/www.bifff.net\/fr\/produit\/silver-screamers-2\/","title":{"rendered":"SILVER SCREAMERS"},"content":{"rendered":"<p>Vous avez toujours r\u00eav\u00e9 de voir votre grand-m\u00e8re aval\u00e9e par un tapis cannibale ? Ou votre grand-p\u00e8re \u00e0 moiti\u00e9 sourd jouer les preneurs de son pour un film d\u2019horreur ? H\u00e9 bien, Sean Cisterna l\u2019a fait pour vous ! Ce r\u00e9alisateur fauch\u00e9 a fait d\u2019une pierre sept coups en \u00e9cumant les maisons de retraite de l\u2019Ontario \u00e0 la recherche de main d\u2019\u0153uvre motiv\u00e9e\u2026 et gratuite. Mais, plus que \u00e7a, il a offert \u00e0 une bande de seniors l\u2019occasion d\u2019arr\u00eater d\u2019attendre dans leur mouroir, et de revivre tout simplement, le temps d\u2019une exp\u00e9rience absolument unique : tourner un court-m\u00e9trage d\u2019horreur de A \u00e0 Z ! Dans une soci\u00e9t\u00e9 qui brade le troisi\u00e8me \u00e2ge aux rayons discount de la productivit\u00e9, SILVER SCREAMERS est la plus belle r\u00e9ponse interg\u00e9n\u00e9rationnelle qui soit. Du \u00ab Feel Good \u00bb en intraveineuse, dans la droite ligne d\u2019ALIEN ON STAGE (BIFFF 2021) !<\/p>\n","protected":false},"excerpt":{"rendered":"<p>Vous avez toujours r\u00eav\u00e9 de voir votre grand-m\u00e8re aval\u00e9e par un tapis cannibale ? Ou votre grand-p\u00e8re \u00e0 moiti\u00e9 sourd jouer les preneurs de son pour un film d\u2019horreur ? H\u00e9 bien, Sean Cisterna l\u2019a fait pour vous ! Ce r\u00e9alisateur fauch\u00e9 a fait d\u2019une pierre sept coups en \u00e9cumant les maisons de retraite de [&#8230;]\n","protected":false},"featured_media":17360,"template":"","meta":{"om_disable_all_campaigns":false,"_monsterinsights_skip_tracking":false,"_monsterinsights_sitenote_active":false,"_monsterinsights_sitenote_note":"","_monsterinsights_sitenote_category":0},"product_brand":[],"product_cat":[104],"product_tag":[],"country":[874],"competition":[437],"genre":[438,478],"section":[],"class_list":{"0":"post-17003","1":"product","2":"type-product","3":"status-publish","4":"has-post-thumbnail","6":"product_cat-long-metrage","7":"country-canada-fr","8":"competition-none-fr","9":"genre-documentary-fr","10":"genre-horror-fr","12":"first","13":"instock","14":"shipping-taxable","15":"purchasable","16":"product-type-simple"},"acf":[],"aioseo_notices":[],"_links":{"self":[{"href":"https:\/\/www.bifff.net\/fr\/wp-json\/wp\/v2\/product\/17003","targetHints":{"allow":["GET"]}}],"collection":[{"href":"https:\/\/www.bifff.net\/fr\/wp-json\/wp\/v2\/product"}],"about":[{"href":"https:\/\/www.bifff.net\/fr\/wp-json\/wp\/v2\/types\/product"}],"wp:featuredmedia":[{"embeddable":true,"href":"https:\/\/www.bifff.net\/fr\/wp-json\/wp\/v2\/media\/17360"}],"wp:attachment":[{"href":"https:\/\/www.bifff.net\/fr\/wp-json\/wp\/v2\/media?parent=17003"}],"wp:term":[{"taxonomy":"product_brand","embeddable":true,"href":"https:\/\/www.bifff.net\/fr\/wp-json\/wp\/v2\/product_brand?post=17003"},{"taxonomy":"product_cat","embeddable":true,"href":"https:\/\/www.bifff.net\/fr\/wp-json\/wp\/v2\/product_cat?post=17003"},{"taxonomy":"product_tag","embeddable":true,"href":"https:\/\/www.bifff.net\/fr\/wp-json\/wp\/v2\/product_tag?post=17003"},{"taxonomy":"country","embeddable":true,"href":"https:\/\/www.bifff.net\/fr\/wp-json\/wp\/v2\/country?post=17003"},{"taxonomy":"competition","embeddable":true,"href":"https:\/\/www.bifff.net\/fr\/wp-json\/wp\/v2\/competition?post=17003"},{"taxonomy":"genre","embeddable":true,"href":"https:\/\/www.bifff.net\/fr\/wp-json\/wp\/v2\/genre?post=17003"},{"taxonomy":"section","embeddable":true,"href":"https:\/\/www.bifff.net\/fr\/wp-json\/wp\/v2\/section?post=17003"}],"curies":[{"name":"wp","href":"https:\/\/api.w.org\/{rel}","templated":true}]}}