{"id":17002,"date":"2026-03-11T14:28:34","date_gmt":"2026-03-11T13:28:34","guid":{"rendered":"https:\/\/www.bifff.net\/product\/new-group-2\/"},"modified":"2026-03-19T10:42:21","modified_gmt":"2026-03-19T09:42:21","slug":"new-group-2","status":"publish","type":"product","link":"https:\/\/www.bifff.net\/fr\/produit\/new-group-2\/","title":{"rendered":"NEW GROUP"},"content":{"rendered":"<p>Ecoli\u00e8re rebelle, Ai vomit le conformisme ambiant de ses pairs et de la soci\u00e9t\u00e9 japonaise. M\u00eames fringues, m\u00eames id\u00e9es, m\u00eames passions, z\u00e9ro individualit\u00e9. Mais, lorsque Yu rejoint sa classe, elle trouve soudainement un alli\u00e9. Yu a pass\u00e9 des ann\u00e9es \u00e0 l&rsquo;\u00e9tranger, ce qui fait de lui une sorte d&rsquo;outsider japonais, aussi rare qu&rsquo;un train qui arrive \u00e0 la gare de Shinjuku avec treize secondes de retard. Au m\u00eame moment, alors que les journaux parlent d\u2019\u00e9tranges \u00ab signaux \u00bb venus de l\u2019espace, leur \u00e9cole est soudainement victime d&rsquo;une nouvelle tendance sociale o\u00f9 les \u00e9l\u00e8ves se mettent spontan\u00e9ment \u00e0 quatre pattes pour former des pyramides humaines. D\u2019abord \u00e0 trois, puis \u00e0 trente, puis \u00e0 cent. Tout \u00e7a, sous le regard attendri des profs et des parents qui aiment les choses bien carr\u00e9es\u2026 \u00c0 l\u2019instar de son premier film, BEST REGARDS TO ALL, Y\u00fbta Shimotsu diss\u00e8que l&rsquo;horreur du conformisme extr\u00eame dans cette satire sociale.<\/p>\n","protected":false},"excerpt":{"rendered":"<p>Ecoli\u00e8re rebelle, Ai vomit le conformisme ambiant de ses pairs et de la soci\u00e9t\u00e9 japonaise. M\u00eames fringues, m\u00eames id\u00e9es, m\u00eames passions, z\u00e9ro individualit\u00e9. Mais, lorsque Yu rejoint sa classe, elle trouve soudainement un alli\u00e9. Yu a pass\u00e9 des ann\u00e9es \u00e0 l&rsquo;\u00e9tranger, ce qui fait de lui une sorte d&rsquo;outsider japonais, aussi rare qu&rsquo;un train qui [&#8230;]\n","protected":false},"featured_media":17357,"template":"","meta":{"om_disable_all_campaigns":false,"_monsterinsights_skip_tracking":false,"_monsterinsights_sitenote_active":false,"_monsterinsights_sitenote_note":"","_monsterinsights_sitenote_category":0},"product_brand":[],"product_cat":[104],"product_tag":[],"country":[716],"competition":[427],"genre":[429,1213],"section":[],"class_list":{"0":"post-17002","1":"product","2":"type-product","3":"status-publish","4":"has-post-thumbnail","6":"product_cat-long-metrage","7":"country-japan-fr","8":"competition-white-raven-fr","9":"genre-black-comedy-fr","10":"genre-dystopia-fr","12":"first","13":"instock","14":"shipping-taxable","15":"purchasable","16":"product-type-simple"},"acf":[],"aioseo_notices":[],"_links":{"self":[{"href":"https:\/\/www.bifff.net\/fr\/wp-json\/wp\/v2\/product\/17002","targetHints":{"allow":["GET"]}}],"collection":[{"href":"https:\/\/www.bifff.net\/fr\/wp-json\/wp\/v2\/product"}],"about":[{"href":"https:\/\/www.bifff.net\/fr\/wp-json\/wp\/v2\/types\/product"}],"wp:featuredmedia":[{"embeddable":true,"href":"https:\/\/www.bifff.net\/fr\/wp-json\/wp\/v2\/media\/17357"}],"wp:attachment":[{"href":"https:\/\/www.bifff.net\/fr\/wp-json\/wp\/v2\/media?parent=17002"}],"wp:term":[{"taxonomy":"product_brand","embeddable":true,"href":"https:\/\/www.bifff.net\/fr\/wp-json\/wp\/v2\/product_brand?post=17002"},{"taxonomy":"product_cat","embeddable":true,"href":"https:\/\/www.bifff.net\/fr\/wp-json\/wp\/v2\/product_cat?post=17002"},{"taxonomy":"product_tag","embeddable":true,"href":"https:\/\/www.bifff.net\/fr\/wp-json\/wp\/v2\/product_tag?post=17002"},{"taxonomy":"country","embeddable":true,"href":"https:\/\/www.bifff.net\/fr\/wp-json\/wp\/v2\/country?post=17002"},{"taxonomy":"competition","embeddable":true,"href":"https:\/\/www.bifff.net\/fr\/wp-json\/wp\/v2\/competition?post=17002"},{"taxonomy":"genre","embeddable":true,"href":"https:\/\/www.bifff.net\/fr\/wp-json\/wp\/v2\/genre?post=17002"},{"taxonomy":"section","embeddable":true,"href":"https:\/\/www.bifff.net\/fr\/wp-json\/wp\/v2\/section?post=17002"}],"curies":[{"name":"wp","href":"https:\/\/api.w.org\/{rel}","templated":true}]}}