{"id":17000,"date":"2026-03-11T14:28:32","date_gmt":"2026-03-11T13:28:32","guid":{"rendered":"https:\/\/www.bifff.net\/product\/yesterday-island-2\/"},"modified":"2026-03-19T11:30:02","modified_gmt":"2026-03-19T10:30:02","slug":"yesterday-island-2","status":"publish","type":"product","link":"https:\/\/www.bifff.net\/fr\/produit\/yesterday-island-2\/","title":{"rendered":"YESTERDAY ISLAND"},"content":{"rendered":"<p>Il est presque minuit, et Amos s&rsquo;appr\u00eate \u00e0 se coucher. Soudain, le t\u00e9l\u00e9phone sonne, et un vieil ami lui demande une grande faveur. Ce dernier se trouve sur une \u00eele isol\u00e9e o\u00f9 il dirige une station scientifique, et il a besoin de toute urgence de quelqu&rsquo;un pour le remplacer pendant une journ\u00e9e. Pourquoi pas ? Un bon bol d\u2019iode, \u00e7a fait toujours du bien, non ? Seulement voil\u00e0 : une fois sur place, notre (un peu trop) serviable Amos va d\u00e9couvrir que sur l\u2019\u00eele de Yesterday, \u00ab un jour \u00bb est un concept tr\u00e8\u00e8\u00e8\u00e8s \u00e9lastique\u2026 Vous \u00eates ceinture noire en boucles temporelles, vous regardez UN JOUR SANS FIN tous les deux f\u00e9vriers, et vous avez ador\u00e9 RIVER au BIFFF ? Alors, voici votre nouveau classique instantan\u00e9 : finaud, fun, et sc\u00e9naristiquement imparable ! On en redemande !!!<\/p>\n","protected":false},"excerpt":{"rendered":"<p>Il est presque minuit, et Amos s&rsquo;appr\u00eate \u00e0 se coucher. Soudain, le t\u00e9l\u00e9phone sonne, et un vieil ami lui demande une grande faveur. Ce dernier se trouve sur une \u00eele isol\u00e9e o\u00f9 il dirige une station scientifique, et il a besoin de toute urgence de quelqu&rsquo;un pour le remplacer pendant une journ\u00e9e. Pourquoi pas ? [&#8230;]\n","protected":false},"featured_media":17350,"template":"","meta":{"om_disable_all_campaigns":false,"_monsterinsights_skip_tracking":false,"_monsterinsights_sitenote_active":false,"_monsterinsights_sitenote_note":"","_monsterinsights_sitenote_category":0},"product_brand":[],"product_cat":[104],"product_tag":[],"country":[847],"competition":[428,427],"genre":[429,710,1193],"section":[],"class_list":{"0":"post-17000","1":"product","2":"type-product","3":"status-publish","4":"has-post-thumbnail","6":"product_cat-long-metrage","7":"country-australia-fr","8":"competition-critics-fr","9":"competition-white-raven-fr","10":"genre-black-comedy-fr","11":"genre-mystery-fr","12":"genre-time-loop-fr","14":"first","15":"instock","16":"shipping-taxable","17":"purchasable","18":"product-type-simple"},"acf":[],"aioseo_notices":[],"_links":{"self":[{"href":"https:\/\/www.bifff.net\/fr\/wp-json\/wp\/v2\/product\/17000","targetHints":{"allow":["GET"]}}],"collection":[{"href":"https:\/\/www.bifff.net\/fr\/wp-json\/wp\/v2\/product"}],"about":[{"href":"https:\/\/www.bifff.net\/fr\/wp-json\/wp\/v2\/types\/product"}],"wp:featuredmedia":[{"embeddable":true,"href":"https:\/\/www.bifff.net\/fr\/wp-json\/wp\/v2\/media\/17350"}],"wp:attachment":[{"href":"https:\/\/www.bifff.net\/fr\/wp-json\/wp\/v2\/media?parent=17000"}],"wp:term":[{"taxonomy":"product_brand","embeddable":true,"href":"https:\/\/www.bifff.net\/fr\/wp-json\/wp\/v2\/product_brand?post=17000"},{"taxonomy":"product_cat","embeddable":true,"href":"https:\/\/www.bifff.net\/fr\/wp-json\/wp\/v2\/product_cat?post=17000"},{"taxonomy":"product_tag","embeddable":true,"href":"https:\/\/www.bifff.net\/fr\/wp-json\/wp\/v2\/product_tag?post=17000"},{"taxonomy":"country","embeddable":true,"href":"https:\/\/www.bifff.net\/fr\/wp-json\/wp\/v2\/country?post=17000"},{"taxonomy":"competition","embeddable":true,"href":"https:\/\/www.bifff.net\/fr\/wp-json\/wp\/v2\/competition?post=17000"},{"taxonomy":"genre","embeddable":true,"href":"https:\/\/www.bifff.net\/fr\/wp-json\/wp\/v2\/genre?post=17000"},{"taxonomy":"section","embeddable":true,"href":"https:\/\/www.bifff.net\/fr\/wp-json\/wp\/v2\/section?post=17000"}],"curies":[{"name":"wp","href":"https:\/\/api.w.org\/{rel}","templated":true}]}}