{"id":16999,"date":"2026-03-11T14:28:32","date_gmt":"2026-03-11T13:28:32","guid":{"rendered":"https:\/\/www.bifff.net\/product\/red-mask-2\/"},"modified":"2026-03-18T13:12:47","modified_gmt":"2026-03-18T12:12:47","slug":"red-mask-2","status":"publish","type":"product","link":"https:\/\/www.bifff.net\/fr\/produit\/red-mask-2\/","title":{"rendered":"THE RED MASK"},"content":{"rendered":"<p>Allina est noire. Elle est lesbienne. Et elle est surtout la nouvelle sc\u00e9nariste de la franchise l\u00e9gendaire RED MASK. Forc\u00e9ment, les trolls du net se d\u00e9cha\u00eenent, criant au \u00ab woke qui peut \u00bb, ou en appelant plus sobrement au meurtre de cette menace sc\u00e9naristique. Fuyant cette hyst\u00e9rie num\u00e9rique, Allina se r\u00e9fugie dans une cabane-au-fond-des-bois avec sa fianc\u00e9e Deetz, o\u00f9 toutes deux se refont le sc\u00e9nario en jeu de r\u00f4les pour l\u2019affiner au cordeau. Mais vl\u00e0-t\u2019y pas qu\u2019un soir, tard, quand il fait tout noir, un couple frappe \u00e0 leur porte, affirmant qu\u2019ils ont lou\u00e9 la cabane pour le weekend\u2026 Vous croyez conna\u00eetre la suite ? Mouhahaha !!! On rigole d\u2019avance, mais on est impatients d\u2019avoir votre r\u00e9action devant l\u2019un des meilleurs slashers de ces derni\u00e8res ann\u00e9es, et sans conteste l\u2019une des meilleures exp\u00e9riences meta depuis l\u2019ind\u00e9tr\u00f4nable SCREAM. Ouais, rien que \u00e7a !<\/p>\n","protected":false},"excerpt":{"rendered":"<p>Allina est noire. Elle est lesbienne. Et elle est surtout la nouvelle sc\u00e9nariste de la franchise l\u00e9gendaire RED MASK. Forc\u00e9ment, les trolls du net se d\u00e9cha\u00eenent, criant au \u00ab woke qui peut \u00bb, ou en appelant plus sobrement au meurtre de cette menace sc\u00e9naristique. Fuyant cette hyst\u00e9rie num\u00e9rique, Allina se r\u00e9fugie dans une cabane-au-fond-des-bois avec [&#8230;]\n","protected":false},"featured_media":17347,"template":"","meta":{"om_disable_all_campaigns":false,"_monsterinsights_skip_tracking":false,"_monsterinsights_sitenote_active":false,"_monsterinsights_sitenote_note":"","_monsterinsights_sitenote_category":0},"product_brand":[],"product_cat":[104],"product_tag":[],"country":[671],"competition":[459],"genre":[429,1375,462],"section":[],"class_list":{"0":"post-16999","1":"product","2":"type-product","3":"status-publish","4":"has-post-thumbnail","6":"product_cat-long-metrage","7":"country-usa-fr","8":"competition-international-fr","9":"genre-black-comedy-fr","10":"genre-slasher-fr","11":"genre-thriller-fr","13":"first","14":"instock","15":"shipping-taxable","16":"purchasable","17":"product-type-simple"},"acf":[],"aioseo_notices":[],"_links":{"self":[{"href":"https:\/\/www.bifff.net\/fr\/wp-json\/wp\/v2\/product\/16999","targetHints":{"allow":["GET"]}}],"collection":[{"href":"https:\/\/www.bifff.net\/fr\/wp-json\/wp\/v2\/product"}],"about":[{"href":"https:\/\/www.bifff.net\/fr\/wp-json\/wp\/v2\/types\/product"}],"wp:featuredmedia":[{"embeddable":true,"href":"https:\/\/www.bifff.net\/fr\/wp-json\/wp\/v2\/media\/17347"}],"wp:attachment":[{"href":"https:\/\/www.bifff.net\/fr\/wp-json\/wp\/v2\/media?parent=16999"}],"wp:term":[{"taxonomy":"product_brand","embeddable":true,"href":"https:\/\/www.bifff.net\/fr\/wp-json\/wp\/v2\/product_brand?post=16999"},{"taxonomy":"product_cat","embeddable":true,"href":"https:\/\/www.bifff.net\/fr\/wp-json\/wp\/v2\/product_cat?post=16999"},{"taxonomy":"product_tag","embeddable":true,"href":"https:\/\/www.bifff.net\/fr\/wp-json\/wp\/v2\/product_tag?post=16999"},{"taxonomy":"country","embeddable":true,"href":"https:\/\/www.bifff.net\/fr\/wp-json\/wp\/v2\/country?post=16999"},{"taxonomy":"competition","embeddable":true,"href":"https:\/\/www.bifff.net\/fr\/wp-json\/wp\/v2\/competition?post=16999"},{"taxonomy":"genre","embeddable":true,"href":"https:\/\/www.bifff.net\/fr\/wp-json\/wp\/v2\/genre?post=16999"},{"taxonomy":"section","embeddable":true,"href":"https:\/\/www.bifff.net\/fr\/wp-json\/wp\/v2\/section?post=16999"}],"curies":[{"name":"wp","href":"https:\/\/api.w.org\/{rel}","templated":true}]}}