{"id":16998,"date":"2026-03-11T14:28:31","date_gmt":"2026-03-11T13:28:31","guid":{"rendered":"https:\/\/www.bifff.net\/product\/hold-the-fort-2\/"},"modified":"2026-03-16T12:18:16","modified_gmt":"2026-03-16T11:18:16","slug":"hold-the-fort-2","status":"publish","type":"product","link":"https:\/\/www.bifff.net\/fr\/produit\/hold-the-fort-2\/","title":{"rendered":"HOLD THE FORT"},"content":{"rendered":"<p>Lucas et Jenny sont aux anges. Ce beau petit couple vient de se payer une baraque quatre fa\u00e7ades dans un quartier idyllique et verdoyant. Pour une bouch\u00e9e de pain, en plus ! Cerise sur le g\u00e2teau, d\u00e8s le premier soir, ils sont invit\u00e9s au \u00ab clubhouse \u00bb du quartier par le syndicat des propri\u00e9taires pour f\u00eater l\u2019Equinoxe. Entre deux sandwichs au concombre, on leur explique ce qui fait le charme unique de ce coin : chaque ann\u00e9e, un portail surnaturel s\u2019ouvre dans le parc et une horde de d\u00e9mons d\u00e9barque pour bouffer du citadin. Pas de bol pour notre couple, le carnage annuel est pr\u00e9vu pour le soir m\u00eame. \u00c7a, c\u2019est du pot d\u2019accueil ! Vous voulez des sorci\u00e8res, des loups garous et des zombies en vagues d\u2019assaut fa\u00e7on CALL OF DUTY ? Vous esp\u00e9rez une vibe gore et fun digne d\u2019EVIL DEAD 2 ? N\u2019en jetez plus : le nouveau film de William Bagley exaucera tous vos souhaits de cin\u00e9phage averti !<\/p>\n","protected":false},"excerpt":{"rendered":"<p>Lucas et Jenny sont aux anges. Ce beau petit couple vient de se payer une baraque quatre fa\u00e7ades dans un quartier idyllique et verdoyant. Pour une bouch\u00e9e de pain, en plus ! Cerise sur le g\u00e2teau, d\u00e8s le premier soir, ils sont invit\u00e9s au \u00ab clubhouse \u00bb du quartier par le syndicat des propri\u00e9taires pour [&#8230;]\n","protected":false},"featured_media":17344,"template":"","meta":{"om_disable_all_campaigns":false,"_monsterinsights_skip_tracking":false,"_monsterinsights_sitenote_active":false,"_monsterinsights_sitenote_note":"","_monsterinsights_sitenote_category":0},"product_brand":[],"product_cat":[104],"product_tag":[],"country":[671],"competition":[437],"genre":[854,478],"section":[],"class_list":{"0":"post-16998","1":"product","2":"type-product","3":"status-publish","4":"has-post-thumbnail","6":"product_cat-long-metrage","7":"country-usa-fr","8":"competition-none-fr","9":"genre-comedy-fr","10":"genre-horror-fr","12":"first","13":"instock","14":"shipping-taxable","15":"purchasable","16":"product-type-simple"},"acf":[],"aioseo_notices":[],"_links":{"self":[{"href":"https:\/\/www.bifff.net\/fr\/wp-json\/wp\/v2\/product\/16998","targetHints":{"allow":["GET"]}}],"collection":[{"href":"https:\/\/www.bifff.net\/fr\/wp-json\/wp\/v2\/product"}],"about":[{"href":"https:\/\/www.bifff.net\/fr\/wp-json\/wp\/v2\/types\/product"}],"wp:featuredmedia":[{"embeddable":true,"href":"https:\/\/www.bifff.net\/fr\/wp-json\/wp\/v2\/media\/17344"}],"wp:attachment":[{"href":"https:\/\/www.bifff.net\/fr\/wp-json\/wp\/v2\/media?parent=16998"}],"wp:term":[{"taxonomy":"product_brand","embeddable":true,"href":"https:\/\/www.bifff.net\/fr\/wp-json\/wp\/v2\/product_brand?post=16998"},{"taxonomy":"product_cat","embeddable":true,"href":"https:\/\/www.bifff.net\/fr\/wp-json\/wp\/v2\/product_cat?post=16998"},{"taxonomy":"product_tag","embeddable":true,"href":"https:\/\/www.bifff.net\/fr\/wp-json\/wp\/v2\/product_tag?post=16998"},{"taxonomy":"country","embeddable":true,"href":"https:\/\/www.bifff.net\/fr\/wp-json\/wp\/v2\/country?post=16998"},{"taxonomy":"competition","embeddable":true,"href":"https:\/\/www.bifff.net\/fr\/wp-json\/wp\/v2\/competition?post=16998"},{"taxonomy":"genre","embeddable":true,"href":"https:\/\/www.bifff.net\/fr\/wp-json\/wp\/v2\/genre?post=16998"},{"taxonomy":"section","embeddable":true,"href":"https:\/\/www.bifff.net\/fr\/wp-json\/wp\/v2\/section?post=16998"}],"curies":[{"name":"wp","href":"https:\/\/api.w.org\/{rel}","templated":true}]}}